{"id":216007,"date":"2021-08-12T18:17:35","date_gmt":"2021-08-12T18:17:35","guid":{"rendered":"https:\/\/doremimusical.com.br\/2019\/?post_type=product&#038;p=216007"},"modified":"2021-08-12T18:21:33","modified_gmt":"2021-08-12T18:21:33","slug":"afinador-e-metronomo-winner","status":"publish","type":"product","link":"https:\/\/doremimusical.com.br\/2019\/produto\/afinador-e-metronomo-winner\/","title":{"rendered":"Afinador e Metronomo Winner"},"content":{"rendered":"<p>O Winner DP-30 \u00e9 a recomenda\u00e7\u00e3o que n\u00f3s da Intermezzo fazemos para voc\u00ea que busca um produto que tenha Afinador, Metr\u00f4nomo e diapas\u00e3o crom\u00e1tico 3 em 1.<\/p>\n<p>Ideal para e afina\u00e7\u00e3o de instrumentos de corda, como: Viol\u00e3o, Baixo, Guitarra, cavaco, banjo etc.<br \/>\nAfinador port\u00e1til com design moderno.<\/p>\n<p>Modo Afinador:<br \/>\nExtens\u00e3o de afina\u00e7\u00e3o: 435 e 445Hz<br \/>\nModos do afinador: Manual ou Autom\u00e1tico<\/p>\n<p>Modo Gerador de Tom:<br \/>\nExtens\u00e3o de grupos de sons crom\u00e1ticos: 2A ~ 6A<\/p>\n<p>Modo Metr\u00f4nomo:<br \/>\nExtens\u00e3o do Tempo: 30~260bpm<br \/>\nBatidas: 0 (0\/4), 1 (1\/4), 3 (3\/4), 4 (4\/4), 5 (5\/8), 6 (6\/8), 7 (7\/8), 9 (9\/8)<br \/>\nAlimenta\u00e7\u00e3o: 3v (2 pilhas AAA)<\/p>\n<p>Especifica\u00e7\u00f5es:<br \/>\n&#8211; Marca: Winner<br \/>\n&#8211; Modelo: DP30<br \/>\n&#8211; Varia\u00e7\u00e3o: de 30 e 260 bpm<br \/>\n&#8211; Acentua\u00e7\u00e3o: de 0 e 9 batidas<br \/>\n&#8211; 7 c\u00e9lulas de notas diferentes<br \/>\n&#8211; Visor LCD<br \/>\n&#8211; Microfone para afina\u00e7\u00e3o de instrumentos ac\u00fasticos<br \/>\n&#8211; Alto-falante<br \/>\n&#8211; Controle de volume<br \/>\n&#8211; Entrada P10<br \/>\n&#8211; Entrada para Fone de Ouvido<\/p>\n<p>Conte\u00fado da embalagem:<br \/>\n&#8211; Winner Afinador Digital<br \/>\n&#8211; 2 Pilhas Palito AAA<br \/>\n&#8211; 1 Captador de contato por clip<\/p>\n","protected":false},"excerpt":{"rendered":"<p><img loading=\"lazy\" class=\"alignnone size-full wp-image-213662\" src=\"https:\/\/doremimusical.com.br\/2019\/wp-content\/uploads\/2019\/11\/Winner.png\" alt=\"\" width=\"179\" height=\"83\" srcset=\"https:\/\/doremimusical.com.br\/2019\/wp-content\/uploads\/2019\/11\/Winner.png 179w, https:\/\/doremimusical.com.br\/2019\/wp-content\/uploads\/2019\/11\/Winner-150x70.png 150w\" sizes=\"(max-width: 179px) 100vw, 179px\" \/><\/p>\n","protected":false},"featured_media":216011,"template":"","meta":{"_et_pb_use_builder":"","_et_pb_old_content":"","_et_gb_content_width":""},"product_cat":[79,82,83],"product_tag":[],"_links":{"self":[{"href":"https:\/\/doremimusical.com.br\/2019\/wp-json\/wp\/v2\/product\/216007"}],"collection":[{"href":"https:\/\/doremimusical.com.br\/2019\/wp-json\/wp\/v2\/product"}],"about":[{"href":"https:\/\/doremimusical.com.br\/2019\/wp-json\/wp\/v2\/types\/product"}],"wp:featuredmedia":[{"embeddable":true,"href":"https:\/\/doremimusical.com.br\/2019\/wp-json\/wp\/v2\/media\/216011"}],"wp:attachment":[{"href":"https:\/\/doremimusical.com.br\/2019\/wp-json\/wp\/v2\/media?parent=216007"}],"wp:term":[{"taxonomy":"product_cat","embeddable":true,"href":"https:\/\/doremimusical.com.br\/2019\/wp-json\/wp\/v2\/product_cat?post=216007"},{"taxonomy":"product_tag","embeddable":true,"href":"https:\/\/doremimusical.com.br\/2019\/wp-json\/wp\/v2\/product_tag?post=216007"}],"curies":[{"name":"wp","href":"https:\/\/api.w.org\/{rel}","templated":true}]}}