{"id":215993,"date":"2021-03-05T18:59:50","date_gmt":"2021-03-05T18:59:50","guid":{"rendered":"https:\/\/doremimusical.com.br\/2019\/?post_type=product&#038;p=215993"},"modified":"2021-03-05T18:59:51","modified_gmt":"2021-03-05T18:59:51","slug":"bracadeira-custom-sound-preta","status":"publish","type":"product","link":"https:\/\/doremimusical.com.br\/2019\/produto\/bracadeira-custom-sound-preta\/","title":{"rendered":"Bra\u00e7adeira Custom Sound Preta"},"content":{"rendered":"<p>Capotraste Colors Custom Sound para Guitarra e Viol\u00e3o CT 3 BK<\/p>\n<p>Capotraste preto para guitarra ou viol\u00e3o a\u00e7o.<br \/>\nPara instrumentos de 6 a 12 cordas.<br \/>\nF\u00e1cil coloca\u00e7\u00e3o, usando apenas uma das m\u00e3os.<br \/>\nMola proporciona resist\u00eancia e for\u00e7a na coloca\u00e7\u00e3o.<br \/>\nBorracha que n\u00e3o solta res\u00edduos.<br \/>\nN\u00e3o agride o acabamento do instrumento<\/p>\n<p>&nbsp;<\/p>\n<p>Caracter\u00edsticas do Produto<\/p>\n<p>Marca: : Custom Sound<\/p>\n<p>Modelo: : CT 3 BK<\/p>\n<p>Cor: : Preto<\/p>\n","protected":false},"excerpt":{"rendered":"<p><img loading=\"lazy\" class=\"alignnone size-full wp-image-215991\" src=\"https:\/\/doremimusical.com.br\/2019\/wp-content\/uploads\/2021\/03\/Custom-Sound.png\" alt=\"\" width=\"110\" height=\"59\" \/><\/p>\n","protected":false},"featured_media":215994,"template":"","meta":{"_et_pb_use_builder":"","_et_pb_old_content":"","_et_gb_content_width":""},"product_cat":[79,82,414,589,590,545,543],"product_tag":[591],"_links":{"self":[{"href":"https:\/\/doremimusical.com.br\/2019\/wp-json\/wp\/v2\/product\/215993"}],"collection":[{"href":"https:\/\/doremimusical.com.br\/2019\/wp-json\/wp\/v2\/product"}],"about":[{"href":"https:\/\/doremimusical.com.br\/2019\/wp-json\/wp\/v2\/types\/product"}],"wp:featuredmedia":[{"embeddable":true,"href":"https:\/\/doremimusical.com.br\/2019\/wp-json\/wp\/v2\/media\/215994"}],"wp:attachment":[{"href":"https:\/\/doremimusical.com.br\/2019\/wp-json\/wp\/v2\/media?parent=215993"}],"wp:term":[{"taxonomy":"product_cat","embeddable":true,"href":"https:\/\/doremimusical.com.br\/2019\/wp-json\/wp\/v2\/product_cat?post=215993"},{"taxonomy":"product_tag","embeddable":true,"href":"https:\/\/doremimusical.com.br\/2019\/wp-json\/wp\/v2\/product_tag?post=215993"}],"curies":[{"name":"wp","href":"https:\/\/api.w.org\/{rel}","templated":true}]}}