{"id":215960,"date":"2021-02-26T18:24:33","date_gmt":"2021-02-26T18:24:33","guid":{"rendered":"https:\/\/doremimusical.com.br\/2019\/?post_type=product&#038;p=215960"},"modified":"2021-02-26T19:40:24","modified_gmt":"2021-02-26T19:40:24","slug":"fit-320-3-vias-passiva-leacs-100w-rms","status":"publish","type":"product","link":"https:\/\/doremimusical.com.br\/2019\/produto\/fit-320-3-vias-passiva-leacs-100w-rms\/","title":{"rendered":"FIT 320 3 VIAS PASSIVA LEACS \u2013 100w RMS"},"content":{"rendered":"<p>Falante 12\u2033<br \/>\nTweeter<br \/>\nCorneta<br \/>\nAl\u00e7as laterais<br \/>\nBase para encaixe de pedestal<br \/>\nConex\u00e3o IN \/ OUT<br \/>\nTela de a\u00e7o margeada com pintura ep\u00f3xi<br \/>\nDivisor de freq\u00fc\u00eancia<br \/>\nAcabamento: pintura texturizada preta ou branca<br \/>\nGabinete em madeira naval imunizada 2 x 1 : pode atuar no modo frontal ou monitor<br \/>\nP\u00e9s de borracha<\/p>\n<p><strong>Dimens\u00f5es<\/strong><br \/>\nAltura: 553 mm<br \/>\nLargura: 390 mm<br \/>\nProfundidade: 360 mm<\/p>\n<p>Peso aproximado: 9 kg<\/p>\n<p><strong>Aplica\u00e7\u00e3o<\/strong><br \/>\nLinha de caixas ac\u00fasticas passivas com visual moderno, totalmente confeccionada em CNC.<br \/>\nAs caixas da linha FIT foram projetadas para atender quaisquer necessidades desde sonoriza\u00e7\u00f5es ambiente, monitora\u00e7\u00e3o de palco e side fill<br \/>\nQualidade sonora imbat\u00edvel com o melhor custo x benef\u00edcio.<\/p>\n","protected":false},"excerpt":{"rendered":"<p><img loading=\"lazy\" class=\"alignnone  wp-image-215965\" src=\"https:\/\/doremimusical.com.br\/2019\/wp-content\/uploads\/2021\/02\/Untitled-31.png\" alt=\"\" width=\"129\" height=\"60\" srcset=\"https:\/\/doremimusical.com.br\/2019\/wp-content\/uploads\/2021\/02\/Untitled-31.png 153w, https:\/\/doremimusical.com.br\/2019\/wp-content\/uploads\/2021\/02\/Untitled-31-150x70.png 150w\" sizes=\"(max-width: 129px) 100vw, 129px\" \/><\/p>\n","protected":false},"featured_media":215949,"template":"","meta":{"_et_pb_use_builder":"","_et_pb_old_content":"","_et_gb_content_width":""},"product_cat":[79,357,583,581],"product_tag":[],"_links":{"self":[{"href":"https:\/\/doremimusical.com.br\/2019\/wp-json\/wp\/v2\/product\/215960"}],"collection":[{"href":"https:\/\/doremimusical.com.br\/2019\/wp-json\/wp\/v2\/product"}],"about":[{"href":"https:\/\/doremimusical.com.br\/2019\/wp-json\/wp\/v2\/types\/product"}],"wp:featuredmedia":[{"embeddable":true,"href":"https:\/\/doremimusical.com.br\/2019\/wp-json\/wp\/v2\/media\/215949"}],"wp:attachment":[{"href":"https:\/\/doremimusical.com.br\/2019\/wp-json\/wp\/v2\/media?parent=215960"}],"wp:term":[{"taxonomy":"product_cat","embeddable":true,"href":"https:\/\/doremimusical.com.br\/2019\/wp-json\/wp\/v2\/product_cat?post=215960"},{"taxonomy":"product_tag","embeddable":true,"href":"https:\/\/doremimusical.com.br\/2019\/wp-json\/wp\/v2\/product_tag?post=215960"}],"curies":[{"name":"wp","href":"https:\/\/api.w.org\/{rel}","templated":true}]}}