{"id":215957,"date":"2021-02-26T18:22:57","date_gmt":"2021-02-26T18:22:57","guid":{"rendered":"https:\/\/doremimusical.com.br\/2019\/?post_type=product&#038;p=215957"},"modified":"2021-02-26T19:39:50","modified_gmt":"2021-02-26T19:39:50","slug":"fit-160-3-vias-passiva-leacs-80w-rms","status":"publish","type":"product","link":"https:\/\/doremimusical.com.br\/2019\/produto\/fit-160-3-vias-passiva-leacs-80w-rms\/","title":{"rendered":"FIT 160 3 VIAS PASSIVA LEACS \u2013 80w RMS"},"content":{"rendered":"<p>Falante 10\u2033<br \/>\nTweeter<br \/>\nCorneta<br \/>\nAl\u00e7as laterais<br \/>\nBase para encaixe de pedestal<br \/>\nConex\u00e3o IN \/ OUT<br \/>\nTela de a\u00e7o margeada com pintura ep\u00f3xi<br \/>\nDivisor de freq\u00fc\u00eancia<br \/>\nAcabamento: pintura texturizada preta ou branca<br \/>\nGabinete em madeira naval imunizada 2 x 1 : pode atuar no modo frontal ou monitor<br \/>\nP\u00e9s de borracha<\/p>\n<p><strong>Dimens\u00f5es<\/strong><br \/>\nAltura: 476 mm<br \/>\nLargura: 333 mm<br \/>\nProfundidade: 336 mm<\/p>\n<p>Peso aproximado: 8 kg<\/p>\n<p><strong>Aplica\u00e7\u00e3o<\/strong><br \/>\nLinha de caixas ac\u00fasticas passivas com visual moderno, totalmente confeccionada em CNC.<br \/>\nAs caixas da linha FIT foram projetadas para atender quaisquer necessidades desde sonoriza\u00e7\u00f5es ambiente, monitora\u00e7\u00e3o de palco e side fill<br \/>\nQualidade sonora imbat\u00edvel com o melhor custo x benef\u00edcio.<\/p>\n","protected":false},"excerpt":{"rendered":"<p><img loading=\"lazy\" class=\"alignnone wp-image-215965\" src=\"https:\/\/doremimusical.com.br\/2019\/wp-content\/uploads\/2021\/02\/Untitled-31.png\" alt=\"\" width=\"134\" height=\"62\" srcset=\"https:\/\/doremimusical.com.br\/2019\/wp-content\/uploads\/2021\/02\/Untitled-31.png 153w, https:\/\/doremimusical.com.br\/2019\/wp-content\/uploads\/2021\/02\/Untitled-31-150x70.png 150w\" sizes=\"(max-width: 134px) 100vw, 134px\" \/><\/p>\n","protected":false},"featured_media":215949,"template":"","meta":{"_et_pb_use_builder":"","_et_pb_old_content":"","_et_gb_content_width":""},"product_cat":[79,357,583,581],"product_tag":[],"_links":{"self":[{"href":"https:\/\/doremimusical.com.br\/2019\/wp-json\/wp\/v2\/product\/215957"}],"collection":[{"href":"https:\/\/doremimusical.com.br\/2019\/wp-json\/wp\/v2\/product"}],"about":[{"href":"https:\/\/doremimusical.com.br\/2019\/wp-json\/wp\/v2\/types\/product"}],"wp:featuredmedia":[{"embeddable":true,"href":"https:\/\/doremimusical.com.br\/2019\/wp-json\/wp\/v2\/media\/215949"}],"wp:attachment":[{"href":"https:\/\/doremimusical.com.br\/2019\/wp-json\/wp\/v2\/media?parent=215957"}],"wp:term":[{"taxonomy":"product_cat","embeddable":true,"href":"https:\/\/doremimusical.com.br\/2019\/wp-json\/wp\/v2\/product_cat?post=215957"},{"taxonomy":"product_tag","embeddable":true,"href":"https:\/\/doremimusical.com.br\/2019\/wp-json\/wp\/v2\/product_tag?post=215957"}],"curies":[{"name":"wp","href":"https:\/\/api.w.org\/{rel}","templated":true}]}}