{"id":215953,"date":"2021-02-26T18:18:09","date_gmt":"2021-02-26T18:18:09","guid":{"rendered":"https:\/\/doremimusical.com.br\/2019\/?post_type=product&#038;p=215953"},"modified":"2021-02-26T19:38:09","modified_gmt":"2021-02-26T19:38:09","slug":"fit-550-3-vias-ativa-leacs-250w-rms","status":"publish","type":"product","link":"https:\/\/doremimusical.com.br\/2019\/produto\/fit-550-3-vias-ativa-leacs-250w-rms\/","title":{"rendered":"FIT 550 3 VIAS ATIVA LEACS \u2013 250w RMS"},"content":{"rendered":"<p>Pot\u00eancia: 250 Watts RMS 4 OHMS (1 Falante de 15\u2033, TW 80 LC050)<br \/>\nResposta de frequ\u00eancia: 60hZa 20KHZ, @ +\/- 3dB<br \/>\n\u00c4ngulo de Cobertura: 90\u00b0 Horizontal, 50\u00b0 Vertical<br \/>\nDistor\u00e7\u00e3o Harm\u00f4nica: inferior a 0,1% na pot\u00eancia nominal<br \/>\nSensibilidade: 95 db SPL @1W\/1M<br \/>\nSensibilidade de pico: 119 db SPL<br \/>\nSPL m\u00e1ximo de pico: 119 db SPL<br \/>\nAlimenta\u00e7\u00e3o: 120\/240 vac 60HZ<br \/>\nDimens\u00f5es (AXLXP): 617x467x415 mm<br \/>\nPeso: 20kg<\/p>\n","protected":false},"excerpt":{"rendered":"<p><img loading=\"lazy\" class=\"alignnone wp-image-215965\" src=\"https:\/\/doremimusical.com.br\/2019\/wp-content\/uploads\/2021\/02\/Untitled-31.png\" alt=\"\" width=\"142\" height=\"66\" srcset=\"https:\/\/doremimusical.com.br\/2019\/wp-content\/uploads\/2021\/02\/Untitled-31.png 153w, https:\/\/doremimusical.com.br\/2019\/wp-content\/uploads\/2021\/02\/Untitled-31-150x70.png 150w\" sizes=\"(max-width: 142px) 100vw, 142px\" \/><\/p>\n","protected":false},"featured_media":215949,"template":"","meta":{"_et_pb_use_builder":"","_et_pb_old_content":"","_et_gb_content_width":""},"product_cat":[79,357,572,530],"product_tag":[],"_links":{"self":[{"href":"https:\/\/doremimusical.com.br\/2019\/wp-json\/wp\/v2\/product\/215953"}],"collection":[{"href":"https:\/\/doremimusical.com.br\/2019\/wp-json\/wp\/v2\/product"}],"about":[{"href":"https:\/\/doremimusical.com.br\/2019\/wp-json\/wp\/v2\/types\/product"}],"wp:featuredmedia":[{"embeddable":true,"href":"https:\/\/doremimusical.com.br\/2019\/wp-json\/wp\/v2\/media\/215949"}],"wp:attachment":[{"href":"https:\/\/doremimusical.com.br\/2019\/wp-json\/wp\/v2\/media?parent=215953"}],"wp:term":[{"taxonomy":"product_cat","embeddable":true,"href":"https:\/\/doremimusical.com.br\/2019\/wp-json\/wp\/v2\/product_cat?post=215953"},{"taxonomy":"product_tag","embeddable":true,"href":"https:\/\/doremimusical.com.br\/2019\/wp-json\/wp\/v2\/product_tag?post=215953"}],"curies":[{"name":"wp","href":"https:\/\/api.w.org\/{rel}","templated":true}]}}