{"id":215950,"date":"2021-02-26T18:11:53","date_gmt":"2021-02-26T18:11:53","guid":{"rendered":"https:\/\/doremimusical.com.br\/2019\/?post_type=product&#038;p=215950"},"modified":"2021-02-26T19:36:48","modified_gmt":"2021-02-26T19:36:48","slug":"fit-320-3-vias-ativa-leacs-250w-rms","status":"publish","type":"product","link":"https:\/\/doremimusical.com.br\/2019\/produto\/fit-320-3-vias-ativa-leacs-250w-rms\/","title":{"rendered":"FIT 320 3 VIAS ATIVA LEACS \u2013 250w RMS"},"content":{"rendered":"<p>Compacta e vers\u00e1til, a linha FIT \u00e9 totalmente produzida em CNC e madeira naval, com componentes de alt\u00edssima qualidade, seu destaque \u00e9 o fato de poderem trabalhar como caixa frontal e monitor com um incompar\u00e1vel custo x benef\u00edcio!<\/p>\n<p><strong>Imped\u00e2ncia Nominal:<\/strong>\u00a04 Ohms<br \/>\n<strong>Pot\u00eancia Musical:<\/strong>\u00a0400 Watts<br \/>\n<strong>Pot\u00eancia RMS:<\/strong>\u00a0200 Watts<\/p>\n<table class=\"shop_attributes\">\n<tbody>\n<tr>\n<th>Peso<\/th>\n<td class=\"product_weight\">17 kg<\/td>\n<\/tr>\n<tr>\n<th>Dimens\u00f5es<\/th>\n<td class=\"product_dimensions\">36.2 x 38.8 x 55.3 cm<\/td>\n<\/tr>\n<tr>\n<th>Pot\u00eancia<\/th>\n<td>200w<\/td>\n<\/tr>\n<tr>\n<th>Imped\u00e2ncia<\/th>\n<td>8ohms<\/td>\n<\/tr>\n<\/tbody>\n<\/table>\n","protected":false},"excerpt":{"rendered":"<p><img loading=\"lazy\" class=\"alignnone  wp-image-215965\" src=\"https:\/\/doremimusical.com.br\/2019\/wp-content\/uploads\/2021\/02\/Untitled-31.png\" alt=\"\" width=\"134\" height=\"62\" srcset=\"https:\/\/doremimusical.com.br\/2019\/wp-content\/uploads\/2021\/02\/Untitled-31.png 153w, https:\/\/doremimusical.com.br\/2019\/wp-content\/uploads\/2021\/02\/Untitled-31-150x70.png 150w\" sizes=\"(max-width: 134px) 100vw, 134px\" \/><\/p>\n","protected":false},"featured_media":215949,"template":"","meta":{"_et_pb_use_builder":"","_et_pb_old_content":"","_et_gb_content_width":""},"product_cat":[79,357,583,581],"product_tag":[],"_links":{"self":[{"href":"https:\/\/doremimusical.com.br\/2019\/wp-json\/wp\/v2\/product\/215950"}],"collection":[{"href":"https:\/\/doremimusical.com.br\/2019\/wp-json\/wp\/v2\/product"}],"about":[{"href":"https:\/\/doremimusical.com.br\/2019\/wp-json\/wp\/v2\/types\/product"}],"wp:featuredmedia":[{"embeddable":true,"href":"https:\/\/doremimusical.com.br\/2019\/wp-json\/wp\/v2\/media\/215949"}],"wp:attachment":[{"href":"https:\/\/doremimusical.com.br\/2019\/wp-json\/wp\/v2\/media?parent=215950"}],"wp:term":[{"taxonomy":"product_cat","embeddable":true,"href":"https:\/\/doremimusical.com.br\/2019\/wp-json\/wp\/v2\/product_cat?post=215950"},{"taxonomy":"product_tag","embeddable":true,"href":"https:\/\/doremimusical.com.br\/2019\/wp-json\/wp\/v2\/product_tag?post=215950"}],"curies":[{"name":"wp","href":"https:\/\/api.w.org\/{rel}","templated":true}]}}