{"id":215931,"date":"2021-02-26T15:07:29","date_gmt":"2021-02-26T15:07:29","guid":{"rendered":"https:\/\/doremimusical.com.br\/2019\/?post_type=product&#038;p=215931"},"modified":"2021-02-26T19:29:40","modified_gmt":"2021-02-26T19:29:40","slug":"coluna-leacs-l8-4-ativa-500w-rms","status":"publish","type":"product","link":"https:\/\/doremimusical.com.br\/2019\/produto\/coluna-leacs-l8-4-ativa-500w-rms\/","title":{"rendered":"COLUNA LEACS L8\/4 ATIVA \u2013 500w RMS"},"content":{"rendered":"<p>POTENCIA: 500w RMS 4 OHMS (4 FALANTES DE 8\u2019\/GUIA DE ONDA E DRIVER TI 1\u2032)<br \/>\nRESPOSTA DE FREQU\u00caNCIA: 60hZ a 20kHZ, @ +\/-3DB<br \/>\n\u00c2NGULO DE COBERTURA: 100\u00b0 Horizontal, 30\u00b0 Vertical<br \/>\nDISTOR\u00c7\u00c3O HARM\u00d4NICA: Inferior a 0,1% na pot\u00eancia Nominal<br \/>\nSENSIBILIDADE: 104db SPL @1w\/1w<br \/>\nSENSIBILIDADE DE PICO: 133db SPL<br \/>\nSPL MAXIMO DE PICO: 133db SPL<br \/>\nALIMENTA\u00c7\u00c3O: 120\/240 vac 60hz<\/p>\n","protected":false},"excerpt":{"rendered":"<p><img loading=\"lazy\" class=\"alignnone  wp-image-215965\" src=\"https:\/\/doremimusical.com.br\/2019\/wp-content\/uploads\/2021\/02\/Untitled-31.png\" alt=\"\" width=\"138\" height=\"64\" srcset=\"https:\/\/doremimusical.com.br\/2019\/wp-content\/uploads\/2021\/02\/Untitled-31.png 153w, https:\/\/doremimusical.com.br\/2019\/wp-content\/uploads\/2021\/02\/Untitled-31-150x70.png 150w\" sizes=\"(max-width: 138px) 100vw, 138px\" \/><\/p>\n","protected":false},"featured_media":215929,"template":"","meta":{"_et_pb_use_builder":"","_et_pb_old_content":"","_et_gb_content_width":""},"product_cat":[79,357,583,581],"product_tag":[],"_links":{"self":[{"href":"https:\/\/doremimusical.com.br\/2019\/wp-json\/wp\/v2\/product\/215931"}],"collection":[{"href":"https:\/\/doremimusical.com.br\/2019\/wp-json\/wp\/v2\/product"}],"about":[{"href":"https:\/\/doremimusical.com.br\/2019\/wp-json\/wp\/v2\/types\/product"}],"wp:featuredmedia":[{"embeddable":true,"href":"https:\/\/doremimusical.com.br\/2019\/wp-json\/wp\/v2\/media\/215929"}],"wp:attachment":[{"href":"https:\/\/doremimusical.com.br\/2019\/wp-json\/wp\/v2\/media?parent=215931"}],"wp:term":[{"taxonomy":"product_cat","embeddable":true,"href":"https:\/\/doremimusical.com.br\/2019\/wp-json\/wp\/v2\/product_cat?post=215931"},{"taxonomy":"product_tag","embeddable":true,"href":"https:\/\/doremimusical.com.br\/2019\/wp-json\/wp\/v2\/product_tag?post=215931"}],"curies":[{"name":"wp","href":"https:\/\/api.w.org\/{rel}","templated":true}]}}