{"id":215926,"date":"2021-02-26T14:45:07","date_gmt":"2021-02-26T14:45:07","guid":{"rendered":"https:\/\/doremimusical.com.br\/2019\/?post_type=product&#038;p=215926"},"modified":"2021-02-26T19:25:13","modified_gmt":"2021-02-26T19:25:13","slug":"coluna-l8-passiva-350w-rms","status":"publish","type":"product","link":"https:\/\/doremimusical.com.br\/2019\/produto\/coluna-l8-passiva-350w-rms\/","title":{"rendered":"COLUNA LEACS L8 PASSIVA \u2013 350w RMS"},"content":{"rendered":"<p>POTENCIA: 350w RMS 8 OHMS (2 FALANTES DE 8\u2019\/GUIA DE ONDA E DRIVER TI)<br \/>\nRESPOSTA DE FREQU\u00caNCIA: 60Hz A 20kHZ, @ +\/- 3dB<br \/>\n\u00c2NGULO DE COBERTURA: 100\u00b0 Horizontal \u2013 30\u00b0 Vertical<br \/>\nDISTOR\u00c7\u00c3O HARM\u00d4NICA: Inferior a 0,1% na potencia nominal<br \/>\nSENSIBILIDADE: 104db SPL @1w\/1m<br \/>\nSENSIBILIDADE DE PICO: 131 db SPL<br \/>\nSPL MAXIMO DE PICO: 131 db SPL<br \/>\nALIMENTA\u00c7\u00c3O: 120\/240 vac 60hz (Bi-volt Autom\u00e1tico)<\/p>\n","protected":false},"excerpt":{"rendered":"<p><img loading=\"lazy\" class=\"alignnone  wp-image-215965\" src=\"https:\/\/doremimusical.com.br\/2019\/wp-content\/uploads\/2021\/02\/Untitled-31.png\" alt=\"\" width=\"140\" height=\"65\" srcset=\"https:\/\/doremimusical.com.br\/2019\/wp-content\/uploads\/2021\/02\/Untitled-31.png 153w, https:\/\/doremimusical.com.br\/2019\/wp-content\/uploads\/2021\/02\/Untitled-31-150x70.png 150w\" sizes=\"(max-width: 140px) 100vw, 140px\" \/><\/p>\n","protected":false},"featured_media":215923,"template":"","meta":{"_et_pb_use_builder":"","_et_pb_old_content":"","_et_gb_content_width":""},"product_cat":[79,357,583,581],"product_tag":[],"_links":{"self":[{"href":"https:\/\/doremimusical.com.br\/2019\/wp-json\/wp\/v2\/product\/215926"}],"collection":[{"href":"https:\/\/doremimusical.com.br\/2019\/wp-json\/wp\/v2\/product"}],"about":[{"href":"https:\/\/doremimusical.com.br\/2019\/wp-json\/wp\/v2\/types\/product"}],"wp:featuredmedia":[{"embeddable":true,"href":"https:\/\/doremimusical.com.br\/2019\/wp-json\/wp\/v2\/media\/215923"}],"wp:attachment":[{"href":"https:\/\/doremimusical.com.br\/2019\/wp-json\/wp\/v2\/media?parent=215926"}],"wp:term":[{"taxonomy":"product_cat","embeddable":true,"href":"https:\/\/doremimusical.com.br\/2019\/wp-json\/wp\/v2\/product_cat?post=215926"},{"taxonomy":"product_tag","embeddable":true,"href":"https:\/\/doremimusical.com.br\/2019\/wp-json\/wp\/v2\/product_tag?post=215926"}],"curies":[{"name":"wp","href":"https:\/\/api.w.org\/{rel}","templated":true}]}}