{"id":215904,"date":"2021-02-25T22:13:43","date_gmt":"2021-02-25T22:13:43","guid":{"rendered":"https:\/\/doremimusical.com.br\/2019\/?post_type=product&#038;p=215904"},"modified":"2021-02-25T22:17:48","modified_gmt":"2021-02-25T22:17:48","slug":"capa-bag-teclado-luxo-acolchoado-5-8-avs","status":"publish","type":"product","link":"https:\/\/doremimusical.com.br\/2019\/produto\/capa-bag-teclado-luxo-acolchoado-5-8-avs\/","title":{"rendered":"Capa Bag Teclado Luxo Acolchoado 5\/8 Avs"},"content":{"rendered":"<p>As capas e bags para instrumentos musicais AVS Bags s\u00e3o produzidas com os melhores materiais do mercado, produto de alta qualidade, sofisticado pelo menor pre\u00e7o do mercado, possui al\u00e7as para m\u00e3os &#8211; proteja com seguran\u00e7a seu instrumento musical modelo super luxo AVS Detalhes: Al\u00e7a de m\u00e3o em fita, 1 bolso para acess\u00f3rios. Especifica\u00e7\u00f5es: Tecido em nylon 600, Fotto TNT 80, Espuma 18mm, Ziper 8 para abertura lateral e Ziper 6 para abertura do bolso. MEDIDAS INTERNAS: 100 X 46 X 20 CM alguns modelos compativeis 5\/8 ex: PSR E333, E343 ,E433, E443, S650, S750 e S950, tamb\u00e9m outros modelos das marcas Roland e Casio. dependendo do modelo pode haver sobra no espa\u00e7o interno do bag<\/p>\n","protected":false},"excerpt":{"rendered":"<p><img loading=\"lazy\" class=\"alignnone wp-image-215892\" src=\"https:\/\/doremimusical.com.br\/2019\/wp-content\/uploads\/2021\/02\/Untitled-8-2.png\" alt=\"\" width=\"140\" height=\"39\" srcset=\"https:\/\/doremimusical.com.br\/2019\/wp-content\/uploads\/2021\/02\/Untitled-8-2.png 104w, https:\/\/doremimusical.com.br\/2019\/wp-content\/uploads\/2021\/02\/Untitled-8-2-100x29.png 100w\" sizes=\"(max-width: 140px) 100vw, 140px\" \/><\/p>\n","protected":false},"featured_media":215905,"template":"","meta":{"_et_pb_use_builder":"","_et_pb_old_content":"","_et_gb_content_width":""},"product_cat":[79,82,586,585],"product_tag":[],"_links":{"self":[{"href":"https:\/\/doremimusical.com.br\/2019\/wp-json\/wp\/v2\/product\/215904"}],"collection":[{"href":"https:\/\/doremimusical.com.br\/2019\/wp-json\/wp\/v2\/product"}],"about":[{"href":"https:\/\/doremimusical.com.br\/2019\/wp-json\/wp\/v2\/types\/product"}],"wp:featuredmedia":[{"embeddable":true,"href":"https:\/\/doremimusical.com.br\/2019\/wp-json\/wp\/v2\/media\/215905"}],"wp:attachment":[{"href":"https:\/\/doremimusical.com.br\/2019\/wp-json\/wp\/v2\/media?parent=215904"}],"wp:term":[{"taxonomy":"product_cat","embeddable":true,"href":"https:\/\/doremimusical.com.br\/2019\/wp-json\/wp\/v2\/product_cat?post=215904"},{"taxonomy":"product_tag","embeddable":true,"href":"https:\/\/doremimusical.com.br\/2019\/wp-json\/wp\/v2\/product_tag?post=215904"}],"curies":[{"name":"wp","href":"https:\/\/api.w.org\/{rel}","templated":true}]}}