{"id":215895,"date":"2021-02-25T21:52:58","date_gmt":"2021-02-25T21:52:58","guid":{"rendered":"https:\/\/doremimusical.com.br\/2019\/?post_type=product&#038;p=215895"},"modified":"2021-02-25T21:52:58","modified_gmt":"2021-02-25T21:52:58","slug":"capa-bag-para-contra-baixo-avs-ch200","status":"publish","type":"product","link":"https:\/\/doremimusical.com.br\/2019\/produto\/capa-bag-para-contra-baixo-avs-ch200\/","title":{"rendered":"Capa Bag Para Contra Baixo Avs Ch200"},"content":{"rendered":"<p>CAPA PARA CONTRABAIXO AVS CH200<\/p>\n<p>DESCRI\u00c7\u00c3O:<\/p>\n<p>COMPAT\u00cdVEL COM: CONTRABAIXO<\/p>\n<p>Modelo: CH200<\/p>\n<p>Detalhes: Al\u00e7a de costa dupla almofadada, al\u00e7a de m\u00e3o pl\u00e1stica, 2 bolsos para acess\u00f3rios, design teen, porta-cart\u00e3o, protetor de roldana.<\/p>\n<p>Especifica\u00e7\u00f5es: Tecido nylon 600, forro nylon 70 resinado, espuma de 27mm, ziper 10 para abertura lateral e ziper 6 para abertura do bolso.<\/p>\n<p>Dimens\u00f5es:<br \/>\nComprimento: 123 cm<br \/>\nLargura: 44 cm<\/p>\n","protected":false},"excerpt":{"rendered":"<p><img loading=\"lazy\" class=\"alignnone  wp-image-215892\" src=\"https:\/\/doremimusical.com.br\/2019\/wp-content\/uploads\/2021\/02\/Untitled-8-2.png\" alt=\"\" width=\"126\" height=\"35\" srcset=\"https:\/\/doremimusical.com.br\/2019\/wp-content\/uploads\/2021\/02\/Untitled-8-2.png 104w, https:\/\/doremimusical.com.br\/2019\/wp-content\/uploads\/2021\/02\/Untitled-8-2-100x29.png 100w\" sizes=\"(max-width: 126px) 100vw, 126px\" \/><\/p>\n","protected":false},"featured_media":215896,"template":"","meta":{"_et_pb_use_builder":"","_et_pb_old_content":"","_et_gb_content_width":""},"product_cat":[79,82,586,585],"product_tag":[],"_links":{"self":[{"href":"https:\/\/doremimusical.com.br\/2019\/wp-json\/wp\/v2\/product\/215895"}],"collection":[{"href":"https:\/\/doremimusical.com.br\/2019\/wp-json\/wp\/v2\/product"}],"about":[{"href":"https:\/\/doremimusical.com.br\/2019\/wp-json\/wp\/v2\/types\/product"}],"wp:featuredmedia":[{"embeddable":true,"href":"https:\/\/doremimusical.com.br\/2019\/wp-json\/wp\/v2\/media\/215896"}],"wp:attachment":[{"href":"https:\/\/doremimusical.com.br\/2019\/wp-json\/wp\/v2\/media?parent=215895"}],"wp:term":[{"taxonomy":"product_cat","embeddable":true,"href":"https:\/\/doremimusical.com.br\/2019\/wp-json\/wp\/v2\/product_cat?post=215895"},{"taxonomy":"product_tag","embeddable":true,"href":"https:\/\/doremimusical.com.br\/2019\/wp-json\/wp\/v2\/product_tag?post=215895"}],"curies":[{"name":"wp","href":"https:\/\/api.w.org\/{rel}","templated":true}]}}