{"id":215890,"date":"2021-02-25T21:41:29","date_gmt":"2021-02-25T21:41:29","guid":{"rendered":"https:\/\/doremimusical.com.br\/2019\/?post_type=product&#038;p=215890"},"modified":"2021-02-25T21:41:30","modified_gmt":"2021-02-25T21:41:30","slug":"bag-para-violao-folk-ch200-bcgmm-20-sp-avs-bags","status":"publish","type":"product","link":"https:\/\/doremimusical.com.br\/2019\/produto\/bag-para-violao-folk-ch200-bcgmm-20-sp-avs-bags\/","title":{"rendered":"Bag Para Viol\u00e3o Folk CH200 BCGMM-20 sp &#8211; avs Bags"},"content":{"rendered":"<p><span style=\"font-family: 'Helvetica Neue', Helvetica, Arial, sans-serif;\">Folk CH200<\/span><br style=\"box-sizing: border-box; font-family: 'Helvetica Neue', Helvetica, Arial, sans-serif;\" \/><span style=\"font-family: 'Helvetica Neue', Helvetica, Arial, sans-serif;\">avs Bags &#8211; Bag Para Viol\u00e3o Folk CH200 BCGMM20SP<\/span><br style=\"box-sizing: border-box; font-family: 'Helvetica Neue', Helvetica, Arial, sans-serif;\" \/><span style=\"font-family: 'Helvetica Neue', Helvetica, Arial, sans-serif;\">Compat\u00edvel com: Viol\u00e3o Folk<\/span><br style=\"box-sizing: border-box; font-family: 'Helvetica Neue', Helvetica, Arial, sans-serif;\" \/><span style=\"font-family: 'Helvetica Neue', Helvetica, Arial, sans-serif;\">Detalhes: Al\u00e7a de costa dupla almofadada, al\u00e7a de m\u00e3o pl\u00e1stica, 2 bolsos para acess\u00f3rios, design teen, porta-cart\u00e3o, protetor de roldana.<\/span><br style=\"box-sizing: border-box; font-family: 'Helvetica Neue', Helvetica, Arial, sans-serif;\" \/><span style=\"font-family: 'Helvetica Neue', Helvetica, Arial, sans-serif;\">Especifica\u00e7\u00f5es: Tecido nylon 600, forro nylon 70 resinado, espuma de 27mm, ziper 10 para abertura lateral e ziper 6 para abertura do bolso.<\/span><\/p>\n","protected":false},"excerpt":{"rendered":"<p><img loading=\"lazy\" class=\"alignnone  wp-image-215892\" src=\"https:\/\/doremimusical.com.br\/2019\/wp-content\/uploads\/2021\/02\/Untitled-8-2.png\" alt=\"\" width=\"129\" height=\"36\" srcset=\"https:\/\/doremimusical.com.br\/2019\/wp-content\/uploads\/2021\/02\/Untitled-8-2.png 104w, https:\/\/doremimusical.com.br\/2019\/wp-content\/uploads\/2021\/02\/Untitled-8-2-100x29.png 100w\" sizes=\"(max-width: 129px) 100vw, 129px\" \/><\/p>\n","protected":false},"featured_media":215891,"template":"","meta":{"_et_pb_use_builder":"","_et_pb_old_content":"","_et_gb_content_width":""},"product_cat":[79,82,586,585],"product_tag":[],"_links":{"self":[{"href":"https:\/\/doremimusical.com.br\/2019\/wp-json\/wp\/v2\/product\/215890"}],"collection":[{"href":"https:\/\/doremimusical.com.br\/2019\/wp-json\/wp\/v2\/product"}],"about":[{"href":"https:\/\/doremimusical.com.br\/2019\/wp-json\/wp\/v2\/types\/product"}],"wp:featuredmedia":[{"embeddable":true,"href":"https:\/\/doremimusical.com.br\/2019\/wp-json\/wp\/v2\/media\/215891"}],"wp:attachment":[{"href":"https:\/\/doremimusical.com.br\/2019\/wp-json\/wp\/v2\/media?parent=215890"}],"wp:term":[{"taxonomy":"product_cat","embeddable":true,"href":"https:\/\/doremimusical.com.br\/2019\/wp-json\/wp\/v2\/product_cat?post=215890"},{"taxonomy":"product_tag","embeddable":true,"href":"https:\/\/doremimusical.com.br\/2019\/wp-json\/wp\/v2\/product_tag?post=215890"}],"curies":[{"name":"wp","href":"https:\/\/api.w.org\/{rel}","templated":true}]}}