{"id":215877,"date":"2021-02-25T18:48:03","date_gmt":"2021-02-25T18:48:03","guid":{"rendered":"https:\/\/doremimusical.com.br\/2019\/?post_type=product&#038;p=215877"},"modified":"2021-02-26T19:22:23","modified_gmt":"2021-02-26T19:22:23","slug":"sub-sli-invoked-15-passivo-350w-rms","status":"publish","type":"product","link":"https:\/\/doremimusical.com.br\/2019\/produto\/sub-sli-invoked-15-passivo-350w-rms\/","title":{"rendered":"SUB SLI INVOKED 15 PASSIVO \u2013 350w RMS"},"content":{"rendered":"<p>Pot\u00eancia: 350 Watts RMS 8 OHMS (1 Falante de 15\u201d Leac\u2019s)<br \/>\nPot\u00eancia: 400 Watts RMS 8 OHMS (1 Falante de 15\u201d JBL)<br \/>\nResposta de frequ\u00eancia:\u00a0 35hZ\u00a0 a\u00a0 480hZ,\u00a0 @\u00a0 +\/-\u00a0 3dB<br \/>\n\u00c2ngulo de Cobertura: 180\u00b0<br \/>\nDistor\u00e7\u00e3o Harm\u00f4nica: inferior a 0,05% na pot\u00eancia nominal<br \/>\nSensibilidade: 97\u00a0\u00a0\u00a0\u00a0\u00a0 db\u00a0\u00a0\u00a0\u00a0\u00a0 SPL\u00a0\u00a0\u00a0\u00a0\u00a0\u00a0 @1W\/1M<br \/>\nSensibilidade de pico: 125 db\u00a0 SPL<br \/>\nSPL m\u00e1ximo de pico: 125 db SPL<br \/>\nDimens\u00f5es (AxLxP):\u00a0\u00a0\u00a0\u00a0\u00a0\u00a0 540x440x620mm<br \/>\nConex\u00f5es:\u00a0 2\u00a0 Speakons\u00a0 4\u00a0 polos\u00a0 paralelo\u00a0\u00a0 (-1\u00a0\u00a0 +1)<br \/>\nPeso: 25kg<\/p>\n<p>&nbsp;<\/p>\n","protected":false},"excerpt":{"rendered":"<p><img loading=\"lazy\" class=\"alignnone wp-image-215965\" src=\"https:\/\/doremimusical.com.br\/2019\/wp-content\/uploads\/2021\/02\/Untitled-31.png\" alt=\"\" width=\"129\" height=\"60\" srcset=\"https:\/\/doremimusical.com.br\/2019\/wp-content\/uploads\/2021\/02\/Untitled-31.png 153w, https:\/\/doremimusical.com.br\/2019\/wp-content\/uploads\/2021\/02\/Untitled-31-150x70.png 150w\" sizes=\"(max-width: 129px) 100vw, 129px\" \/><\/p>\n","protected":false},"featured_media":215874,"template":"","meta":{"_et_pb_use_builder":"","_et_pb_old_content":"","_et_gb_content_width":""},"product_cat":[79,357,583,581],"product_tag":[],"_links":{"self":[{"href":"https:\/\/doremimusical.com.br\/2019\/wp-json\/wp\/v2\/product\/215877"}],"collection":[{"href":"https:\/\/doremimusical.com.br\/2019\/wp-json\/wp\/v2\/product"}],"about":[{"href":"https:\/\/doremimusical.com.br\/2019\/wp-json\/wp\/v2\/types\/product"}],"wp:featuredmedia":[{"embeddable":true,"href":"https:\/\/doremimusical.com.br\/2019\/wp-json\/wp\/v2\/media\/215874"}],"wp:attachment":[{"href":"https:\/\/doremimusical.com.br\/2019\/wp-json\/wp\/v2\/media?parent=215877"}],"wp:term":[{"taxonomy":"product_cat","embeddable":true,"href":"https:\/\/doremimusical.com.br\/2019\/wp-json\/wp\/v2\/product_cat?post=215877"},{"taxonomy":"product_tag","embeddable":true,"href":"https:\/\/doremimusical.com.br\/2019\/wp-json\/wp\/v2\/product_tag?post=215877"}],"curies":[{"name":"wp","href":"https:\/\/api.w.org\/{rel}","templated":true}]}}