{"id":215873,"date":"2021-02-25T18:44:54","date_gmt":"2021-02-25T18:44:54","guid":{"rendered":"https:\/\/doremimusical.com.br\/2019\/?post_type=product&#038;p=215873"},"modified":"2021-02-26T19:16:38","modified_gmt":"2021-02-26T19:16:38","slug":"sub-sli-invoked-15-ativo-600w-rms","status":"publish","type":"product","link":"https:\/\/doremimusical.com.br\/2019\/produto\/sub-sli-invoked-15-ativo-600w-rms\/","title":{"rendered":"SUB SLI INVOKED 15 ATIVO \u2013 600w RMS"},"content":{"rendered":"<p>Pot\u00eancia: 600 Watts RMS 4 OHMS (1 Falante de 15\u201d Leac\u2019s)<br \/>\nPot\u00eancia: 700 Watts RMS 4 OHMS (1 Falante de 15\u201d JBL)<br \/>\nResposta de frequ\u00eancia:\u00a0 35hZ\u00a0 a\u00a0 480hZ,\u00a0 @\u00a0 +\/-\u00a0 3dB<br \/>\n\u00c2ngulo de Cobertura: 180\u00b0<br \/>\nDistor\u00e7\u00e3o Harm\u00f4nica: inferior a 0,05% na pot\u00eancia nominal<br \/>\nSensibilidade: 97 db SPL\u00a0\u00a0\u00a0\u00a0\u00a0\u00a0 @1W\/1M<br \/>\nSensibilidade de pico: 125 db SPL<br \/>\nSPL m\u00e1ximo de pico: 125 db SPL<br \/>\nAlimenta\u00e7\u00e3o: Bi-volt Autom\u00e1tico<br \/>\nDimens\u00f5es (AxLxP): 540x440x620 mm<br \/>\nPeso: 33kg<\/p>\n","protected":false},"excerpt":{"rendered":"<p><img loading=\"lazy\" class=\"alignnone  wp-image-215965\" src=\"https:\/\/doremimusical.com.br\/2019\/wp-content\/uploads\/2021\/02\/Untitled-31.png\" alt=\"\" width=\"119\" height=\"55\" srcset=\"https:\/\/doremimusical.com.br\/2019\/wp-content\/uploads\/2021\/02\/Untitled-31.png 153w, https:\/\/doremimusical.com.br\/2019\/wp-content\/uploads\/2021\/02\/Untitled-31-150x70.png 150w\" sizes=\"(max-width: 119px) 100vw, 119px\" \/><\/p>\n","protected":false},"featured_media":215874,"template":"","meta":{"_et_pb_use_builder":"","_et_pb_old_content":"","_et_gb_content_width":""},"product_cat":[79,357,583,581],"product_tag":[],"_links":{"self":[{"href":"https:\/\/doremimusical.com.br\/2019\/wp-json\/wp\/v2\/product\/215873"}],"collection":[{"href":"https:\/\/doremimusical.com.br\/2019\/wp-json\/wp\/v2\/product"}],"about":[{"href":"https:\/\/doremimusical.com.br\/2019\/wp-json\/wp\/v2\/types\/product"}],"wp:featuredmedia":[{"embeddable":true,"href":"https:\/\/doremimusical.com.br\/2019\/wp-json\/wp\/v2\/media\/215874"}],"wp:attachment":[{"href":"https:\/\/doremimusical.com.br\/2019\/wp-json\/wp\/v2\/media?parent=215873"}],"wp:term":[{"taxonomy":"product_cat","embeddable":true,"href":"https:\/\/doremimusical.com.br\/2019\/wp-json\/wp\/v2\/product_cat?post=215873"},{"taxonomy":"product_tag","embeddable":true,"href":"https:\/\/doremimusical.com.br\/2019\/wp-json\/wp\/v2\/product_tag?post=215873"}],"curies":[{"name":"wp","href":"https:\/\/api.w.org\/{rel}","templated":true}]}}