{"id":215867,"date":"2021-02-25T18:16:45","date_gmt":"2021-02-25T18:16:45","guid":{"rendered":"https:\/\/doremimusical.com.br\/2019\/?post_type=product&#038;p=215867"},"modified":"2021-02-26T18:48:40","modified_gmt":"2021-02-26T18:48:40","slug":"caixa-acustica-turbox-tba1500-passiva-falante-jbl","status":"publish","type":"product","link":"https:\/\/doremimusical.com.br\/2019\/produto\/caixa-acustica-turbox-tba1500-passiva-falante-jbl\/","title":{"rendered":"Caixa Ac\u00fastica Turbox Tba1500 Passiva Falante Jbl"},"content":{"rendered":"<p>Especifica\u00e7\u00f5es t\u00e9cnicas:<br \/>\n* Pot\u00eancia em 8 ohms: 200 Watts RMS<br \/>\n* Resposta de freq\u00fc\u00eancia @-3db: de 50Hz a 20KHz<\/p>\n<p>Especifica\u00e7\u00f5es ac\u00fasticas:<br \/>\n* Sensibilidade: 95db spl @ 1W\/1m<br \/>\n* M\u00e1ximo spl: 112 db spl<br \/>\n* Spl m\u00e1ximo de pico:118 db spl<br \/>\n* \u00c2ngulo de cobertura: 90\u00b0 horizontal, 50\u00b0 vertical<br \/>\n* Woofer 15? JBL<br \/>\n* Driver tit\u00e2nio garganta de 1?<\/p>\n<p>Recursos:<br \/>\n* SPEAK ON IN\/OUT<br \/>\n* valor de uma unidade*<\/p>\n","protected":false},"excerpt":{"rendered":"<p><img loading=\"lazy\" class=\"alignnone size-full wp-image-215963\" src=\"https:\/\/doremimusical.com.br\/2019\/wp-content\/uploads\/2021\/02\/Untitled-28.png\" alt=\"\" width=\"97\" height=\"83\" \/><\/p>\n","protected":false},"featured_media":215865,"template":"","meta":{"_et_pb_use_builder":"","_et_pb_old_content":"","_et_gb_content_width":""},"product_cat":[79,357,581,582],"product_tag":[],"_links":{"self":[{"href":"https:\/\/doremimusical.com.br\/2019\/wp-json\/wp\/v2\/product\/215867"}],"collection":[{"href":"https:\/\/doremimusical.com.br\/2019\/wp-json\/wp\/v2\/product"}],"about":[{"href":"https:\/\/doremimusical.com.br\/2019\/wp-json\/wp\/v2\/types\/product"}],"wp:featuredmedia":[{"embeddable":true,"href":"https:\/\/doremimusical.com.br\/2019\/wp-json\/wp\/v2\/media\/215865"}],"wp:attachment":[{"href":"https:\/\/doremimusical.com.br\/2019\/wp-json\/wp\/v2\/media?parent=215867"}],"wp:term":[{"taxonomy":"product_cat","embeddable":true,"href":"https:\/\/doremimusical.com.br\/2019\/wp-json\/wp\/v2\/product_cat?post=215867"},{"taxonomy":"product_tag","embeddable":true,"href":"https:\/\/doremimusical.com.br\/2019\/wp-json\/wp\/v2\/product_tag?post=215867"}],"curies":[{"name":"wp","href":"https:\/\/api.w.org\/{rel}","templated":true}]}}