{"id":215856,"date":"2021-02-23T21:26:22","date_gmt":"2021-02-23T21:26:22","guid":{"rendered":"https:\/\/doremimusical.com.br\/2019\/?post_type=product&#038;p=215856"},"modified":"2021-02-23T21:26:22","modified_gmt":"2021-02-23T21:26:22","slug":"amplificador-para-baixo-impact-bass-150w-rms-cb150-borne","status":"publish","type":"product","link":"https:\/\/doremimusical.com.br\/2019\/produto\/amplificador-para-baixo-impact-bass-150w-rms-cb150-borne\/","title":{"rendered":"Amplificador Para Baixo Impact Bass 150w Rms Cb150 Borne"},"content":{"rendered":"<p>A Linha De Amplificador Para Contra-Baixo Impact Bass Cb150 Possui Entrada Para Baixo Ativo Ou Passivo Independentes, Alto-Falante De 12, Pot\u00eancia De Sa\u00edda De 150w Rms E Sa\u00edda De Linha E Direct Out Balanceado. Constru\u00e7\u00e3o Robusta E Grade Resistente, Garantindo Sua Maior Durabilidade, Prote\u00e7\u00e3o E Mobilidade. O Design Do Gabinete Permite Sua Utiliza\u00e7\u00e3o Na Posi\u00e7\u00e3o Inclinada, Servindo Como Retorno.<\/p>\n<p>Tipo: Amplificador Para Baixo<br \/>\nSensibilidade De Entrada: 170mv<br \/>\nAlto-Falante: 12 &#8211; 8 Ohms, Espec\u00edfico Para Contra-Baixo<br \/>\nTweeter: Fen\u00f3lico Para Real\u00e7ar Os Agudos<br \/>\nPot\u00eancia: 150w Rms<br \/>\nEntrada: Para Contra-Baixo Ativo Ou Passivo Independentes<br \/>\nSa\u00edda Direct Out: Balanceada<br \/>\nSa\u00edda De Linha: Sim<br \/>\nProte\u00e7\u00e3o: Sim, Prote\u00e7\u00e3o T\u00e9rmica Do Circuito De Amplifica\u00e7\u00e3o<br \/>\nEqualiza\u00e7\u00e3o: Ganho, Grave, M\u00e9dio, Agudo E Master<br \/>\nAcabamento: Curvim Preto<br \/>\nDesign Do Gabinete: Pode Ser Utilizado Na Vertical Ou Inclinado<br \/>\nGrade De A\u00e7o: Para Prote\u00e7\u00e3o Do Alto-Falante E Tweeter<br \/>\nAlimenta\u00e7\u00e3o: 110v\/220v<br \/>\nAcompanha: 1 Cabo Ac De Energia, 1 Manual<\/p>\n<p>Marca: Borne<br \/>\nConte\u00fado Da Embalagem: &#8211; 01 Amplificador Para Baixo<br \/>\nDimens\u00f5es Aproximadas Do Produto: 48 X 42 X 36 Cm<br \/>\nDimens\u00f5es Aproximadas Da Embalagem: 67 X 56 X 49 Cm<br \/>\nPeso Aproximado Do Produto: 20 Kg<br \/>\nPeso Aproximado Da Embalagem: 31 Kg<br \/>\nGarantia Do Fornecedor: 12 Meses<br \/>\nInforma\u00e7\u00f5es Adicionais: Para Baixo Ativo Ou Passivo<br \/>\nC\u00f3digo De Barras: 7026536171529<\/p>\n","protected":false},"excerpt":{"rendered":"<p><img loading=\"lazy\" class=\"alignnone size-medium wp-image-215825\" src=\"https:\/\/doremimusical.com.br\/2019\/wp-content\/uploads\/2021\/02\/bone-4-300x300.png\" alt=\"\" width=\"300\" height=\"300\" srcset=\"https:\/\/doremimusical.com.br\/2019\/wp-content\/uploads\/2021\/02\/bone-4-300x300.png 300w, https:\/\/doremimusical.com.br\/2019\/wp-content\/uploads\/2021\/02\/bone-4-400x400.png 400w, https:\/\/doremimusical.com.br\/2019\/wp-content\/uploads\/2021\/02\/bone-4-100x100.png 100w, https:\/\/doremimusical.com.br\/2019\/wp-content\/uploads\/2021\/02\/bone-4-510x510.png 510w, https:\/\/doremimusical.com.br\/2019\/wp-content\/uploads\/2021\/02\/bone-4-150x150.png 150w, https:\/\/doremimusical.com.br\/2019\/wp-content\/uploads\/2021\/02\/bone-4-768x768.png 768w, https:\/\/doremimusical.com.br\/2019\/wp-content\/uploads\/2021\/02\/bone-4.png 900w\" sizes=\"(max-width: 300px) 100vw, 300px\" \/><\/p>\n","protected":false},"featured_media":215857,"template":"","meta":{"_et_pb_use_builder":"","_et_pb_old_content":"","_et_gb_content_width":""},"product_cat":[79,357,580,527],"product_tag":[],"_links":{"self":[{"href":"https:\/\/doremimusical.com.br\/2019\/wp-json\/wp\/v2\/product\/215856"}],"collection":[{"href":"https:\/\/doremimusical.com.br\/2019\/wp-json\/wp\/v2\/product"}],"about":[{"href":"https:\/\/doremimusical.com.br\/2019\/wp-json\/wp\/v2\/types\/product"}],"wp:featuredmedia":[{"embeddable":true,"href":"https:\/\/doremimusical.com.br\/2019\/wp-json\/wp\/v2\/media\/215857"}],"wp:attachment":[{"href":"https:\/\/doremimusical.com.br\/2019\/wp-json\/wp\/v2\/media?parent=215856"}],"wp:term":[{"taxonomy":"product_cat","embeddable":true,"href":"https:\/\/doremimusical.com.br\/2019\/wp-json\/wp\/v2\/product_cat?post=215856"},{"taxonomy":"product_tag","embeddable":true,"href":"https:\/\/doremimusical.com.br\/2019\/wp-json\/wp\/v2\/product_tag?post=215856"}],"curies":[{"name":"wp","href":"https:\/\/api.w.org\/{rel}","templated":true}]}}