{"id":215846,"date":"2021-02-23T21:11:37","date_gmt":"2021-02-23T21:11:37","guid":{"rendered":"https:\/\/doremimusical.com.br\/2019\/?post_type=product&#038;p=215846"},"modified":"2021-02-23T21:11:37","modified_gmt":"2021-02-23T21:11:37","slug":"amplificador-borne-baixo-impact-bass-cb80","status":"publish","type":"product","link":"https:\/\/doremimusical.com.br\/2019\/produto\/amplificador-borne-baixo-impact-bass-cb80\/","title":{"rendered":"Amplificador Borne Baixo Impact Bass Cb80"},"content":{"rendered":"<p style=\"text-align: center;\">A linha de amplificador para contra-baixo Impact Bass CB80 possui 2 entradas (ativo e passivo), alto-falante de 8\u201d, pot\u00eancia de sa\u00edda de 30w RMS, sa\u00edda para fone de ouvido e entrada auxiliar para conectar sua m\u00fasica preferida ?atrav\u00e9s de seu iPhone, iPod, celular, notebook, etc. O design do gabinete permite sua utiliza\u00e7\u00e3o na posi\u00e7\u00e3o inclinada, servindo como retorno.<\/p>\n<p>Ficha T\u00e9cnica<\/p>\n<p>&#8211; Sensibilidade de entrada de 170mV<br \/>\n&#8211; Alto-falante de 8\u201d 8ohms espec\u00edfico para contra-baixo<br \/>\n&#8211; Pot\u00eancia de sa\u00edda de 30w RMS<br \/>\n&#8211; 1 Canal com 2 Entradas (ativo e passivo)<br \/>\n&#8211; Sa\u00edda para fone de ouvido<br \/>\n&#8211; Entrada auxiliar para conectar iPhone, iPod, celular, notebook, etc.<br \/>\n&#8211; Prote\u00e7\u00e3o t\u00e9rmica do circuito de amplifica\u00e7\u00e3o<br \/>\n&#8211; Equaliza\u00e7\u00e3o: ganho, grave, m\u00e9dio, agudo e master<br \/>\n&#8211; Acabamento em curvim preto<br \/>\n&#8211; Pode ser utilizado na vertical ou inclinado<br \/>\n&#8211; Alimenta\u00e7\u00e3o: 110v\/220v<br \/>\n&#8211; Peso: 7Kg<br \/>\n&#8211; Dimens\u00f5es (L x A x P):<br \/>\n37,5 x 35,5 x 20,5 cm<\/p>\n","protected":false},"excerpt":{"rendered":"<p><img loading=\"lazy\" class=\"alignnone size-medium wp-image-215825\" src=\"https:\/\/doremimusical.com.br\/2019\/wp-content\/uploads\/2021\/02\/bone-4-300x300.png\" alt=\"\" width=\"300\" height=\"300\" srcset=\"https:\/\/doremimusical.com.br\/2019\/wp-content\/uploads\/2021\/02\/bone-4-300x300.png 300w, https:\/\/doremimusical.com.br\/2019\/wp-content\/uploads\/2021\/02\/bone-4-400x400.png 400w, https:\/\/doremimusical.com.br\/2019\/wp-content\/uploads\/2021\/02\/bone-4-100x100.png 100w, https:\/\/doremimusical.com.br\/2019\/wp-content\/uploads\/2021\/02\/bone-4-510x510.png 510w, https:\/\/doremimusical.com.br\/2019\/wp-content\/uploads\/2021\/02\/bone-4-150x150.png 150w, https:\/\/doremimusical.com.br\/2019\/wp-content\/uploads\/2021\/02\/bone-4-768x768.png 768w, https:\/\/doremimusical.com.br\/2019\/wp-content\/uploads\/2021\/02\/bone-4.png 900w\" sizes=\"(max-width: 300px) 100vw, 300px\" \/><\/p>\n","protected":false},"featured_media":215847,"template":"","meta":{"_et_pb_use_builder":"","_et_pb_old_content":"","_et_gb_content_width":""},"product_cat":[79,357,580,527],"product_tag":[],"_links":{"self":[{"href":"https:\/\/doremimusical.com.br\/2019\/wp-json\/wp\/v2\/product\/215846"}],"collection":[{"href":"https:\/\/doremimusical.com.br\/2019\/wp-json\/wp\/v2\/product"}],"about":[{"href":"https:\/\/doremimusical.com.br\/2019\/wp-json\/wp\/v2\/types\/product"}],"wp:featuredmedia":[{"embeddable":true,"href":"https:\/\/doremimusical.com.br\/2019\/wp-json\/wp\/v2\/media\/215847"}],"wp:attachment":[{"href":"https:\/\/doremimusical.com.br\/2019\/wp-json\/wp\/v2\/media?parent=215846"}],"wp:term":[{"taxonomy":"product_cat","embeddable":true,"href":"https:\/\/doremimusical.com.br\/2019\/wp-json\/wp\/v2\/product_cat?post=215846"},{"taxonomy":"product_tag","embeddable":true,"href":"https:\/\/doremimusical.com.br\/2019\/wp-json\/wp\/v2\/product_tag?post=215846"}],"curies":[{"name":"wp","href":"https:\/\/api.w.org\/{rel}","templated":true}]}}