{"id":215841,"date":"2021-02-23T21:03:23","date_gmt":"2021-02-23T21:03:23","guid":{"rendered":"https:\/\/doremimusical.com.br\/2019\/?post_type=product&#038;p=215841"},"modified":"2021-02-23T21:03:23","modified_gmt":"2021-02-23T21:03:23","slug":"amplificador-borne-impact-bass-cb60-combo-20w-preto","status":"publish","type":"product","link":"https:\/\/doremimusical.com.br\/2019\/produto\/amplificador-borne-impact-bass-cb60-combo-20w-preto\/","title":{"rendered":"Amplificador Borne Impact Bass CB60 Combo 20W preto"},"content":{"rendered":"<p>A linha de amplificador para contra baixo Impact Bass CB60 possui seletor para baixo ativo ou passivo, alto-falante de 6,5\u201d, pot\u00eancia de sa\u00edda de 20w RMS, sa\u00edda para fone de ouvido e entrada para conectar sua m\u00fasica preferida atrav\u00e9s de seu celular, notebook, etc.<\/p>\n<p>Ficha T\u00e9cnica<\/p>\n<p>&#8211; Sensibilidade de entrada de 100mV<br \/>\n&#8211; Alto-falante de 6,5\u201d 8ohms espec\u00edfico para contra baixo<br \/>\n&#8211; Pot\u00eancia de 20w RMS<br \/>\n&#8211; Entrada auxiliar para conectar celular, notebook, etc.<br \/>\n&#8211; Sa\u00edda para fone de ouvido<br \/>\n&#8211; Prote\u00e7\u00e3o t\u00e9rmica do circuito de amplifica\u00e7\u00e3o<br \/>\n&#8211; Equaliza\u00e7\u00e3o: ganho, grave, m\u00e9dio, agudo e master<br \/>\n&#8211; Acabamento em curvim preto<br \/>\n&#8211; Alimenta\u00e7\u00e3o: 110v\/220v<br \/>\n&#8211; Peso: 4,8Kg<br \/>\n&#8211; Dimens\u00f5es (L x A x P):<br \/>\n35 x 33 x 25cm<\/p>\n","protected":false},"excerpt":{"rendered":"<p><img loading=\"lazy\" class=\"alignnone size-medium wp-image-215825\" src=\"https:\/\/doremimusical.com.br\/2019\/wp-content\/uploads\/2021\/02\/bone-4-300x300.png\" alt=\"\" width=\"300\" height=\"300\" srcset=\"https:\/\/doremimusical.com.br\/2019\/wp-content\/uploads\/2021\/02\/bone-4-300x300.png 300w, https:\/\/doremimusical.com.br\/2019\/wp-content\/uploads\/2021\/02\/bone-4-400x400.png 400w, https:\/\/doremimusical.com.br\/2019\/wp-content\/uploads\/2021\/02\/bone-4-100x100.png 100w, https:\/\/doremimusical.com.br\/2019\/wp-content\/uploads\/2021\/02\/bone-4-510x510.png 510w, https:\/\/doremimusical.com.br\/2019\/wp-content\/uploads\/2021\/02\/bone-4-150x150.png 150w, https:\/\/doremimusical.com.br\/2019\/wp-content\/uploads\/2021\/02\/bone-4-768x768.png 768w, https:\/\/doremimusical.com.br\/2019\/wp-content\/uploads\/2021\/02\/bone-4.png 900w\" sizes=\"(max-width: 300px) 100vw, 300px\" \/><\/p>\n","protected":false},"featured_media":215842,"template":"","meta":{"_et_pb_use_builder":"","_et_pb_old_content":"","_et_gb_content_width":""},"product_cat":[79,357,580,527],"product_tag":[],"_links":{"self":[{"href":"https:\/\/doremimusical.com.br\/2019\/wp-json\/wp\/v2\/product\/215841"}],"collection":[{"href":"https:\/\/doremimusical.com.br\/2019\/wp-json\/wp\/v2\/product"}],"about":[{"href":"https:\/\/doremimusical.com.br\/2019\/wp-json\/wp\/v2\/types\/product"}],"wp:featuredmedia":[{"embeddable":true,"href":"https:\/\/doremimusical.com.br\/2019\/wp-json\/wp\/v2\/media\/215842"}],"wp:attachment":[{"href":"https:\/\/doremimusical.com.br\/2019\/wp-json\/wp\/v2\/media?parent=215841"}],"wp:term":[{"taxonomy":"product_cat","embeddable":true,"href":"https:\/\/doremimusical.com.br\/2019\/wp-json\/wp\/v2\/product_cat?post=215841"},{"taxonomy":"product_tag","embeddable":true,"href":"https:\/\/doremimusical.com.br\/2019\/wp-json\/wp\/v2\/product_tag?post=215841"}],"curies":[{"name":"wp","href":"https:\/\/api.w.org\/{rel}","templated":true}]}}