{"id":215820,"date":"2021-02-23T20:37:01","date_gmt":"2021-02-23T20:37:01","guid":{"rendered":"https:\/\/doremimusical.com.br\/2019\/?post_type=product&#038;p=215820"},"modified":"2021-02-23T20:39:36","modified_gmt":"2021-02-23T20:39:36","slug":"amplificador-borne-guitarra-strike-preto-g30-borne-15w","status":"publish","type":"product","link":"https:\/\/doremimusical.com.br\/2019\/produto\/amplificador-borne-guitarra-strike-preto-g30-borne-15w\/","title":{"rendered":"Amplificador Borne Guitarra Strike G30 Borne 15w"},"content":{"rendered":"<blockquote>\n<p style=\"text-align: center;\">Strike G30<\/p>\n<p>O amplificador para guitarra Strike G30 possui 15w RMS, entrada auxiliar para conectar sua m\u00fasica preferida atrav\u00e9s de seu celular, notebook, etc. Essa fun\u00e7\u00e3o permitir\u00e1 sua melhor performance em seus estudos, al\u00e9m de contar com canal limpo, canal de distor\u00e7\u00e3o e sa\u00edda para fone de ouvido.<\/p>\n<p>&#8211; Alto-falante de 6,5&#8243; 8ohms<br \/>\n&#8211; Pot\u00eancia 15w RMS<br \/>\n&#8211; Sa\u00edda para fone de ouvido<br \/>\n&#8211; Entrada auxiliar para conectar celular, notebook, etc.<br \/>\n&#8211; Prote\u00e7\u00e3o t\u00e9rmica do circuito de amplifica\u00e7\u00e3o<br \/>\n&#8211; Equaliza\u00e7\u00e3o: ganho, grave, agudo e volume master<br \/>\n&#8211; Canal limpo e canal distor\u00e7\u00e3o<br \/>\n&#8211; Alimenta\u00e7\u00e3o: bivolt<br \/>\n&#8211; Peso: 3Kg<br \/>\n&#8211; Dimens\u00f5es (L x A x P): 29 x 30 x 17,5 cm<\/p><\/blockquote>\n<p>Cores: Preto, Jornal, Vermelho e Laranja<\/p>\n","protected":false},"excerpt":{"rendered":"<p><img loading=\"lazy\" class=\"alignnone size-medium wp-image-215825\" src=\"https:\/\/doremimusical.com.br\/2019\/wp-content\/uploads\/2021\/02\/bone-4-300x300.png\" alt=\"\" width=\"300\" height=\"300\" srcset=\"https:\/\/doremimusical.com.br\/2019\/wp-content\/uploads\/2021\/02\/bone-4-300x300.png 300w, https:\/\/doremimusical.com.br\/2019\/wp-content\/uploads\/2021\/02\/bone-4-400x400.png 400w, https:\/\/doremimusical.com.br\/2019\/wp-content\/uploads\/2021\/02\/bone-4-100x100.png 100w, https:\/\/doremimusical.com.br\/2019\/wp-content\/uploads\/2021\/02\/bone-4-510x510.png 510w, https:\/\/doremimusical.com.br\/2019\/wp-content\/uploads\/2021\/02\/bone-4-150x150.png 150w, https:\/\/doremimusical.com.br\/2019\/wp-content\/uploads\/2021\/02\/bone-4-768x768.png 768w, https:\/\/doremimusical.com.br\/2019\/wp-content\/uploads\/2021\/02\/bone-4.png 900w\" sizes=\"(max-width: 300px) 100vw, 300px\" \/><\/p>\n","protected":false},"featured_media":215821,"template":"","meta":{"_et_pb_use_builder":"","_et_pb_old_content":"","_et_gb_content_width":""},"product_cat":[79,357,580,527],"product_tag":[],"_links":{"self":[{"href":"https:\/\/doremimusical.com.br\/2019\/wp-json\/wp\/v2\/product\/215820"}],"collection":[{"href":"https:\/\/doremimusical.com.br\/2019\/wp-json\/wp\/v2\/product"}],"about":[{"href":"https:\/\/doremimusical.com.br\/2019\/wp-json\/wp\/v2\/types\/product"}],"wp:featuredmedia":[{"embeddable":true,"href":"https:\/\/doremimusical.com.br\/2019\/wp-json\/wp\/v2\/media\/215821"}],"wp:attachment":[{"href":"https:\/\/doremimusical.com.br\/2019\/wp-json\/wp\/v2\/media?parent=215820"}],"wp:term":[{"taxonomy":"product_cat","embeddable":true,"href":"https:\/\/doremimusical.com.br\/2019\/wp-json\/wp\/v2\/product_cat?post=215820"},{"taxonomy":"product_tag","embeddable":true,"href":"https:\/\/doremimusical.com.br\/2019\/wp-json\/wp\/v2\/product_tag?post=215820"}],"curies":[{"name":"wp","href":"https:\/\/api.w.org\/{rel}","templated":true}]}}