{"id":215809,"date":"2021-02-22T22:01:41","date_gmt":"2021-02-22T22:01:41","guid":{"rendered":"https:\/\/doremimusical.com.br\/2019\/?post_type=product&#038;p=215809"},"modified":"2021-02-22T22:33:09","modified_gmt":"2021-02-22T22:33:09","slug":"teclado-key-power-kp300-usb","status":"publish","type":"product","link":"https:\/\/doremimusical.com.br\/2019\/produto\/teclado-key-power-kp300-usb\/","title":{"rendered":"Teclado Key Power KP300 USB"},"content":{"rendered":"<div class=\"col-main grid-full in-col1 no-gutter\">\n<article class=\"product-view\">\n<div class=\"grid-container-spaced\">\n<div id=\"desc-produto\" class=\"grid12-12 no-gutter\">\n<div class=\"descricao grid12-12 no-gutter\">61 percuss\u00f5es de teclado, visor LCD, 10 m\u00fasicas demo, Sustain, configura\u00e7\u00e3o do volume de acompanhamento de 8 n\u00edveis, Configura\u00e7\u00e3o de metr\u00f4nomo, configura\u00e7\u00e3o de transposi\u00e7\u00e3o e acompanha fonte de alimenta\u00e7\u00e3o<\/div>\n<\/div>\n<\/div>\n<\/article>\n<\/div>\n","protected":false},"excerpt":{"rendered":"<p><img loading=\"lazy\" class=\"alignnone wp-image-215808\" src=\"https:\/\/doremimusical.com.br\/2019\/wp-content\/uploads\/2021\/02\/Untitled-4-2-300x40.png\" alt=\"\" width=\"240\" height=\"32\" srcset=\"https:\/\/doremimusical.com.br\/2019\/wp-content\/uploads\/2021\/02\/Untitled-4-2-300x40.png 300w, https:\/\/doremimusical.com.br\/2019\/wp-content\/uploads\/2021\/02\/Untitled-4-2-510x68.png 510w, https:\/\/doremimusical.com.br\/2019\/wp-content\/uploads\/2021\/02\/Untitled-4-2-150x20.png 150w, https:\/\/doremimusical.com.br\/2019\/wp-content\/uploads\/2021\/02\/Untitled-4-2-768x103.png 768w, https:\/\/doremimusical.com.br\/2019\/wp-content\/uploads\/2021\/02\/Untitled-4-2.png 813w\" sizes=\"(max-width: 240px) 100vw, 240px\" \/><\/p>\n","protected":false},"featured_media":215811,"template":"","meta":{"_et_pb_use_builder":"","_et_pb_old_content":"","_et_gb_content_width":""},"product_cat":[407,579,136],"product_tag":[],"_links":{"self":[{"href":"https:\/\/doremimusical.com.br\/2019\/wp-json\/wp\/v2\/product\/215809"}],"collection":[{"href":"https:\/\/doremimusical.com.br\/2019\/wp-json\/wp\/v2\/product"}],"about":[{"href":"https:\/\/doremimusical.com.br\/2019\/wp-json\/wp\/v2\/types\/product"}],"wp:featuredmedia":[{"embeddable":true,"href":"https:\/\/doremimusical.com.br\/2019\/wp-json\/wp\/v2\/media\/215811"}],"wp:attachment":[{"href":"https:\/\/doremimusical.com.br\/2019\/wp-json\/wp\/v2\/media?parent=215809"}],"wp:term":[{"taxonomy":"product_cat","embeddable":true,"href":"https:\/\/doremimusical.com.br\/2019\/wp-json\/wp\/v2\/product_cat?post=215809"},{"taxonomy":"product_tag","embeddable":true,"href":"https:\/\/doremimusical.com.br\/2019\/wp-json\/wp\/v2\/product_tag?post=215809"}],"curies":[{"name":"wp","href":"https:\/\/api.w.org\/{rel}","templated":true}]}}