{"id":215747,"date":"2021-02-17T20:33:02","date_gmt":"2021-02-17T20:33:02","guid":{"rendered":"https:\/\/doremimusical.com.br\/2019\/?post_type=product&#038;p=215747"},"modified":"2021-02-17T20:33:03","modified_gmt":"2021-02-17T20:33:03","slug":"guitarra-stratocaster-tagima-tg520","status":"publish","type":"product","link":"https:\/\/doremimusical.com.br\/2019\/produto\/guitarra-stratocaster-tagima-tg520\/","title":{"rendered":"Guitarra Stratocaster Tagima TG520"},"content":{"rendered":"<p style=\"text-align: center;\">A nova linha de guitarras intermedi\u00e1rias da Tagima chegou! As TG-520 trazem sofistica\u00e7\u00e3o aliadas a boa qualidade que o guitarrista espera de uma guitarra intermedi\u00e1ria de excelente qualidade, potente, com \u00f3timo custo-benef\u00edcio e com excelente acabamento, as TG-520 acompanham uma escala escura com 22 trastes, escudo branco, captadores Tagima, tarraxas cromadas e corpo em basswood.<\/p>\n<p><strong>CORPO:\u00a0<\/strong>Basswood<\/p>\n<p><strong>BRA\u00c7O:\u00a0<\/strong>Maple<\/p>\n<p><strong>ESCALA:\u00a0<\/strong>Technical wood com 22 trastes<\/p>\n<p><strong>NUT:\u00a0<\/strong>43mm<\/p>\n<p><strong>CAPTADORES:\u00a0<\/strong>2 Tagima single coils e 1 Tagima humbucker<\/p>\n<p><strong>CONTROLES:\u00a0<\/strong>1 Chave seletora de 5 posi\u00e7\u00f5es, 1 Volume e 1 Tonalidade<\/p>\n<p><strong>PONTE:\u00a0<\/strong>Tremolo cromada ou tremolo preta (somente nas cores Black e White)<\/p>\n<p><strong>TARRAXAS:\u00a0<\/strong>Cromadas ou pretas (somente nas cores Black e White)<\/p>\n<p><strong>CORES: <\/strong>\u00a0Metallic blue,\u00a0 Candy apple, Metallic gold yellow, Metallic surf green<\/p>\n<p><strong>ESCUDO:\u00a0<\/strong>Pearloid white, Black<\/p>\n<p><strong>VERS\u00c3O PARA CANHOTOS?\u00a0<\/strong>N\u00e3o<\/p>\n","protected":false},"excerpt":{"rendered":"<p><img loading=\"lazy\" class=\"alignnone size-medium wp-image-215661\" src=\"https:\/\/doremimusical.com.br\/2019\/wp-content\/uploads\/2020\/12\/logo-tagima-1024-300x300.png\" alt=\"\" width=\"300\" height=\"300\" srcset=\"https:\/\/doremimusical.com.br\/2019\/wp-content\/uploads\/2020\/12\/logo-tagima-1024-300x300.png 300w, https:\/\/doremimusical.com.br\/2019\/wp-content\/uploads\/2020\/12\/logo-tagima-1024-400x400.png 400w, https:\/\/doremimusical.com.br\/2019\/wp-content\/uploads\/2020\/12\/logo-tagima-1024-100x100.png 100w, https:\/\/doremimusical.com.br\/2019\/wp-content\/uploads\/2020\/12\/logo-tagima-1024-510x510.png 510w, https:\/\/doremimusical.com.br\/2019\/wp-content\/uploads\/2020\/12\/logo-tagima-1024-150x150.png 150w, https:\/\/doremimusical.com.br\/2019\/wp-content\/uploads\/2020\/12\/logo-tagima-1024-768x768.png 768w, https:\/\/doremimusical.com.br\/2019\/wp-content\/uploads\/2020\/12\/logo-tagima-1024.png 1024w\" sizes=\"(max-width: 300px) 100vw, 300px\" \/><\/p>\n","protected":false},"featured_media":215748,"template":"","meta":{"_et_pb_use_builder":"","_et_pb_old_content":"","_et_gb_content_width":""},"product_cat":[79,269,102,85,104],"product_tag":[],"_links":{"self":[{"href":"https:\/\/doremimusical.com.br\/2019\/wp-json\/wp\/v2\/product\/215747"}],"collection":[{"href":"https:\/\/doremimusical.com.br\/2019\/wp-json\/wp\/v2\/product"}],"about":[{"href":"https:\/\/doremimusical.com.br\/2019\/wp-json\/wp\/v2\/types\/product"}],"wp:featuredmedia":[{"embeddable":true,"href":"https:\/\/doremimusical.com.br\/2019\/wp-json\/wp\/v2\/media\/215748"}],"wp:attachment":[{"href":"https:\/\/doremimusical.com.br\/2019\/wp-json\/wp\/v2\/media?parent=215747"}],"wp:term":[{"taxonomy":"product_cat","embeddable":true,"href":"https:\/\/doremimusical.com.br\/2019\/wp-json\/wp\/v2\/product_cat?post=215747"},{"taxonomy":"product_tag","embeddable":true,"href":"https:\/\/doremimusical.com.br\/2019\/wp-json\/wp\/v2\/product_tag?post=215747"}],"curies":[{"name":"wp","href":"https:\/\/api.w.org\/{rel}","templated":true}]}}