{"id":215679,"date":"2021-02-11T20:55:06","date_gmt":"2021-02-11T20:55:06","guid":{"rendered":"https:\/\/doremimusical.com.br\/2019\/?post_type=product&#038;p=215679"},"modified":"2021-02-11T20:57:18","modified_gmt":"2021-02-11T20:57:18","slug":"microfone-sem-fio-duplo-uhf-u585-ht-jwl","status":"publish","type":"product","link":"https:\/\/doremimusical.com.br\/2019\/produto\/microfone-sem-fio-duplo-uhf-u585-ht-jwl\/","title":{"rendered":"Microfone Sem Fio Duplo UHF U585-HT &#8211; JWL"},"content":{"rendered":"<p>Com os seus microfones JWL voc\u00ea descobrir\u00e1 uma nova maneira de capturar e transmitir \u00e1udio. Al\u00e9m disso, voc\u00ea poder\u00e1 melhorar suas fun\u00e7\u00f5es e dar-lhe um uso conveniente com seus acess\u00f3rios inclu\u00eddos.<\/p>\n<p>Compacto e eficiente<br \/>\nEste produto destaca-se pela sua versatilidade e adapta\u00e7\u00e3o: grava o som da sua voz com excelente qualidade e sensibilidade.<\/p>\n<p>Um formato a sua medida<br \/>\nSeu dinamismo o torna ideal para vocalistas e instrumentos. \u00c9 leve para uso manual e se encaixa em todos os tipos de p\u00e9s ou suportes. Sem necessidade de fonte de alimenta\u00e7\u00e3o, ele lhe dar\u00e1 um alto grau de autonomia para uso externo e interno.<\/p>\n<p>Desenho eficiente<br \/>\nSeu padr\u00e3o polar unidirecional recebe sons da frente, atenuando todos os ru\u00eddos laterais ou traseiros, permitindo efeitos claros e limpos.<\/p>\n<p>&nbsp;<\/p>\n<ul class=\"ui-pdp-list__wrapper\">\n<li class=\"ui-pdp-list__item\">\n<p class=\"ui-pdp-list__text\"><span class=\"ui-pdp-color--BLACK ui-pdp-size--XSMALL ui-pdp-family--BOLD\">Tipos de microfone<\/span>: Din\u00e2mico<\/p>\n<\/li>\n<\/ul>\n<ul class=\"ui-pdp-list__wrapper\">\n<li class=\"ui-pdp-list__item\">\n<p class=\"ui-pdp-list__text\"><span class=\"ui-pdp-color--BLACK ui-pdp-size--XSMALL ui-pdp-family--BOLD\">Padr\u00f5es polares<\/span>: Unidirecional<\/p>\n<\/li>\n<li class=\"ui-pdp-list__item\">\n<p class=\"ui-pdp-list__text\"><span class=\"ui-pdp-color--BLACK ui-pdp-size--XSMALL ui-pdp-family--BOLD\">Quantidade de microfones<\/span>: 2<\/p>\n<\/li>\n<\/ul>\n<ul class=\"ui-pdp-list__wrapper\">\n<li class=\"ui-pdp-list__item\">\n<p class=\"ui-pdp-list__text\"><span class=\"ui-pdp-color--BLACK ui-pdp-size--XSMALL ui-pdp-family--BOLD\">\u00c9 sem fio<\/span>: Sim<\/p>\n<\/li>\n<li class=\"ui-pdp-list__item\">\n<p class=\"ui-pdp-list__text\"><span class=\"ui-pdp-color--BLACK ui-pdp-size--XSMALL ui-pdp-family--BOLD\">Frequ\u00eancia m\u00ednima &#8211; Frequ\u00eancia m\u00e1xima<\/span>: 40 Hz &#8211; 20 kHz<\/p>\n<\/li>\n<\/ul>\n<ul class=\"ui-pdp-list__wrapper\">\n<li class=\"ui-pdp-list__item\">\n<p class=\"ui-pdp-list__text\"><span class=\"ui-pdp-color--BLACK ui-pdp-size--XSMALL ui-pdp-family--BOLD\">Inclui acess\u00f3rios<\/span>: Sim<\/p>\n<\/li>\n<li class=\"ui-pdp-list__item\">\n<p class=\"ui-pdp-list__text\"><span class=\"ui-pdp-color--BLACK ui-pdp-size--XSMALL ui-pdp-family--BOLD\">Acess\u00f3rios inclu\u00eddos<\/span>: Receptor<\/p>\n<\/li>\n<\/ul>\n<ul class=\"ui-pdp-list__wrapper\">\n<li class=\"ui-pdp-list__item\">\n<p class=\"ui-pdp-list__text\"><span class=\"ui-pdp-color--BLACK ui-pdp-size--XSMALL ui-pdp-family--BOLD\">Conectores de sa\u00edda<\/span>: XLR<\/p>\n<\/li>\n<li class=\"ui-pdp-list__item\">\n<p class=\"ui-pdp-list__text\"><span class=\"ui-pdp-color--BLACK ui-pdp-size--XSMALL ui-pdp-family--BOLD\">Imped\u00e2ncia<\/span>: 100 \u03a9<\/p>\n<\/li>\n<\/ul>\n","protected":false},"excerpt":{"rendered":"<p><img loading=\"lazy\" class=\"alignnone size-full wp-image-215678\" src=\"https:\/\/doremimusical.com.br\/2019\/wp-content\/uploads\/2021\/02\/jw\u00e7.jpg\" alt=\"\" width=\"220\" height=\"144\" srcset=\"https:\/\/doremimusical.com.br\/2019\/wp-content\/uploads\/2021\/02\/jw\u00e7.jpg 220w, https:\/\/doremimusical.com.br\/2019\/wp-content\/uploads\/2021\/02\/jw\u00e7-150x98.jpg 150w\" sizes=\"(max-width: 220px) 100vw, 220px\" \/><\/p>\n","protected":false},"featured_media":215680,"template":"","meta":{"_et_pb_use_builder":"","_et_pb_old_content":"","_et_gb_content_width":""},"product_cat":[79,577,358],"product_tag":[],"_links":{"self":[{"href":"https:\/\/doremimusical.com.br\/2019\/wp-json\/wp\/v2\/product\/215679"}],"collection":[{"href":"https:\/\/doremimusical.com.br\/2019\/wp-json\/wp\/v2\/product"}],"about":[{"href":"https:\/\/doremimusical.com.br\/2019\/wp-json\/wp\/v2\/types\/product"}],"wp:featuredmedia":[{"embeddable":true,"href":"https:\/\/doremimusical.com.br\/2019\/wp-json\/wp\/v2\/media\/215680"}],"wp:attachment":[{"href":"https:\/\/doremimusical.com.br\/2019\/wp-json\/wp\/v2\/media?parent=215679"}],"wp:term":[{"taxonomy":"product_cat","embeddable":true,"href":"https:\/\/doremimusical.com.br\/2019\/wp-json\/wp\/v2\/product_cat?post=215679"},{"taxonomy":"product_tag","embeddable":true,"href":"https:\/\/doremimusical.com.br\/2019\/wp-json\/wp\/v2\/product_tag?post=215679"}],"curies":[{"name":"wp","href":"https:\/\/api.w.org\/{rel}","templated":true}]}}