{"id":215663,"date":"2020-12-25T17:06:34","date_gmt":"2020-12-25T17:06:34","guid":{"rendered":"https:\/\/doremimusical.com.br\/2019\/?post_type=product&#038;p=215663"},"modified":"2020-12-25T17:06:34","modified_gmt":"2020-12-25T17:06:34","slug":"violao-eletrico-tagima-memphis-md-25-natural","status":"publish","type":"product","link":"https:\/\/doremimusical.com.br\/2019\/produto\/violao-eletrico-tagima-memphis-md-25-natural\/","title":{"rendered":"Viol\u00e3o El\u00e9trico Tagima Memphis MD-25 Natural"},"content":{"rendered":"<p>Com um lindo acabamento, possui ainda tampo Linden. \u00c9 uma explos\u00e3o de qualidade musical, surpreenda-se com a beleza e qualidade desse viol\u00e3o.<\/p>\n<p>&#8211; Equaliza\u00e7\u00e3o: MEQ04 Ativos de 4 bandas e afinador<br \/>\n&#8211; Controle: Volume, Grave, M\u00e9dio, Agudo e Presence<br \/>\nModelo: MD-25<br \/>\nLinha: Memphis<br \/>\nTipo: El\u00e9trico<br \/>\nCor: Natural<br \/>\nBra\u00e7o: Linden<br \/>\nTampo: Dio Wood<br \/>\nLateral e fundo: Dio Wood<br \/>\nEscala e cavalete: Technical Wood<br \/>\nNUT: 43 mm<br \/>\nBojo: 100 x 115 mm<br \/>\nTarraxas: Cromadas<br \/>\nMarca: Tagima<br \/>\nConte\u00fado da embalagem: 1 Viol\u00e3o<br \/>\nDimens\u00f5es aproximadas da embalagem: 17 x 46 x 107 cm (A x L x P)<br \/>\nPeso aproximado da embalagem: 3 Kg<\/p>\n","protected":false},"excerpt":{"rendered":"<p><img loading=\"lazy\" class=\"alignnone size-medium wp-image-215661\" src=\"https:\/\/doremimusical.com.br\/2019\/wp-content\/uploads\/2020\/12\/logo-tagima-1024-300x300.png\" alt=\"\" width=\"300\" height=\"300\" srcset=\"https:\/\/doremimusical.com.br\/2019\/wp-content\/uploads\/2020\/12\/logo-tagima-1024-300x300.png 300w, https:\/\/doremimusical.com.br\/2019\/wp-content\/uploads\/2020\/12\/logo-tagima-1024-400x400.png 400w, https:\/\/doremimusical.com.br\/2019\/wp-content\/uploads\/2020\/12\/logo-tagima-1024-100x100.png 100w, https:\/\/doremimusical.com.br\/2019\/wp-content\/uploads\/2020\/12\/logo-tagima-1024-510x510.png 510w, https:\/\/doremimusical.com.br\/2019\/wp-content\/uploads\/2020\/12\/logo-tagima-1024-150x150.png 150w, https:\/\/doremimusical.com.br\/2019\/wp-content\/uploads\/2020\/12\/logo-tagima-1024-768x768.png 768w, https:\/\/doremimusical.com.br\/2019\/wp-content\/uploads\/2020\/12\/logo-tagima-1024.png 1024w\" sizes=\"(max-width: 300px) 100vw, 300px\" \/><\/p>\n","protected":false},"featured_media":215664,"template":"","meta":{"_et_pb_use_builder":"","_et_pb_old_content":"","_et_gb_content_width":""},"product_cat":[79,269,85,97,86],"product_tag":[],"_links":{"self":[{"href":"https:\/\/doremimusical.com.br\/2019\/wp-json\/wp\/v2\/product\/215663"}],"collection":[{"href":"https:\/\/doremimusical.com.br\/2019\/wp-json\/wp\/v2\/product"}],"about":[{"href":"https:\/\/doremimusical.com.br\/2019\/wp-json\/wp\/v2\/types\/product"}],"wp:featuredmedia":[{"embeddable":true,"href":"https:\/\/doremimusical.com.br\/2019\/wp-json\/wp\/v2\/media\/215664"}],"wp:attachment":[{"href":"https:\/\/doremimusical.com.br\/2019\/wp-json\/wp\/v2\/media?parent=215663"}],"wp:term":[{"taxonomy":"product_cat","embeddable":true,"href":"https:\/\/doremimusical.com.br\/2019\/wp-json\/wp\/v2\/product_cat?post=215663"},{"taxonomy":"product_tag","embeddable":true,"href":"https:\/\/doremimusical.com.br\/2019\/wp-json\/wp\/v2\/product_tag?post=215663"}],"curies":[{"name":"wp","href":"https:\/\/api.w.org\/{rel}","templated":true}]}}