{"id":215602,"date":"2020-08-31T00:38:21","date_gmt":"2020-08-31T00:38:21","guid":{"rendered":"https:\/\/doremimusical.com.br\/2019\/?post_type=product&#038;p=215602"},"modified":"2020-08-31T00:38:22","modified_gmt":"2020-08-31T00:38:22","slug":"mesa-de-som-ll-audio-nanomix-cdx902r-8-canais","status":"publish","type":"product","link":"https:\/\/doremimusical.com.br\/2019\/produto\/mesa-de-som-ll-audio-nanomix-cdx902r-8-canais\/","title":{"rendered":"Mesa de som LL Audio Nanomix CDX902R \u2013 8 canais"},"content":{"rendered":"<p>Descri\u00e7\u00e3o dos Canais<br \/>\ncanais mono:<br \/>\nMIC\/LINE &#8211; Conector 1\/4&#8243; TRS (P10)<br \/>\nLINE\/LINE &#8211; Conector XLR (exceto modelo CDX302)<br \/>\nequaliza\u00e7\u00e3o: graves, m\u00e9dios e agudos<br \/>\nGAIN: controle de ganho do canal<br \/>\nLEVEL: controle de volume do canal<br \/>\ncanais est\u00e9reo:<br \/>\nLINE L (1\/4&#8243; TRS &#8211; P10)\/ R (1\/4&#8243; TRS &#8211; P10)<br \/>\nCD\/AUX L(RCA)\/R (RCA)<br \/>\nequaliza\u00e7\u00e3o: graves e agudos<br \/>\nLEVEL: controle de volume do canal<\/p>\n<p>Recursos Master (Main Mix)<br \/>\nsa\u00edda:<br \/>\nMAIN OUT L \u2013 sa\u00edda L da mesa com controle de volume \u201cMAIN MIX L\u201d<br \/>\nMAIN OUT R \u2013 sa\u00edda L da mesa com controle de volume \u201cMAIN MIX R\u201d<\/p>\n<p>08 canais:<br \/>\n04 canal P10<br \/>\n02 canal XLR<br \/>\n01 canal est\u00e9reo<br \/>\n01 canal USB<br \/>\nDimens\u00f5es (LxHxP) (mm): 90 x 305 x 300<br \/>\nPeso (Kg): 2,35<br \/>\nAlimenta\u00e7\u00e3o: 127\/220V<\/p>\n","protected":false},"excerpt":{"rendered":"<p><img loading=\"lazy\" class=\"alignnone size-full wp-image-215552\" src=\"https:\/\/doremimusical.com.br\/2019\/wp-content\/uploads\/2020\/08\/logo-ll-audio-1.jpg\" alt=\"\" width=\"250\" height=\"100\" srcset=\"https:\/\/doremimusical.com.br\/2019\/wp-content\/uploads\/2020\/08\/logo-ll-audio-1.jpg 250w, https:\/\/doremimusical.com.br\/2019\/wp-content\/uploads\/2020\/08\/logo-ll-audio-1-150x60.jpg 150w\" sizes=\"(max-width: 250px) 100vw, 250px\" \/><\/p>\n","protected":false},"featured_media":215603,"template":"","meta":{"_et_pb_use_builder":"","_et_pb_old_content":"","_et_gb_content_width":""},"product_cat":[79,357,572,530],"product_tag":[],"_links":{"self":[{"href":"https:\/\/doremimusical.com.br\/2019\/wp-json\/wp\/v2\/product\/215602"}],"collection":[{"href":"https:\/\/doremimusical.com.br\/2019\/wp-json\/wp\/v2\/product"}],"about":[{"href":"https:\/\/doremimusical.com.br\/2019\/wp-json\/wp\/v2\/types\/product"}],"wp:featuredmedia":[{"embeddable":true,"href":"https:\/\/doremimusical.com.br\/2019\/wp-json\/wp\/v2\/media\/215603"}],"wp:attachment":[{"href":"https:\/\/doremimusical.com.br\/2019\/wp-json\/wp\/v2\/media?parent=215602"}],"wp:term":[{"taxonomy":"product_cat","embeddable":true,"href":"https:\/\/doremimusical.com.br\/2019\/wp-json\/wp\/v2\/product_cat?post=215602"},{"taxonomy":"product_tag","embeddable":true,"href":"https:\/\/doremimusical.com.br\/2019\/wp-json\/wp\/v2\/product_tag?post=215602"}],"curies":[{"name":"wp","href":"https:\/\/api.w.org\/{rel}","templated":true}]}}