{"id":215557,"date":"2020-08-30T23:01:22","date_gmt":"2020-08-30T23:01:22","guid":{"rendered":"https:\/\/doremimusical.com.br\/2019\/?post_type=product&#038;p=215557"},"modified":"2020-08-30T23:09:06","modified_gmt":"2020-08-30T23:09:06","slug":"cabecote-multiuso-mesa-amplificada-pwd250-160w-bluetooth-fm","status":"publish","type":"product","link":"https:\/\/doremimusical.com.br\/2019\/produto\/cabecote-multiuso-mesa-amplificada-pwd250-160w-bluetooth-fm\/","title":{"rendered":"Cabe\u00e7ote Multiuso Mesa Amplificada Pwd250 160W Bluetooth Fm"},"content":{"rendered":"<p>M\u00f3dulo Media Player:<br \/>\n&#8211; Tela LCD de 2 polegadas,<br \/>\n&#8211; R\u00e1dio FM com 18 posi\u00e7\u00f5es de mem\u00f3ria.<br \/>\n&#8211; Entrada USB (pendrive) e MICRO SD CARD,<br \/>\n&#8211; Controle Remoto e<br \/>\n&#8211; Change Folder.<\/p>\n<p>Processador de Efeito:<br \/>\n\u2022 Controle de Delay<br \/>\n\u2022 Controle de Feedback<br \/>\n\u2022 Level<\/p>\n<p>pot\u00eancia m\u00e1xima total (sem distor\u00e7\u00e3o): 160W RMS<br \/>\nentradas:<br \/>\n4 Microfones com conetor P10 (C.V.I.)*<br \/>\n2 Microfones com conector XLR e chave de sele\u00e7\u00e3o para PHANTOM POWER DE 48V (C.V.I.)*<br \/>\n1 Entradas de linha conector P10 para guitarra e viol\u00e3o (C.V.I.)*<br \/>\n1 Entradas de linha conector P10 para contra baixo (C.V.I.)*<br \/>\n1 Entrada auxiliar com conectore RCA est\u00e9reo e (C.V.I.)*<br \/>\nsa\u00eddas:<br \/>\n2 Sa\u00eddas SEND com conector P10<br \/>\n1 Sa\u00edda MONITOR com 2 conectores RCA mono<br \/>\n2 Sa\u00eddas OUTPUTS CHA e CHB com 2 conectores P10 cada e volume Master<br \/>\n(4 caixas de 8 Ohms 80 W RMS) por P10<br \/>\n(2 caixa de 4 Ohms 160 W RMS) 1 em cada cana<\/p>\n<p>equalizador:<br \/>\nCanais &#8211; 3 bandas: LOW, MID, HIGH<br \/>\nMaster &#8211; 2 bandas: LOW, HIGH<\/p>\n<p>prote\u00e7\u00e3o: Caixa \/ Fus\u00edvel \/ OVERLOAD \u2013 Sobrecarga e curto<\/p>\n<p>Consumo total \u00e0 pot\u00eancia m\u00e1xima: 300 W RMS<br \/>\nResposta de frequ\u00eancia: 10Hz a 45KHz<br \/>\nAlimenta\u00e7\u00e3o: 127\/220V<br \/>\nDimens\u00f5es (mm): (H) 255 x (L) 460 x (P) 270<br \/>\nPeso (Kg): ~6,4<\/p>\n<p>(C.V.I.)* &#8211; Controle de volume independente por canal.<\/p>\n<p>USB\/SD Especifica\u00e7\u00f5es<br \/>\nEntrada de leitura r\u00e1pida<br \/>\nSystem MP3 audio system<br \/>\nFrequency characteristics ? 20Hz 100Hz &#8211; 5dB<br \/>\n10Hz 20Hz &#8211; ? 5Db<br \/>\nThe signal-to-noise ratio (MMC) of SD&amp;USB \/ 35dB 1KHz (MP3), separating degree: &gt; 35<br \/>\ndBSD&amp;USB\/MMC<\/p>\n","protected":false},"excerpt":{"rendered":"<p><img loading=\"lazy\" class=\"alignnone size-full wp-image-215552\" src=\"https:\/\/doremimusical.com.br\/2019\/wp-content\/uploads\/2020\/08\/logo-ll-audio-1.jpg\" alt=\"\" width=\"250\" height=\"100\" srcset=\"https:\/\/doremimusical.com.br\/2019\/wp-content\/uploads\/2020\/08\/logo-ll-audio-1.jpg 250w, https:\/\/doremimusical.com.br\/2019\/wp-content\/uploads\/2020\/08\/logo-ll-audio-1-150x60.jpg 150w\" sizes=\"(max-width: 250px) 100vw, 250px\" \/><\/p>\n","protected":false},"featured_media":215567,"template":"","meta":{"_et_pb_use_builder":"","_et_pb_old_content":"","_et_gb_content_width":""},"product_cat":[79,82,357,572],"product_tag":[],"_links":{"self":[{"href":"https:\/\/doremimusical.com.br\/2019\/wp-json\/wp\/v2\/product\/215557"}],"collection":[{"href":"https:\/\/doremimusical.com.br\/2019\/wp-json\/wp\/v2\/product"}],"about":[{"href":"https:\/\/doremimusical.com.br\/2019\/wp-json\/wp\/v2\/types\/product"}],"wp:featuredmedia":[{"embeddable":true,"href":"https:\/\/doremimusical.com.br\/2019\/wp-json\/wp\/v2\/media\/215567"}],"wp:attachment":[{"href":"https:\/\/doremimusical.com.br\/2019\/wp-json\/wp\/v2\/media?parent=215557"}],"wp:term":[{"taxonomy":"product_cat","embeddable":true,"href":"https:\/\/doremimusical.com.br\/2019\/wp-json\/wp\/v2\/product_cat?post=215557"},{"taxonomy":"product_tag","embeddable":true,"href":"https:\/\/doremimusical.com.br\/2019\/wp-json\/wp\/v2\/product_tag?post=215557"}],"curies":[{"name":"wp","href":"https:\/\/api.w.org\/{rel}","templated":true}]}}