{"id":215507,"date":"2020-08-23T05:13:32","date_gmt":"2020-08-23T05:13:32","guid":{"rendered":"https:\/\/doremimusical.com.br\/2019\/?post_type=product&#038;p=215507"},"modified":"2020-08-23T05:13:32","modified_gmt":"2020-08-23T05:13:32","slug":"encordoamento-nig-n415-p-violao-nailon-media-tensao","status":"publish","type":"product","link":"https:\/\/doremimusical.com.br\/2019\/produto\/encordoamento-nig-n415-p-violao-nailon-media-tensao\/","title":{"rendered":"Encordoamento NIG N415 P\/ Viol\u00e3o N\u00e1ilon M\u00e9dia Tens\u00e3o"},"content":{"rendered":"<p>N-415<br \/>\nMedidas: 028&#8243;\/.043&#8243;<br \/>\nAcabamento Cl\u00e1ssico<br \/>\n4a (r\u00e9) Extra<br \/>\nCont\u00e9m 6 Cordas + 1 R\u00c9 Extra prata MI(E).028&#8243; (0,71mm) roxa SI (B).032&#8243; (0,81mm) verde SOL (G).040&#8243; (1,02mm) pretaR\u00c9 (D).029&#8243; (0,74mm) vermelha L\u00c1(A).035&#8243; (0,89mm) dourada MI(E).043&#8243; (1,09mm)<\/p>\n","protected":false},"excerpt":{"rendered":"<p><img loading=\"lazy\" class=\"alignnone size-full wp-image-214510\" src=\"https:\/\/doremimusical.com.br\/2019\/wp-content\/uploads\/2019\/12\/NIg.png\" alt=\"\" width=\"136\" height=\"69\" \/><\/p>\n","protected":false},"featured_media":215508,"template":"","meta":{"_et_pb_use_builder":"","_et_pb_old_content":"","_et_gb_content_width":""},"product_cat":[79,284,507,502,505],"product_tag":[],"_links":{"self":[{"href":"https:\/\/doremimusical.com.br\/2019\/wp-json\/wp\/v2\/product\/215507"}],"collection":[{"href":"https:\/\/doremimusical.com.br\/2019\/wp-json\/wp\/v2\/product"}],"about":[{"href":"https:\/\/doremimusical.com.br\/2019\/wp-json\/wp\/v2\/types\/product"}],"wp:featuredmedia":[{"embeddable":true,"href":"https:\/\/doremimusical.com.br\/2019\/wp-json\/wp\/v2\/media\/215508"}],"wp:attachment":[{"href":"https:\/\/doremimusical.com.br\/2019\/wp-json\/wp\/v2\/media?parent=215507"}],"wp:term":[{"taxonomy":"product_cat","embeddable":true,"href":"https:\/\/doremimusical.com.br\/2019\/wp-json\/wp\/v2\/product_cat?post=215507"},{"taxonomy":"product_tag","embeddable":true,"href":"https:\/\/doremimusical.com.br\/2019\/wp-json\/wp\/v2\/product_tag?post=215507"}],"curies":[{"name":"wp","href":"https:\/\/api.w.org\/{rel}","templated":true}]}}