{"id":215505,"date":"2020-08-23T05:05:59","date_gmt":"2020-08-23T05:05:59","guid":{"rendered":"https:\/\/doremimusical.com.br\/2019\/?post_type=product&#038;p=215505"},"modified":"2020-08-23T05:06:00","modified_gmt":"2020-08-23T05:06:00","slug":"jogo-de-cordas-para-cavaquinho-rouxinol-tensao-leve-r32-com-bolinha","status":"publish","type":"product","link":"https:\/\/doremimusical.com.br\/2019\/produto\/jogo-de-cordas-para-cavaquinho-rouxinol-tensao-leve-r32-com-bolinha\/","title":{"rendered":"Jogo De Cordas Para Cavaquinho Rouxinol Tens\u00e3o Leve R32 (Com Bolinha)"},"content":{"rendered":"<p>Produto original fabricado no Brasil<\/p>\n<p>Conte\u00fado da embalagem: 4 cordas + 1 palheta (brinde)<\/p>\n<p>Acabamento nas pontas: COM BOLINHA<\/p>\n<p>Cordas primas (R\u00e9 e Sol): A\u00e7o inoxid\u00e1vel (n\u00e3o enferrujam)<\/p>\n<p>Bord\u00f5es (Sol e R\u00e9): Alma de a\u00e7o carbono estanhado, encapadas com n\u00edquel (prata)<\/p>\n<p>Tens\u00e3o das Cordas: .010 &#8211; .012 &#8211; .018 &#8211; .024 (leve)<\/p>\n","protected":false},"excerpt":{"rendered":"<p><img loading=\"lazy\" class=\"alignnone size-medium wp-image-215504\" src=\"https:\/\/doremimusical.com.br\/2019\/wp-content\/uploads\/2020\/08\/Rouxinol-Logo-300x300.jpg\" alt=\"\" width=\"300\" height=\"300\" srcset=\"https:\/\/doremimusical.com.br\/2019\/wp-content\/uploads\/2020\/08\/Rouxinol-Logo-300x300.jpg 300w, https:\/\/doremimusical.com.br\/2019\/wp-content\/uploads\/2020\/08\/Rouxinol-Logo-400x400.jpg 400w, https:\/\/doremimusical.com.br\/2019\/wp-content\/uploads\/2020\/08\/Rouxinol-Logo-100x100.jpg 100w, https:\/\/doremimusical.com.br\/2019\/wp-content\/uploads\/2020\/08\/Rouxinol-Logo-510x510.jpg 510w, https:\/\/doremimusical.com.br\/2019\/wp-content\/uploads\/2020\/08\/Rouxinol-Logo-150x150.jpg 150w, https:\/\/doremimusical.com.br\/2019\/wp-content\/uploads\/2020\/08\/Rouxinol-Logo-768x768.jpg 768w, https:\/\/doremimusical.com.br\/2019\/wp-content\/uploads\/2020\/08\/Rouxinol-Logo.jpg 900w\" sizes=\"(max-width: 300px) 100vw, 300px\" \/><\/p>\n","protected":false},"featured_media":215506,"template":"","meta":{"_et_pb_use_builder":"","_et_pb_old_content":"","_et_gb_content_width":""},"product_cat":[511,284,502],"product_tag":[],"_links":{"self":[{"href":"https:\/\/doremimusical.com.br\/2019\/wp-json\/wp\/v2\/product\/215505"}],"collection":[{"href":"https:\/\/doremimusical.com.br\/2019\/wp-json\/wp\/v2\/product"}],"about":[{"href":"https:\/\/doremimusical.com.br\/2019\/wp-json\/wp\/v2\/types\/product"}],"wp:featuredmedia":[{"embeddable":true,"href":"https:\/\/doremimusical.com.br\/2019\/wp-json\/wp\/v2\/media\/215506"}],"wp:attachment":[{"href":"https:\/\/doremimusical.com.br\/2019\/wp-json\/wp\/v2\/media?parent=215505"}],"wp:term":[{"taxonomy":"product_cat","embeddable":true,"href":"https:\/\/doremimusical.com.br\/2019\/wp-json\/wp\/v2\/product_cat?post=215505"},{"taxonomy":"product_tag","embeddable":true,"href":"https:\/\/doremimusical.com.br\/2019\/wp-json\/wp\/v2\/product_tag?post=215505"}],"curies":[{"name":"wp","href":"https:\/\/api.w.org\/{rel}","templated":true}]}}