{"id":215450,"date":"2020-03-13T21:53:08","date_gmt":"2020-03-13T21:53:08","guid":{"rendered":"https:\/\/doremimusical.com.br\/2019\/?post_type=product&#038;p=215450"},"modified":"2020-03-13T21:53:08","modified_gmt":"2020-03-13T21:53:08","slug":"cabos-datalink-revolution-line-5m-profissional","status":"publish","type":"product","link":"https:\/\/doremimusical.com.br\/2019\/produto\/cabos-datalink-revolution-line-5m-profissional\/","title":{"rendered":"Cabos Datalink REVOLUTION LINE 5m Profissional"},"content":{"rendered":"<p>Ideais para uso profissional com todos instrumentos (guitarras, baixos, teclados, etc), pois destacam os timbres com maior pureza.<\/p>\n<p>Timbres mais n\u00edtidos: Mat\u00e9rias-primas de alta pureza e qualidade.<br \/>\nLonga durabilidade: Conectores de alta DLK Premium qualidade e performance.<br \/>\nBra\u00e7adeira: Para manter seu cabo bem embalado.<br \/>\nGrande flexibilidade: Capa de PVC Emborrachado altamente resistente.<br \/>\nCondutor especial se\u00e7\u00e3o 0,5 mm2: \u00d3timo desemprenho na condu\u00e7\u00e3o do sinal.<br \/>\nMetragem: 5 Metro<\/p>\n","protected":false},"excerpt":{"rendered":"<p><img loading=\"lazy\" class=\"alignnone size-full wp-image-215430\" src=\"https:\/\/doremimusical.com.br\/2019\/wp-content\/uploads\/2020\/03\/Untitled-13.png\" alt=\"\" width=\"213\" height=\"56\" srcset=\"https:\/\/doremimusical.com.br\/2019\/wp-content\/uploads\/2020\/03\/Untitled-13.png 213w, https:\/\/doremimusical.com.br\/2019\/wp-content\/uploads\/2020\/03\/Untitled-13-150x39.png 150w\" sizes=\"(max-width: 213px) 100vw, 213px\" \/><\/p>\n","protected":false},"featured_media":215449,"template":"","meta":{"_et_pb_use_builder":"","_et_pb_old_content":"","_et_gb_content_width":""},"product_cat":[79,357,553,557],"product_tag":[],"_links":{"self":[{"href":"https:\/\/doremimusical.com.br\/2019\/wp-json\/wp\/v2\/product\/215450"}],"collection":[{"href":"https:\/\/doremimusical.com.br\/2019\/wp-json\/wp\/v2\/product"}],"about":[{"href":"https:\/\/doremimusical.com.br\/2019\/wp-json\/wp\/v2\/types\/product"}],"wp:featuredmedia":[{"embeddable":true,"href":"https:\/\/doremimusical.com.br\/2019\/wp-json\/wp\/v2\/media\/215449"}],"wp:attachment":[{"href":"https:\/\/doremimusical.com.br\/2019\/wp-json\/wp\/v2\/media?parent=215450"}],"wp:term":[{"taxonomy":"product_cat","embeddable":true,"href":"https:\/\/doremimusical.com.br\/2019\/wp-json\/wp\/v2\/product_cat?post=215450"},{"taxonomy":"product_tag","embeddable":true,"href":"https:\/\/doremimusical.com.br\/2019\/wp-json\/wp\/v2\/product_tag?post=215450"}],"curies":[{"name":"wp","href":"https:\/\/api.w.org\/{rel}","templated":true}]}}