{"id":215440,"date":"2020-03-12T21:31:56","date_gmt":"2020-03-12T21:31:56","guid":{"rendered":"https:\/\/doremimusical.com.br\/2019\/?post_type=product&#038;p=215440"},"modified":"2020-03-12T21:48:58","modified_gmt":"2020-03-12T21:48:58","slug":"cabos-datalink-revolution-3m-plug-l","status":"publish","type":"product","link":"https:\/\/doremimusical.com.br\/2019\/produto\/cabos-datalink-revolution-3m-plug-l\/","title":{"rendered":"Cabos Datalink REVOLUTION LINE 3m plug L"},"content":{"rendered":"<p class=\"vc_custom_heading\">Possuem os conectores REAN by Neutrik de alta qualidade e performance. Destacam os timbres de todas as faixas de frequ\u00eancia e s\u00e3o perfeitos para uso profissional com todos instrumentos (guitarras, baixos, teclados,etc)<\/p>\n<p>Timbres mais n\u00edtidos: Mat\u00e9ria-primas de alta pureza e qualidade<br \/>\nLonga durabilidade: Conectores Reab de alta qualidade e performace.<br \/>\nAbra\u00e7adeira: Para manter seu cabo bem embalado.<br \/>\nCondutor especial se\u00e7\u00e3o 0,5 mm2:\u00d3timo desempenho na condu\u00e7\u00e3o do sinal.<br \/>\nMetragem: 3 Metro<br \/>\nPlug: L<br \/>\nGrande Flexibilidade: Capa de PVC emborrachada altamente resistente<\/p>\n","protected":false},"excerpt":{"rendered":"<p><img loading=\"lazy\" class=\"alignnone size-full wp-image-215430\" src=\"https:\/\/doremimusical.com.br\/2019\/wp-content\/uploads\/2020\/03\/Untitled-13.png\" alt=\"\" width=\"213\" height=\"56\" srcset=\"https:\/\/doremimusical.com.br\/2019\/wp-content\/uploads\/2020\/03\/Untitled-13.png 213w, https:\/\/doremimusical.com.br\/2019\/wp-content\/uploads\/2020\/03\/Untitled-13-150x39.png 150w\" sizes=\"(max-width: 213px) 100vw, 213px\" \/><\/p>\n","protected":false},"featured_media":215437,"template":"","meta":{"_et_pb_use_builder":"","_et_pb_old_content":"","_et_gb_content_width":""},"product_cat":[79,357,553,557],"product_tag":[],"_links":{"self":[{"href":"https:\/\/doremimusical.com.br\/2019\/wp-json\/wp\/v2\/product\/215440"}],"collection":[{"href":"https:\/\/doremimusical.com.br\/2019\/wp-json\/wp\/v2\/product"}],"about":[{"href":"https:\/\/doremimusical.com.br\/2019\/wp-json\/wp\/v2\/types\/product"}],"wp:featuredmedia":[{"embeddable":true,"href":"https:\/\/doremimusical.com.br\/2019\/wp-json\/wp\/v2\/media\/215437"}],"wp:attachment":[{"href":"https:\/\/doremimusical.com.br\/2019\/wp-json\/wp\/v2\/media?parent=215440"}],"wp:term":[{"taxonomy":"product_cat","embeddable":true,"href":"https:\/\/doremimusical.com.br\/2019\/wp-json\/wp\/v2\/product_cat?post=215440"},{"taxonomy":"product_tag","embeddable":true,"href":"https:\/\/doremimusical.com.br\/2019\/wp-json\/wp\/v2\/product_tag?post=215440"}],"curies":[{"name":"wp","href":"https:\/\/api.w.org\/{rel}","templated":true}]}}