{"id":215427,"date":"2020-03-12T20:04:55","date_gmt":"2020-03-12T20:04:55","guid":{"rendered":"https:\/\/doremimusical.com.br\/2019\/?post_type=product&#038;p=215427"},"modified":"2020-03-13T21:42:08","modified_gmt":"2020-03-13T21:42:08","slug":"215427","status":"publish","type":"product","link":"https:\/\/doremimusical.com.br\/2019\/produto\/215427\/","title":{"rendered":"Cabos Datalink REVOLUTION LINE 3m REAN SILENT"},"content":{"rendered":"<p>Possuem os exclusivos conectores REAN SILENT, que evitam ru\u00eddos pois automaticamente desligam o sinal antes que o conector seja removido do instrumento.<\/p>\n<p><img loading=\"lazy\" class=\"size-full wp-image-215428 aligncenter\" src=\"https:\/\/doremimusical.com.br\/2019\/wp-content\/uploads\/2020\/03\/Untitled-12.png\" alt=\"\" width=\"251\" height=\"250\" srcset=\"https:\/\/doremimusical.com.br\/2019\/wp-content\/uploads\/2020\/03\/Untitled-12.png 251w, https:\/\/doremimusical.com.br\/2019\/wp-content\/uploads\/2020\/03\/Untitled-12-100x100.png 100w, https:\/\/doremimusical.com.br\/2019\/wp-content\/uploads\/2020\/03\/Untitled-12-150x150.png 150w\" sizes=\"(max-width: 251px) 100vw, 251px\" \/><\/p>\n<p>Grande flexibilidade: Capa de PVC emborrachado altamente resistente.<br \/>\nCondutor especial se\u00e7\u00e3o 0,5 mm2: \u00d3timo desempenho na condu\u00e7\u00e3o do sinal.<br \/>\nMetragem: 3 metro<br \/>\nAbra\u00e7adeira: Para manter seu cabo bem embalado.<br \/>\nTimbre mais n\u00edtidas: Materias-Prima de alta pureza e qualidade.<br \/>\nConector Silent Rean: Sem ru\u00eddos ao plugar e desplumar seu instrumento.<\/p>\n","protected":false},"excerpt":{"rendered":"<p><img loading=\"lazy\" class=\"alignnone size-full wp-image-215430\" src=\"https:\/\/doremimusical.com.br\/2019\/wp-content\/uploads\/2020\/03\/Untitled-13.png\" alt=\"\" width=\"213\" height=\"56\" srcset=\"https:\/\/doremimusical.com.br\/2019\/wp-content\/uploads\/2020\/03\/Untitled-13.png 213w, https:\/\/doremimusical.com.br\/2019\/wp-content\/uploads\/2020\/03\/Untitled-13-150x39.png 150w\" sizes=\"(max-width: 213px) 100vw, 213px\" \/><\/p>\n","protected":false},"featured_media":215429,"template":"","meta":{"_et_pb_use_builder":"","_et_pb_old_content":"","_et_gb_content_width":""},"product_cat":[79,357,553,557],"product_tag":[],"_links":{"self":[{"href":"https:\/\/doremimusical.com.br\/2019\/wp-json\/wp\/v2\/product\/215427"}],"collection":[{"href":"https:\/\/doremimusical.com.br\/2019\/wp-json\/wp\/v2\/product"}],"about":[{"href":"https:\/\/doremimusical.com.br\/2019\/wp-json\/wp\/v2\/types\/product"}],"wp:featuredmedia":[{"embeddable":true,"href":"https:\/\/doremimusical.com.br\/2019\/wp-json\/wp\/v2\/media\/215429"}],"wp:attachment":[{"href":"https:\/\/doremimusical.com.br\/2019\/wp-json\/wp\/v2\/media?parent=215427"}],"wp:term":[{"taxonomy":"product_cat","embeddable":true,"href":"https:\/\/doremimusical.com.br\/2019\/wp-json\/wp\/v2\/product_cat?post=215427"},{"taxonomy":"product_tag","embeddable":true,"href":"https:\/\/doremimusical.com.br\/2019\/wp-json\/wp\/v2\/product_tag?post=215427"}],"curies":[{"name":"wp","href":"https:\/\/api.w.org\/{rel}","templated":true}]}}