{"id":215333,"date":"2020-02-21T21:59:42","date_gmt":"2020-02-21T21:59:42","guid":{"rendered":"https:\/\/doremimusical.com.br\/2019\/?post_type=product&#038;p=215333"},"modified":"2020-02-21T22:03:31","modified_gmt":"2020-02-21T22:03:31","slug":"combo-fender-mustang-i-v2","status":"publish","type":"product","link":"https:\/\/doremimusical.com.br\/2019\/produto\/combo-fender-mustang-i-v2\/","title":{"rendered":"Combo Fender MUSTANG I V2"},"content":{"rendered":"<p>&nbsp;<\/p>\n<p>&nbsp;<\/p>\n<p>O amplificador Fender Mustang I V2 proporciona uma infindade de timbres e texturas, com uma modelagem extremamente fiel dos mais famosos amplificadores do mundo, al\u00e9m de efeitos incr\u00edveis. A nova linha V2 est\u00e1 com um novo pre amp, disp\u00f5e de 1 canal com 24 presets (presets ilimitados armazenando no computador utilizando o software Fender FUSE), modela\u00e7\u00e3o de 17 amplificadores, al\u00e9m de distor\u00e7\u00f5es e um pacote completo de efeitos, com reverb, delay\/echo, tremolo, phaser, chorus, etc&#8230; incluindo os novos Big Fuzz, Green Screamer e Pitch Shifter Inteligente, al\u00e9m de um afinador crom\u00e1tico. Tudo isso num painel muito intuitivo. Saida USB para edi\u00e7\u00e3o de presets (utilizando o software Fender FUSE) ou para grava\u00e7\u00e3o digital com o software Ableton\u00ae Live Lite 8 (fornecido para download), sa\u00edda para fone de ouvido e entrada AUX para conectar uma fonte sonora externa (CD\/MP3). Footswitch de 1 bot\u00e3o, para acesso instant\u00e2neo de 2 presets (vendido separadamente).<\/p>\n<p>Especifica\u00e7\u00f5es T\u00e9cnicas:<\/p>\n<p>&#8211; 20 watts de pot\u00eancia<br \/>\n&#8211; 1 falante de 8&#8243; Fender Special Design<br \/>\n&#8211; Acabamento em vinil preto<br \/>\n&#8211; Novo pre amp<br \/>\n&#8211; 1 canal com 24 presets<br \/>\n&#8211; Modela\u00e7\u00e3o de 17 amplificadores<br \/>\n&#8211; Afinador crom\u00e1tico<br \/>\n&#8211; Saida USB<br \/>\n&#8211; Sa\u00edda para fone de ouvido<br \/>\n&#8211; Saida de linha<br \/>\n&#8211; Entrada AUX para conectar uma fonte sonora externa (CD\/MP3)<br \/>\n&#8211; Software FUSE (para download)<br \/>\n&#8211; Ableton Live 8 Fender Edition (para download)<br \/>\n&#8211; Footswitch de 1 bot\u00e3o (vendido separadamente)<br \/>\n&#8211; Profundidade : 20 cm<br \/>\n&#8211; Largura : 40 cm<br \/>\n&#8211; Altura : 37 cm<br \/>\n&#8211; Peso : 7.7 kg<br \/>\n&#8211; Voltagem : 127V<\/p>\n","protected":false},"excerpt":{"rendered":"<p><img loading=\"lazy\" class=\"alignnone size-full wp-image-211906\" src=\"https:\/\/doremimusical.com.br\/2019\/wp-content\/uploads\/2019\/08\/Fender.png\" alt=\"\" width=\"154\" height=\"57\" srcset=\"https:\/\/doremimusical.com.br\/2019\/wp-content\/uploads\/2019\/08\/Fender.png 154w, https:\/\/doremimusical.com.br\/2019\/wp-content\/uploads\/2019\/08\/Fender-150x56.png 150w\" sizes=\"(max-width: 154px) 100vw, 154px\" \/><\/p>\n","protected":false},"featured_media":215337,"template":"","meta":{"_et_pb_use_builder":"","_et_pb_old_content":"","_et_gb_content_width":""},"product_cat":[79,357,527,550],"product_tag":[],"_links":{"self":[{"href":"https:\/\/doremimusical.com.br\/2019\/wp-json\/wp\/v2\/product\/215333"}],"collection":[{"href":"https:\/\/doremimusical.com.br\/2019\/wp-json\/wp\/v2\/product"}],"about":[{"href":"https:\/\/doremimusical.com.br\/2019\/wp-json\/wp\/v2\/types\/product"}],"wp:featuredmedia":[{"embeddable":true,"href":"https:\/\/doremimusical.com.br\/2019\/wp-json\/wp\/v2\/media\/215337"}],"wp:attachment":[{"href":"https:\/\/doremimusical.com.br\/2019\/wp-json\/wp\/v2\/media?parent=215333"}],"wp:term":[{"taxonomy":"product_cat","embeddable":true,"href":"https:\/\/doremimusical.com.br\/2019\/wp-json\/wp\/v2\/product_cat?post=215333"},{"taxonomy":"product_tag","embeddable":true,"href":"https:\/\/doremimusical.com.br\/2019\/wp-json\/wp\/v2\/product_tag?post=215333"}],"curies":[{"name":"wp","href":"https:\/\/api.w.org\/{rel}","templated":true}]}}