{"id":214660,"date":"2020-01-02T22:07:18","date_gmt":"2020-01-02T22:07:18","guid":{"rendered":"https:\/\/doremimusical.com.br\/2019\/?post_type=product&#038;p=214660"},"modified":"2020-01-02T22:07:19","modified_gmt":"2020-01-02T22:07:19","slug":"fone-de-ouvido-koss-porta-pro-classic","status":"publish","type":"product","link":"https:\/\/doremimusical.com.br\/2019\/produto\/fone-de-ouvido-koss-porta-pro-classic\/","title":{"rendered":"Fone de Ouvido Koss Porta Pro Classic"},"content":{"rendered":"<p>O aclamado Koss Porta Pro estabeleceu padr\u00f5es de desempenho e conforto para audi\u00e7\u00e3o pessoal em todo o mundo. Projetado para aqueles com gosto musical refinado, o Porta Pro continua a ser um dos fones mais populares em todo o mundo.<\/p>\n<p>Conhecido pelo seu alto n\u00edvel de conforto, tem um design vintage. Inalterado desde 1984, o PortaPro oferece um olhar \u00fanico e reconhec\u00edvel com o desempenho para corresponder. o Porta Pro tem almofadas temporais ajust\u00e1veis para aliviar a press\u00e3o sobre as orelhas.<\/p>\n<p>O SOM DA KOSS<br \/>\n\u2013 Se voc\u00ea est\u00e1 ouvindo em casa ou em movimento, o Koss Porta Pro oferece toda a emo\u00e7\u00e3o de uma performance ao vivo.<\/p>\n<p>DESIGN DOBR\u00c1VEL<br \/>\n\u2013 O Koss Porta Pro tem um design dobr\u00e1vel para armazenamento com prote\u00e7\u00e3o.<\/p>\n<p>CASE<br \/>\n\u2013 Inclui Case para armazenamento.<\/p>\n<p>ESPECIFICA\u00c7\u00d5ES<\/p>\n<p>Gama Dynamic Frequency 15Hz \u2013 25kHz<br \/>\nImped\u00e2ncia 60 Ohms<br \/>\nSensibilidade 101dB<br \/>\nConectores de Plugue padr\u00e3o est\u00e9reo de 3,5 mm Mini com 1\/4 \u201cComprimento do cabo adaptador de 4 p\u00e9s (1,2 m).<br \/>\nPlugue em (L) de 3,5 mm padr\u00e3o<\/p>\n","protected":false},"excerpt":{"rendered":"<p><img loading=\"lazy\" class=\"alignnone size-full wp-image-214661\" src=\"https:\/\/doremimusical.com.br\/2019\/wp-content\/uploads\/2020\/01\/Koss.png\" alt=\"\" width=\"251\" height=\"38\" srcset=\"https:\/\/doremimusical.com.br\/2019\/wp-content\/uploads\/2020\/01\/Koss.png 251w, https:\/\/doremimusical.com.br\/2019\/wp-content\/uploads\/2020\/01\/Koss-150x23.png 150w\" sizes=\"(max-width: 251px) 100vw, 251px\" \/><\/p>\n","protected":false},"featured_media":214662,"template":"","meta":{"_et_pb_use_builder":"","_et_pb_old_content":"","_et_gb_content_width":""},"product_cat":[79,357,533,534],"product_tag":[],"_links":{"self":[{"href":"https:\/\/doremimusical.com.br\/2019\/wp-json\/wp\/v2\/product\/214660"}],"collection":[{"href":"https:\/\/doremimusical.com.br\/2019\/wp-json\/wp\/v2\/product"}],"about":[{"href":"https:\/\/doremimusical.com.br\/2019\/wp-json\/wp\/v2\/types\/product"}],"wp:featuredmedia":[{"embeddable":true,"href":"https:\/\/doremimusical.com.br\/2019\/wp-json\/wp\/v2\/media\/214662"}],"wp:attachment":[{"href":"https:\/\/doremimusical.com.br\/2019\/wp-json\/wp\/v2\/media?parent=214660"}],"wp:term":[{"taxonomy":"product_cat","embeddable":true,"href":"https:\/\/doremimusical.com.br\/2019\/wp-json\/wp\/v2\/product_cat?post=214660"},{"taxonomy":"product_tag","embeddable":true,"href":"https:\/\/doremimusical.com.br\/2019\/wp-json\/wp\/v2\/product_tag?post=214660"}],"curies":[{"name":"wp","href":"https:\/\/api.w.org\/{rel}","templated":true}]}}