{"id":214623,"date":"2019-12-28T22:27:26","date_gmt":"2019-12-28T22:27:26","guid":{"rendered":"https:\/\/doremimusical.com.br\/2019\/?post_type=product&#038;p=214623"},"modified":"2019-12-28T22:27:26","modified_gmt":"2019-12-28T22:27:26","slug":"caixa-reta-orange-para-guitarra-ppc-108-1x8-20w","status":"publish","type":"product","link":"https:\/\/doremimusical.com.br\/2019\/produto\/caixa-reta-orange-para-guitarra-ppc-108-1x8-20w\/","title":{"rendered":"Caixa Reta Orange para Guitarra PPC 108 1\u00d78 20W"},"content":{"rendered":"<h5>Os amps mais famosos da Inglaterra, agora com distribui\u00e7\u00e3o Royal Music no Brasil!<\/h5>\n<p>Orange Amps, um \u00edcone cultural e o favorito dos maiores m\u00fasicos e bandas, como PJ Harvey, Portishead, Fleetwood Mac, U2, Arctic Monkeys, New York Dolls, Black Eyed Peas, T-Rex, Moby, ZZ Top, Bloc Party, Blue Man Group, Gary Moore, The Pretenders, Cage the Elephant, Black Crowes, CSS, Death Cab for Cutie, Johnny Winter, Deftones, Evanescence, Steve Winwood, Faithless, Black Sabbath, Fatboy Slim, Jimmy Page, Paul Weller, Juliette and the Licks, Alanis Morissette, Kaiser Chiefs, Kid Rock, Limp Bizkit, Oasis, Beach Boys, Linkin Park, Lostprophets, Madonna, Aerosmith, Manic Street Preachers, MXPX, My Chemical Romance, Placebo, Stevie Wonder, Prince, Ike &amp; Tina Turner, Queens of the Stone Age, Slipknot, BB King, James Brown, Stone Sour, Sugarland, Supergrass, The Cure, Bon Jovi, The Strokes, Tiago Della Vega, Weezer, AC\/DC, s\u00f3 para citar alguns. Confira o som e a qualidade dos amps laranja que conquistaram o mundo e torne-se um f\u00e3 tamb\u00e9m!<\/p>\n<p>A nova caixa PPC108 \u00e9 ideal para usar em conjunto com a linha Micro Terror. A caixa tem o seu tamanho reduzido, est\u00e1 dispon\u00edvel para compra separadamente e seu alto-falante de 8\u2033 proporciona um tom en\u00e9rgico e pot\u00eancia de som que tem de ouvir para crer. Como todas as caixas Orange, \u00e9 constru\u00edda para durar, com constru\u00e7\u00e3o robusta e atraente, com a assinatura Orange. Ideal para usar com o Micro Terror. Bivolt.<\/p>\n<h3>Especifica\u00e7\u00f5es<\/h3>\n<ul>\n<li>Pot\u00eancia: 20 Watts<\/li>\n<li>Falantes: 8\u2033 Voice of the World<\/li>\n<li>Imped\u00e2ncia: 8 Ohms<\/li>\n<li>Dimens\u00f5es: 26 x 26 x 16,5 cm<\/li>\n<li>Peso: 4,05 kg<\/li>\n<\/ul>\n","protected":false},"excerpt":{"rendered":"<p><img loading=\"lazy\" class=\"alignnone size-full wp-image-214617\" src=\"https:\/\/doremimusical.com.br\/2019\/wp-content\/uploads\/2019\/12\/Orange.png\" alt=\"\" width=\"224\" height=\"64\" srcset=\"https:\/\/doremimusical.com.br\/2019\/wp-content\/uploads\/2019\/12\/Orange.png 224w, https:\/\/doremimusical.com.br\/2019\/wp-content\/uploads\/2019\/12\/Orange-150x43.png 150w\" sizes=\"(max-width: 224px) 100vw, 224px\" \/><\/p>\n","protected":false},"featured_media":214626,"template":"","meta":{"_et_pb_use_builder":"","_et_pb_old_content":"","_et_gb_content_width":""},"product_cat":[79,357,527,528],"product_tag":[],"_links":{"self":[{"href":"https:\/\/doremimusical.com.br\/2019\/wp-json\/wp\/v2\/product\/214623"}],"collection":[{"href":"https:\/\/doremimusical.com.br\/2019\/wp-json\/wp\/v2\/product"}],"about":[{"href":"https:\/\/doremimusical.com.br\/2019\/wp-json\/wp\/v2\/types\/product"}],"wp:featuredmedia":[{"embeddable":true,"href":"https:\/\/doremimusical.com.br\/2019\/wp-json\/wp\/v2\/media\/214626"}],"wp:attachment":[{"href":"https:\/\/doremimusical.com.br\/2019\/wp-json\/wp\/v2\/media?parent=214623"}],"wp:term":[{"taxonomy":"product_cat","embeddable":true,"href":"https:\/\/doremimusical.com.br\/2019\/wp-json\/wp\/v2\/product_cat?post=214623"},{"taxonomy":"product_tag","embeddable":true,"href":"https:\/\/doremimusical.com.br\/2019\/wp-json\/wp\/v2\/product_tag?post=214623"}],"curies":[{"name":"wp","href":"https:\/\/api.w.org\/{rel}","templated":true}]}}