{"id":214618,"date":"2019-12-28T21:54:38","date_gmt":"2019-12-28T21:54:38","guid":{"rendered":"https:\/\/doremimusical.com.br\/2019\/?post_type=product&#038;p=214618"},"modified":"2019-12-28T21:54:38","modified_gmt":"2019-12-28T21:54:38","slug":"combo-orange-para-guitarra-crush-35rt","status":"publish","type":"product","link":"https:\/\/doremimusical.com.br\/2019\/produto\/combo-orange-para-guitarra-crush-35rt\/","title":{"rendered":"Combo Orange para Guitarra Crush 35RT"},"content":{"rendered":"<p>Novidade da Orange, o Crush 35RT \u00e9 um dos amps de maior demanda da linha Crush, com dois canais, preamp de alto ganho acoplado \u00e0 sa\u00edda de 35 Watts e falante Voice Of The World de 10\u2033, lhe proporcionando resultados incr\u00edveis, \u00f3timo punch, presen\u00e7a e volume, com mais funcionalidade atrav\u00e9s da inclus\u00e3o de um reverb e afinador crom\u00e1tico integrado.\u00a0O Crush 35RT possui fun\u00e7\u00e3o Aux In para trilhas de fundo e sa\u00edda CabSim de headphone.<\/p>\n<p>Completando suas caracter\u00edsticas, o Crush 35RT se completa com a fun\u00e7\u00e3o de efeitos de loop ultra transparentes e cheios, justamente para voc\u00ea poder usufruir tudo que seu pedal pode oferecer! Com estas e outras fun\u00e7\u00f5es, o Crush 35RT pode ser considerado um amplificador al\u00e9m das expectativas de um modelo padr\u00e3o, seja para pr\u00e1tica ou para uso em palcos.<\/p>\n<p>Nosso compromisso com o circuito anal\u00f3gico em uma era digital assegura aos modelos Crush que possuam a vivacidade e responsabilidade pela qual a Orange \u00e9 conhecida, inspirando guitarristas a tocar seus instrumentos, e n\u00e3o a se prenderem \u00e0 tecnologia. O Crush 35RT possui equalizador de 3 bandas, no qual lhe permite obter um controle completo sobre seu som, do Vintage \u00e0s sonoridades mais modernas.<\/p>\n<p>Com seus canais, o Crush 35RT possui alta qualidade, componentes de baixo ru\u00eddo e outras caracter\u00edsitcas, que deixam o som rico e claro, seja em timbres limpos, cl\u00e1ssicos ou com maior distor\u00e7\u00e3o. Os canais Clean e Dirty podem ser trocados ou desligados na parte de cima de seu painel, ou usados remotamente pelo uso do footswitch opcional.<\/p>\n<p>Para guitarristas que adoram pedais, o efeito de loop de baixa imped\u00e2ncia e cheio do Crush 35RT permite qualquer n\u00famero de efeitos e cabos a serem conectados entre a entrada e sa\u00edda do amplificador, sem sacrificar seu timbre.<\/p>\n<p>A sa\u00edda para headphone\/linha do Crush 35RT inclui a caracter\u00edstica CabSim, que simula o som de um cabinet Orange 4\u00d712 com falante Voice Of The World. Use os headphonespara pr\u00e1tica ou conecte-o a um mixer ou console de grava\u00e7\u00e3o para obter o aut\u00eantico som de um Orange no est\u00fadio.<\/p>\n<p>O reverb dispon\u00edvel no Orange Crush 35RT \u00e9 um m\u00f3dulo novo e digital que adiciona uma suavidade ao som, e, al\u00e9m dele, possui tamb\u00e9m um afinador crom\u00e1tico preciso e r\u00e1pido para ser usado entre jams e sess\u00f5es de pr\u00e1tica.<\/p>\n<p>Seus falantes \u201cVoice Of The World\u201d apresentam o equil\u00edbrio perfeito entre graves modernos e agudos vintage e potentes, mantendo a clareza em sua sonoridade quando se \u00e9 solicitado.<\/p>\n<p>O acabamento do Crush \u00e9 estilizado com o lend\u00e1rio Orange Basket Weave Tolex em vinil, Woven Speaker Grille, e claro, a assinatura Orange!<\/p>\n<h2>Especifica\u00e7\u00e3o<\/h2>\n<ul>\n<li>Possui design Twin Channel com preamp de alto ganho, equalizador de 3 bandas, loop de efeitos destacado reverb, afinador crom\u00e1tico, sa\u00edda para fones CabSim e Aux In<\/li>\n<li>Painel de cima com entrada de instrumento: Clean Volume, Dirty Gain, Bass, Middle, Treble, Dirty Volume, seletor de canal (Channel Selector<\/li>\n<li>Switch); painel de baixo com afinador crom\u00e1tico e reverb<br \/>\n35 Watts<\/li>\n<li>Falante Voice Of The World de 10\u2033<\/li>\n<li>Dimens\u00f5es: 44cm (largura) x 40cm (altura) x 23cm (profundidade)<\/li>\n<li>Peso: 11kg<\/li>\n<\/ul>\n<p>&nbsp;<\/p>\n","protected":false},"excerpt":{"rendered":"<p><img loading=\"lazy\" class=\"alignnone size-full wp-image-214617\" src=\"https:\/\/doremimusical.com.br\/2019\/wp-content\/uploads\/2019\/12\/Orange.png\" alt=\"\" width=\"224\" height=\"64\" srcset=\"https:\/\/doremimusical.com.br\/2019\/wp-content\/uploads\/2019\/12\/Orange.png 224w, https:\/\/doremimusical.com.br\/2019\/wp-content\/uploads\/2019\/12\/Orange-150x43.png 150w\" sizes=\"(max-width: 224px) 100vw, 224px\" \/><\/p>\n","protected":false},"featured_media":214621,"template":"","meta":{"_et_pb_use_builder":"","_et_pb_old_content":"","_et_gb_content_width":""},"product_cat":[79,527,528],"product_tag":[],"_links":{"self":[{"href":"https:\/\/doremimusical.com.br\/2019\/wp-json\/wp\/v2\/product\/214618"}],"collection":[{"href":"https:\/\/doremimusical.com.br\/2019\/wp-json\/wp\/v2\/product"}],"about":[{"href":"https:\/\/doremimusical.com.br\/2019\/wp-json\/wp\/v2\/types\/product"}],"wp:featuredmedia":[{"embeddable":true,"href":"https:\/\/doremimusical.com.br\/2019\/wp-json\/wp\/v2\/media\/214621"}],"wp:attachment":[{"href":"https:\/\/doremimusical.com.br\/2019\/wp-json\/wp\/v2\/media?parent=214618"}],"wp:term":[{"taxonomy":"product_cat","embeddable":true,"href":"https:\/\/doremimusical.com.br\/2019\/wp-json\/wp\/v2\/product_cat?post=214618"},{"taxonomy":"product_tag","embeddable":true,"href":"https:\/\/doremimusical.com.br\/2019\/wp-json\/wp\/v2\/product_tag?post=214618"}],"curies":[{"name":"wp","href":"https:\/\/api.w.org\/{rel}","templated":true}]}}