{"id":214604,"date":"2019-12-27T22:33:27","date_gmt":"2019-12-27T22:33:27","guid":{"rendered":"https:\/\/doremimusical.com.br\/2019\/?post_type=product&#038;p=214604"},"modified":"2019-12-27T22:42:23","modified_gmt":"2019-12-27T22:42:23","slug":"encordoamento-mp-para-ukulele","status":"publish","type":"product","link":"https:\/\/doremimusical.com.br\/2019\/produto\/encordoamento-mp-para-ukulele\/","title":{"rendered":"Encordoamento MP Para Ukulele"},"content":{"rendered":"<p>Marca<br \/>\nMP<br \/>\nModelo<br \/>\nUKULELE<br \/>\nUnidades por pacote 1<br \/>\nQuantidade de cordas 4<br \/>\nMateriais Nylon<br \/>\nTens\u00e3o M\u00e9dia<br \/>\nDescri\u00e7\u00e3o<\/p>\n<p>Encordoamento para Ukulele 4 cordas Pagannini MP Strings MPE-480<\/p>\n<p>Os ecordoamentos MP Strings s\u00e3o produzidos com alto padr\u00e3o de qualidade e materia prima de primeira linha, produzindo excelentes timbres e afina\u00e7\u00e3o precisa, para atender as necessicidades dos m\u00fasicos mais exigentes<\/p>\n","protected":false},"excerpt":{"rendered":"<p><img loading=\"lazy\" class=\"alignnone size-full wp-image-214605\" src=\"https:\/\/doremimusical.com.br\/2019\/wp-content\/uploads\/2019\/12\/MP.png\" alt=\"\" width=\"129\" height=\"97\" \/><\/p>\n","protected":false},"featured_media":214606,"template":"","meta":{"_et_pb_use_builder":"","_et_pb_old_content":"","_et_gb_content_width":""},"product_cat":[79,82,332,284,521,522],"product_tag":[],"_links":{"self":[{"href":"https:\/\/doremimusical.com.br\/2019\/wp-json\/wp\/v2\/product\/214604"}],"collection":[{"href":"https:\/\/doremimusical.com.br\/2019\/wp-json\/wp\/v2\/product"}],"about":[{"href":"https:\/\/doremimusical.com.br\/2019\/wp-json\/wp\/v2\/types\/product"}],"wp:featuredmedia":[{"embeddable":true,"href":"https:\/\/doremimusical.com.br\/2019\/wp-json\/wp\/v2\/media\/214606"}],"wp:attachment":[{"href":"https:\/\/doremimusical.com.br\/2019\/wp-json\/wp\/v2\/media?parent=214604"}],"wp:term":[{"taxonomy":"product_cat","embeddable":true,"href":"https:\/\/doremimusical.com.br\/2019\/wp-json\/wp\/v2\/product_cat?post=214604"},{"taxonomy":"product_tag","embeddable":true,"href":"https:\/\/doremimusical.com.br\/2019\/wp-json\/wp\/v2\/product_tag?post=214604"}],"curies":[{"name":"wp","href":"https:\/\/api.w.org\/{rel}","templated":true}]}}