{"id":214602,"date":"2019-12-27T22:27:05","date_gmt":"2019-12-27T22:27:05","guid":{"rendered":"https:\/\/doremimusical.com.br\/2019\/?post_type=product&#038;p=214602"},"modified":"2019-12-27T22:27:06","modified_gmt":"2019-12-27T22:27:06","slug":"encordoamento-passarinho-violao-naylon","status":"publish","type":"product","link":"https:\/\/doremimusical.com.br\/2019\/produto\/encordoamento-passarinho-violao-naylon\/","title":{"rendered":"Encordoamento Passarinho Viol\u00e3o Naylon"},"content":{"rendered":"<p>As cordas Musicais, PASSARINHO s\u00e3o feitas artesanalmente com mat\u00e9rias primas de alta qualidade, proporcionando calibre e afina\u00e7\u00e3o perfeita para os profissionais que desejam tirar o melhor proveito de seus instrumentos de Corda.<\/p>\n<p>Paganini Jogo de Corda Passarinho Viol\u00e3o PE910<\/p>\n","protected":false},"excerpt":{"rendered":"<p><img loading=\"lazy\" class=\"alignnone size-full wp-image-214600\" src=\"https:\/\/doremimusical.com.br\/2019\/wp-content\/uploads\/2019\/12\/passarinho.png\" alt=\"\" width=\"244\" height=\"41\" srcset=\"https:\/\/doremimusical.com.br\/2019\/wp-content\/uploads\/2019\/12\/passarinho.png 244w, https:\/\/doremimusical.com.br\/2019\/wp-content\/uploads\/2019\/12\/passarinho-150x25.png 150w\" sizes=\"(max-width: 244px) 100vw, 244px\" \/><\/p>\n","protected":false},"featured_media":214603,"template":"","meta":{"_et_pb_use_builder":"","_et_pb_old_content":"","_et_gb_content_width":""},"product_cat":[79,82,332,284,519,520],"product_tag":[],"_links":{"self":[{"href":"https:\/\/doremimusical.com.br\/2019\/wp-json\/wp\/v2\/product\/214602"}],"collection":[{"href":"https:\/\/doremimusical.com.br\/2019\/wp-json\/wp\/v2\/product"}],"about":[{"href":"https:\/\/doremimusical.com.br\/2019\/wp-json\/wp\/v2\/types\/product"}],"wp:featuredmedia":[{"embeddable":true,"href":"https:\/\/doremimusical.com.br\/2019\/wp-json\/wp\/v2\/media\/214603"}],"wp:attachment":[{"href":"https:\/\/doremimusical.com.br\/2019\/wp-json\/wp\/v2\/media?parent=214602"}],"wp:term":[{"taxonomy":"product_cat","embeddable":true,"href":"https:\/\/doremimusical.com.br\/2019\/wp-json\/wp\/v2\/product_cat?post=214602"},{"taxonomy":"product_tag","embeddable":true,"href":"https:\/\/doremimusical.com.br\/2019\/wp-json\/wp\/v2\/product_tag?post=214602"}],"curies":[{"name":"wp","href":"https:\/\/api.w.org\/{rel}","templated":true}]}}