{"id":214598,"date":"2019-12-27T22:15:39","date_gmt":"2019-12-27T22:15:39","guid":{"rendered":"https:\/\/doremimusical.com.br\/2019\/?post_type=product&#038;p=214598"},"modified":"2019-12-27T22:15:40","modified_gmt":"2019-12-27T22:15:40","slug":"encordoamento-passarinho-violao-aco","status":"publish","type":"product","link":"https:\/\/doremimusical.com.br\/2019\/produto\/encordoamento-passarinho-violao-aco\/","title":{"rendered":"Encordoamento Passarinho Viol\u00e3o A\u00e7o"},"content":{"rendered":"<p>Encordoamento Jogo de Cordas Com Bolinha Viol\u00e3o A\u00e7o Passarinho PE 900<\/p>\n<p>As Cordas musicais Passarinho s\u00e3o feitas artesanalmente com mat\u00e9rias primas de alta qualidade proporcionando calibre e afina\u00e7\u00e3o perfeita para os profissionais que desejam tirar o melhor proveito de seus instrumentos de corda. Suas embalagens s\u00e3o anticorrosivas, garantindo um encordoamento de qualidade com brilho e timbres perfeitos.<\/p>\n<p>&#8211; Fabrica\u00e7\u00e3o: Brasil<br \/>\n&#8211; Acabamento: Com bolinha<br \/>\n&#8211; Contem 06 cordas<\/p>\n<p>Bitolas<br \/>\n1E .011<br \/>\n2B .014<br \/>\n3G .021<br \/>\n4D .028<br \/>\n5A .035<br \/>\n6E .043<\/p>\n<p>&nbsp;<\/p>\n","protected":false},"excerpt":{"rendered":"<p><img loading=\"lazy\" class=\"alignnone size-full wp-image-214600\" src=\"https:\/\/doremimusical.com.br\/2019\/wp-content\/uploads\/2019\/12\/passarinho.png\" alt=\"\" width=\"244\" height=\"41\" srcset=\"https:\/\/doremimusical.com.br\/2019\/wp-content\/uploads\/2019\/12\/passarinho.png 244w, https:\/\/doremimusical.com.br\/2019\/wp-content\/uploads\/2019\/12\/passarinho-150x25.png 150w\" sizes=\"(max-width: 244px) 100vw, 244px\" \/><\/p>\n","protected":false},"featured_media":214599,"template":"","meta":{"_et_pb_use_builder":"","_et_pb_old_content":"","_et_gb_content_width":""},"product_cat":[79,82,332,284,519,520],"product_tag":[],"_links":{"self":[{"href":"https:\/\/doremimusical.com.br\/2019\/wp-json\/wp\/v2\/product\/214598"}],"collection":[{"href":"https:\/\/doremimusical.com.br\/2019\/wp-json\/wp\/v2\/product"}],"about":[{"href":"https:\/\/doremimusical.com.br\/2019\/wp-json\/wp\/v2\/types\/product"}],"wp:featuredmedia":[{"embeddable":true,"href":"https:\/\/doremimusical.com.br\/2019\/wp-json\/wp\/v2\/media\/214599"}],"wp:attachment":[{"href":"https:\/\/doremimusical.com.br\/2019\/wp-json\/wp\/v2\/media?parent=214598"}],"wp:term":[{"taxonomy":"product_cat","embeddable":true,"href":"https:\/\/doremimusical.com.br\/2019\/wp-json\/wp\/v2\/product_cat?post=214598"},{"taxonomy":"product_tag","embeddable":true,"href":"https:\/\/doremimusical.com.br\/2019\/wp-json\/wp\/v2\/product_tag?post=214598"}],"curies":[{"name":"wp","href":"https:\/\/api.w.org\/{rel}","templated":true}]}}