{"id":214594,"date":"2019-12-27T21:39:21","date_gmt":"2019-12-27T21:39:21","guid":{"rendered":"https:\/\/doremimusical.com.br\/2019\/?post_type=product&#038;p=214594"},"modified":"2021-02-11T18:45:49","modified_gmt":"2021-02-11T18:45:49","slug":"encordoamente-pagannini-viola-de-arco","status":"publish","type":"product","link":"https:\/\/doremimusical.com.br\/2019\/produto\/encordoamente-pagannini-viola-de-arco\/","title":{"rendered":"Encordoamento Pagannini Viola de Arco"},"content":{"rendered":"<p>As cordas Musical Paganini s\u00e3o totalmente feitas a m\u00e3o ( artesanalmente ) com revestimento e mat\u00e9ria prima de \u00f3tima qualidade, proporcionando c\u00e1libre e afina\u00e7\u00e3o perfeita para profissionais que desejam tirar o melhor proveito de seus instrumentos de corda.<\/p>\n<p>*Caracter\u00edsticas:<br \/>\n&#8211; Encordoamento com 04 cordas ( L\u00e1, R\u00e9, Sol e Do );<br \/>\n&#8211; Produto em a\u00e7o;<br \/>\n&#8211; \u00d3timo qualidade e durabilidade;<br \/>\n&#8211; Fabricado no Brasil.<\/p>\n<p>*Nome das Cordas:<br \/>\n&#8211; 1\u00aa L\u00e1 ( A ) Preta;<br \/>\n&#8211; 2\u00aa R\u00e9 ( D ) Amarela;<br \/>\n&#8211; 3\u00aa Sol ( G ) Cinza;<br \/>\n&#8211; 4\u00aa Do ( C ) Vermelha.<\/p>\n","protected":false},"excerpt":{"rendered":"<p><img loading=\"lazy\" class=\"alignnone size-full wp-image-214593\" src=\"https:\/\/doremimusical.com.br\/2019\/wp-content\/uploads\/2019\/12\/Untitled-19.png\" alt=\"\" width=\"269\" height=\"39\" srcset=\"https:\/\/doremimusical.com.br\/2019\/wp-content\/uploads\/2019\/12\/Untitled-19.png 269w, https:\/\/doremimusical.com.br\/2019\/wp-content\/uploads\/2019\/12\/Untitled-19-150x22.png 150w\" sizes=\"(max-width: 269px) 100vw, 269px\" \/><\/p>\n","protected":false},"featured_media":214595,"template":"","meta":{"_et_pb_use_builder":"","_et_pb_old_content":"","_et_gb_content_width":""},"product_cat":[79,82,332,284,515,517],"product_tag":[],"_links":{"self":[{"href":"https:\/\/doremimusical.com.br\/2019\/wp-json\/wp\/v2\/product\/214594"}],"collection":[{"href":"https:\/\/doremimusical.com.br\/2019\/wp-json\/wp\/v2\/product"}],"about":[{"href":"https:\/\/doremimusical.com.br\/2019\/wp-json\/wp\/v2\/types\/product"}],"wp:featuredmedia":[{"embeddable":true,"href":"https:\/\/doremimusical.com.br\/2019\/wp-json\/wp\/v2\/media\/214595"}],"wp:attachment":[{"href":"https:\/\/doremimusical.com.br\/2019\/wp-json\/wp\/v2\/media?parent=214594"}],"wp:term":[{"taxonomy":"product_cat","embeddable":true,"href":"https:\/\/doremimusical.com.br\/2019\/wp-json\/wp\/v2\/product_cat?post=214594"},{"taxonomy":"product_tag","embeddable":true,"href":"https:\/\/doremimusical.com.br\/2019\/wp-json\/wp\/v2\/product_tag?post=214594"}],"curies":[{"name":"wp","href":"https:\/\/api.w.org\/{rel}","templated":true}]}}