{"id":214591,"date":"2019-12-27T21:23:52","date_gmt":"2019-12-27T21:23:52","guid":{"rendered":"https:\/\/doremimusical.com.br\/2019\/?post_type=product&#038;p=214591"},"modified":"2019-12-27T21:23:53","modified_gmt":"2019-12-27T21:23:53","slug":"encordoamento-pagannini-violino","status":"publish","type":"product","link":"https:\/\/doremimusical.com.br\/2019\/produto\/encordoamento-pagannini-violino\/","title":{"rendered":"Encordoamento Pagannini Violino"},"content":{"rendered":"<p>Proporciona sonoridade quente e brilhante. Corda resistente \u00e0s mudan\u00e7as de temperaturas, com boa durabilidade e pre\u00e7o baixo.<\/p>\n","protected":false},"excerpt":{"rendered":"<p><img loading=\"lazy\" class=\"alignnone  wp-image-214593\" src=\"https:\/\/doremimusical.com.br\/2019\/wp-content\/uploads\/2019\/12\/Untitled-19.png\" alt=\"\" width=\"200\" height=\"29\" srcset=\"https:\/\/doremimusical.com.br\/2019\/wp-content\/uploads\/2019\/12\/Untitled-19.png 269w, https:\/\/doremimusical.com.br\/2019\/wp-content\/uploads\/2019\/12\/Untitled-19-150x22.png 150w\" sizes=\"(max-width: 200px) 100vw, 200px\" \/><\/p>\n","protected":false},"featured_media":214592,"template":"","meta":{"_et_pb_use_builder":"","_et_pb_old_content":"","_et_gb_content_width":""},"product_cat":[79,82,332,284,515,516],"product_tag":[],"_links":{"self":[{"href":"https:\/\/doremimusical.com.br\/2019\/wp-json\/wp\/v2\/product\/214591"}],"collection":[{"href":"https:\/\/doremimusical.com.br\/2019\/wp-json\/wp\/v2\/product"}],"about":[{"href":"https:\/\/doremimusical.com.br\/2019\/wp-json\/wp\/v2\/types\/product"}],"wp:featuredmedia":[{"embeddable":true,"href":"https:\/\/doremimusical.com.br\/2019\/wp-json\/wp\/v2\/media\/214592"}],"wp:attachment":[{"href":"https:\/\/doremimusical.com.br\/2019\/wp-json\/wp\/v2\/media?parent=214591"}],"wp:term":[{"taxonomy":"product_cat","embeddable":true,"href":"https:\/\/doremimusical.com.br\/2019\/wp-json\/wp\/v2\/product_cat?post=214591"},{"taxonomy":"product_tag","embeddable":true,"href":"https:\/\/doremimusical.com.br\/2019\/wp-json\/wp\/v2\/product_tag?post=214591"}],"curies":[{"name":"wp","href":"https:\/\/api.w.org\/{rel}","templated":true}]}}