{"id":214580,"date":"2019-12-27T18:45:59","date_gmt":"2019-12-27T18:45:59","guid":{"rendered":"https:\/\/doremimusical.com.br\/2019\/?post_type=product&#038;p=214580"},"modified":"2019-12-27T18:46:00","modified_gmt":"2019-12-27T18:46:00","slug":"encordoamento-rouxinol-cavaco-r-32","status":"publish","type":"product","link":"https:\/\/doremimusical.com.br\/2019\/produto\/encordoamento-rouxinol-cavaco-r-32\/","title":{"rendered":"Encordoamento Rouxinol Cavaco R-32"},"content":{"rendered":"<table border=\"0\" width=\"640\" cellspacing=\"0\" cellpadding=\"0\">\n<tbody>\n<tr>\n<td class=\"text13\">Primas: A\u00e7o Inoxid\u00e1vel<br \/>\nBord\u00f5es: Alma em a\u00e7o carbono estanhado, encapada com n\u00edquel<\/td>\n<\/tr>\n<tr>\n<td><\/td>\n<\/tr>\n<tr>\n<td>\n<table border=\"0\" width=\"500\" cellspacing=\"0\" cellpadding=\"0\">\n<tbody>\n<tr>\n<td align=\"center\" width=\"165\" height=\"20\"><span class=\"text12\">1\u00aa R\u00c9 (D)<\/span><\/td>\n<td align=\"center\" width=\"125\"><span class=\"text12\">Prata<\/span><\/td>\n<td align=\"center\" width=\"210\"><span class=\"text12\">.010&#8243; (0,25mm)<\/span><\/td>\n<\/tr>\n<tr>\n<td align=\"center\" height=\"20\"><span class=\"text12\">2\u00aa SI (B)<\/span><\/td>\n<td align=\"center\"><span class=\"text12\">Roxa<\/span><\/td>\n<td align=\"center\"><span class=\"text12\">.012&#8243; (0,30mm)<\/span><\/td>\n<\/tr>\n<tr>\n<td align=\"center\" height=\"20\"><span class=\"text12\">3\u00aa SOL (G)<\/span><\/td>\n<td align=\"center\"><span class=\"text12\">Verde<\/span><\/td>\n<td align=\"center\"><span class=\"text12\">.018&#8243; (0,46mm)<\/span><\/td>\n<\/tr>\n<tr>\n<td align=\"center\" height=\"20\"><span class=\"text12\">4\u00aa R\u00c9 (D)<\/span><\/td>\n<td align=\"center\"><span class=\"text12\">Preta<\/span><\/td>\n<td align=\"center\"><span class=\"text12\">.024&#8243; (0,62mm)<\/span><\/td>\n<\/tr>\n<\/tbody>\n<\/table>\n<\/td>\n<\/tr>\n<\/tbody>\n<\/table>\n","protected":false},"excerpt":{"rendered":"<p><img loading=\"lazy\" class=\"alignnone size-full wp-image-214571\" src=\"https:\/\/doremimusical.com.br\/2019\/wp-content\/uploads\/2019\/12\/rouzinol.png\" alt=\"\" width=\"150\" height=\"38\" \/><\/p>\n","protected":false},"featured_media":214581,"template":"","meta":{"_et_pb_use_builder":"","_et_pb_old_content":"","_et_gb_content_width":""},"product_cat":[79,82,511,332,284,502],"product_tag":[],"_links":{"self":[{"href":"https:\/\/doremimusical.com.br\/2019\/wp-json\/wp\/v2\/product\/214580"}],"collection":[{"href":"https:\/\/doremimusical.com.br\/2019\/wp-json\/wp\/v2\/product"}],"about":[{"href":"https:\/\/doremimusical.com.br\/2019\/wp-json\/wp\/v2\/types\/product"}],"wp:featuredmedia":[{"embeddable":true,"href":"https:\/\/doremimusical.com.br\/2019\/wp-json\/wp\/v2\/media\/214581"}],"wp:attachment":[{"href":"https:\/\/doremimusical.com.br\/2019\/wp-json\/wp\/v2\/media?parent=214580"}],"wp:term":[{"taxonomy":"product_cat","embeddable":true,"href":"https:\/\/doremimusical.com.br\/2019\/wp-json\/wp\/v2\/product_cat?post=214580"},{"taxonomy":"product_tag","embeddable":true,"href":"https:\/\/doremimusical.com.br\/2019\/wp-json\/wp\/v2\/product_tag?post=214580"}],"curies":[{"name":"wp","href":"https:\/\/api.w.org\/{rel}","templated":true}]}}