{"id":214572,"date":"2019-12-27T16:41:50","date_gmt":"2019-12-27T16:41:50","guid":{"rendered":"https:\/\/doremimusical.com.br\/2019\/?post_type=product&#038;p=214572"},"modified":"2019-12-27T16:41:50","modified_gmt":"2019-12-27T16:41:50","slug":"encordoamento-rouxinol-guitarra-010","status":"publish","type":"product","link":"https:\/\/doremimusical.com.br\/2019\/produto\/encordoamento-rouxinol-guitarra-010\/","title":{"rendered":"Encordoamento Rouxinol Guitarra 010"},"content":{"rendered":"<table border=\"0\" width=\"640\" cellspacing=\"0\" cellpadding=\"0\">\n<tbody>\n<tr>\n<td class=\"text13\">Primas: A\u00e7o inoxid\u00e1vel<br \/>\nBord\u00f5es: Alma de a\u00e7o carbono estanhado, encapado com n\u00edquel<\/td>\n<\/tr>\n<tr>\n<td><\/td>\n<\/tr>\n<tr>\n<td>\n<table border=\"0\" width=\"500\" cellspacing=\"0\" cellpadding=\"0\">\n<tbody>\n<tr>\n<td align=\"center\" width=\"147\" height=\"20\"><span class=\"text12\">1\u00aa MI (E)<\/span><\/td>\n<td align=\"center\" width=\"143\"><span class=\"text12\">Prata<\/span><\/td>\n<td align=\"center\" width=\"210\"><span class=\"text12\">.010&#8243; (0,26mm)<\/span><\/td>\n<\/tr>\n<tr>\n<td align=\"center\" height=\"20\"><span class=\"text12\">2\u00aa SI (B)<\/span><\/td>\n<td class=\"text12\" align=\"center\">Roxa<\/td>\n<td align=\"center\"><span class=\"text12\">.013&#8243; (0,33mm)<\/span><\/td>\n<\/tr>\n<tr>\n<td align=\"center\" height=\"20\"><span class=\"text12\">3\u00aa SOL (G)<\/span><\/td>\n<td class=\"text12\" align=\"center\">Verde<\/td>\n<td align=\"center\"><span class=\"text12\">.017&#8243; (0,43mm)<\/span><\/td>\n<\/tr>\n<tr>\n<td align=\"center\" height=\"20\"><span class=\"text12\">4\u00aa R\u00c9 (D)<\/span><\/td>\n<td align=\"center\"><span class=\"text12\">Preta<\/span><\/td>\n<td align=\"center\"><span class=\"text12\">.026&#8243; (0,66mm)<\/span><\/td>\n<\/tr>\n<tr>\n<td align=\"center\" height=\"20\"><span class=\"text12\">5\u00aa L\u00c1(A)<\/span><\/td>\n<td align=\"center\"><span class=\"text12\">Vermelha<\/span><\/td>\n<td align=\"center\"><span class=\"text12\">.036&#8243; (0,92mm)<\/span><\/td>\n<\/tr>\n<tr>\n<td align=\"center\" height=\"20\"><span class=\"text12\">6\u00aa MI (E)<\/span><\/td>\n<td align=\"center\"><span class=\"text12\">Dourada<\/span><\/td>\n<td align=\"center\"><span class=\"text12\">.046&#8243; (1,17mm)<\/span><\/td>\n<\/tr>\n<\/tbody>\n<\/table>\n<\/td>\n<\/tr>\n<\/tbody>\n<\/table>\n","protected":false},"excerpt":{"rendered":"<p><img loading=\"lazy\" class=\"alignnone size-full wp-image-214571\" src=\"https:\/\/doremimusical.com.br\/2019\/wp-content\/uploads\/2019\/12\/rouzinol.png\" alt=\"\" width=\"150\" height=\"38\" \/><\/p>\n","protected":false},"featured_media":214573,"template":"","meta":{"_et_pb_use_builder":"","_et_pb_old_content":"","_et_gb_content_width":""},"product_cat":[79,82,332,284,504,502],"product_tag":[],"_links":{"self":[{"href":"https:\/\/doremimusical.com.br\/2019\/wp-json\/wp\/v2\/product\/214572"}],"collection":[{"href":"https:\/\/doremimusical.com.br\/2019\/wp-json\/wp\/v2\/product"}],"about":[{"href":"https:\/\/doremimusical.com.br\/2019\/wp-json\/wp\/v2\/types\/product"}],"wp:featuredmedia":[{"embeddable":true,"href":"https:\/\/doremimusical.com.br\/2019\/wp-json\/wp\/v2\/media\/214573"}],"wp:attachment":[{"href":"https:\/\/doremimusical.com.br\/2019\/wp-json\/wp\/v2\/media?parent=214572"}],"wp:term":[{"taxonomy":"product_cat","embeddable":true,"href":"https:\/\/doremimusical.com.br\/2019\/wp-json\/wp\/v2\/product_cat?post=214572"},{"taxonomy":"product_tag","embeddable":true,"href":"https:\/\/doremimusical.com.br\/2019\/wp-json\/wp\/v2\/product_tag?post=214572"}],"curies":[{"name":"wp","href":"https:\/\/api.w.org\/{rel}","templated":true}]}}