{"id":214547,"date":"2019-12-19T16:57:32","date_gmt":"2019-12-19T16:57:32","guid":{"rendered":"https:\/\/doremimusical.com.br\/2019\/?post_type=product&#038;p=214547"},"modified":"2019-12-19T16:57:32","modified_gmt":"2019-12-19T16:57:32","slug":"encordoamento-nig-violao-nylon-cristal-tenao-media","status":"publish","type":"product","link":"https:\/\/doremimusical.com.br\/2019\/produto\/encordoamento-nig-violao-nylon-cristal-tenao-media\/","title":{"rendered":"Encordoamento Nig Viol\u00e3o Nylon Cristal Ten\u00e3o M\u00e9dia"},"content":{"rendered":"<div class=\"span4\">\n<div class=\"produtos\">\n<p>MEDIDAS:\u00a0028&#8243;\/.043&#8243;<br \/>\nTENS\u00c3O M\u00c9DIA<br \/>\nACABAMENTO COM BOLINHA<br \/>\n4\u00aa (R\u00c9) EXTRA<\/p>\n<\/div>\n<\/div>\n<div class=\"span4\">\n<table class=\"table\">\n<tbody>\n<tr>\n<th colspan=\"3\">CONT\u00c9M 6 CORDAS + 1 R\u00c9 EXTRA<\/th>\n<\/tr>\n<tr>\n<td>prata<\/td>\n<td>MI(E)<\/td>\n<td>.028&#8243; (0,71mm)<\/td>\n<\/tr>\n<tr>\n<td>roxa<\/td>\n<td>SI(B)<\/td>\n<td>.032&#8243; (0,81mm)<\/td>\n<\/tr>\n<tr>\n<td>verde<\/td>\n<td>SOL(G)<\/td>\n<td>.040&#8243; (1,02mm)<\/td>\n<\/tr>\n<tr>\n<td>preta<\/td>\n<td>R\u00c9(D)<\/td>\n<td>.029&#8243; (0,74mm)<\/td>\n<\/tr>\n<tr>\n<td>vermelha<\/td>\n<td>L\u00c1(A)<\/td>\n<td>.035&#8243; (0,89mm)<\/td>\n<\/tr>\n<tr>\n<td>dourada<\/td>\n<td>MI(E)<\/td>\n<td>.043&#8243; (1,09mm)<\/td>\n<\/tr>\n<\/tbody>\n<\/table>\n<\/div>\n","protected":false},"excerpt":{"rendered":"<p><img loading=\"lazy\" class=\"alignnone size-full wp-image-214510\" src=\"https:\/\/doremimusical.com.br\/2019\/wp-content\/uploads\/2019\/12\/NIg.png\" alt=\"\" width=\"136\" height=\"69\" \/><\/p>\n","protected":false},"featured_media":214548,"template":"","meta":{"_et_pb_use_builder":"","_et_pb_old_content":"","_et_gb_content_width":""},"product_cat":[79,82,332,284,507,502,505],"product_tag":[],"_links":{"self":[{"href":"https:\/\/doremimusical.com.br\/2019\/wp-json\/wp\/v2\/product\/214547"}],"collection":[{"href":"https:\/\/doremimusical.com.br\/2019\/wp-json\/wp\/v2\/product"}],"about":[{"href":"https:\/\/doremimusical.com.br\/2019\/wp-json\/wp\/v2\/types\/product"}],"wp:featuredmedia":[{"embeddable":true,"href":"https:\/\/doremimusical.com.br\/2019\/wp-json\/wp\/v2\/media\/214548"}],"wp:attachment":[{"href":"https:\/\/doremimusical.com.br\/2019\/wp-json\/wp\/v2\/media?parent=214547"}],"wp:term":[{"taxonomy":"product_cat","embeddable":true,"href":"https:\/\/doremimusical.com.br\/2019\/wp-json\/wp\/v2\/product_cat?post=214547"},{"taxonomy":"product_tag","embeddable":true,"href":"https:\/\/doremimusical.com.br\/2019\/wp-json\/wp\/v2\/product_tag?post=214547"}],"curies":[{"name":"wp","href":"https:\/\/api.w.org\/{rel}","templated":true}]}}