{"id":214453,"date":"2019-12-12T22:05:43","date_gmt":"2019-12-12T22:05:43","guid":{"rendered":"https:\/\/doremimusical.com.br\/2019\/?post_type=product&#038;p=214453"},"modified":"2019-12-12T22:05:44","modified_gmt":"2019-12-12T22:05:44","slug":"encordoamento-giannini-canario-viola-caipira-com-bolinha","status":"publish","type":"product","link":"https:\/\/doremimusical.com.br\/2019\/produto\/encordoamento-giannini-canario-viola-caipira-com-bolinha\/","title":{"rendered":"Encordoamento Giannini Can\u00e1rio Viola Caipira Com Bolinha"},"content":{"rendered":"<p><strong>Fabrica\u00e7\u00e3o:\u00a0<\/strong>Brasil<br \/>\n<strong>Alma:\u00a0<\/strong>A\u00e7o<br \/>\n<strong>Revestimento:\u00a0<\/strong>Cobre Prateado<br \/>\n<strong>Acabamento:\u00a0<\/strong>Chenilha<br \/>\n<strong>Comprimento de escala:\u00a0<\/strong>584 mm \/ 23&#8243;<\/p>\n","protected":false},"excerpt":{"rendered":"<p><img loading=\"lazy\" class=\"alignnone size-full wp-image-214352\" src=\"https:\/\/doremimusical.com.br\/2019\/wp-content\/uploads\/2019\/12\/Giannini.png\" alt=\"\" width=\"249\" height=\"48\" srcset=\"https:\/\/doremimusical.com.br\/2019\/wp-content\/uploads\/2019\/12\/Giannini.png 249w, https:\/\/doremimusical.com.br\/2019\/wp-content\/uploads\/2019\/12\/Giannini-150x29.png 150w\" sizes=\"(max-width: 249px) 100vw, 249px\" \/><\/p>\n","protected":false},"featured_media":214454,"template":"","meta":{"_et_pb_use_builder":"","_et_pb_old_content":"","_et_gb_content_width":""},"product_cat":[79,82,332,284,491,497],"product_tag":[],"_links":{"self":[{"href":"https:\/\/doremimusical.com.br\/2019\/wp-json\/wp\/v2\/product\/214453"}],"collection":[{"href":"https:\/\/doremimusical.com.br\/2019\/wp-json\/wp\/v2\/product"}],"about":[{"href":"https:\/\/doremimusical.com.br\/2019\/wp-json\/wp\/v2\/types\/product"}],"wp:featuredmedia":[{"embeddable":true,"href":"https:\/\/doremimusical.com.br\/2019\/wp-json\/wp\/v2\/media\/214454"}],"wp:attachment":[{"href":"https:\/\/doremimusical.com.br\/2019\/wp-json\/wp\/v2\/media?parent=214453"}],"wp:term":[{"taxonomy":"product_cat","embeddable":true,"href":"https:\/\/doremimusical.com.br\/2019\/wp-json\/wp\/v2\/product_cat?post=214453"},{"taxonomy":"product_tag","embeddable":true,"href":"https:\/\/doremimusical.com.br\/2019\/wp-json\/wp\/v2\/product_tag?post=214453"}],"curies":[{"name":"wp","href":"https:\/\/api.w.org\/{rel}","templated":true}]}}