{"id":214429,"date":"2019-12-12T21:06:19","date_gmt":"2019-12-12T21:06:19","guid":{"rendered":"https:\/\/doremimusical.com.br\/2019\/?post_type=product&#038;p=214429"},"modified":"2019-12-12T21:16:04","modified_gmt":"2019-12-12T21:16:04","slug":"encordoamento-giannini-viola-cebolao-em-re-natural-cana-verde-paraguacu-cobre-prateado","status":"publish","type":"product","link":"https:\/\/doremimusical.com.br\/2019\/produto\/encordoamento-giannini-viola-cebolao-em-re-natural-cana-verde-paraguacu-cobre-prateado\/","title":{"rendered":"Encordoamento Giannini Cobra Viola Cebol\u00e3o em R\u00e9 &#8211; Natural &#8211; Cana Verde &#8211; Paragua\u00e7u Cobre Prateado"},"content":{"rendered":"<p><strong>Fabrica\u00e7\u00e3o:\u00a0<\/strong>Brasil<br \/>\n<strong>Alma:\u00a0<\/strong>A\u00e7o<br \/>\n<strong>Revestimento:\u00a0<\/strong>Cobre Prateado<br \/>\n<strong>Acabamento:\u00a0<\/strong>Bolinha<br \/>\n<strong>Comprimento de escala:\u00a0<\/strong>584 mm \/ 23&#8243;<\/p>\n<div>\n<div id=\"divBit\" class=\"fl di ov\">\n<div class=\"barra\" align=\"center\"><strong class=\"barra\">TABELA DE BITOLAS<\/strong><\/div>\n<div class=\"barras\" align=\"center\">\n<table class=\"txt-institucionals\" style=\"height: 5px;\" border=\"0\" width=\"565\" cellspacing=\"0\" cellpadding=\"0\" align=\"center\">\n<tbody>\n<tr class=\"barra2s\">\n<td width=\"25\"><\/td>\n<td align=\"center\" width=\"40\" height=\"20\"><\/td>\n<td align=\"center\">1.1<\/td>\n<td align=\"center\">2.2<\/td>\n<td align=\"center\">3.3<\/td>\n<td align=\"center\">4.4<\/td>\n<td align=\"center\">5.5<\/td>\n<\/tr>\n<tr>\n<td rowspan=\"2\" align=\"center\">A<\/td>\n<td align=\"center\" height=\"20\">inch.<\/td>\n<td align=\"center\">0.011<\/td>\n<td align=\"center\">0.014<\/td>\n<td align=\"center\">0.009<\/td>\n<td align=\"center\">0.011<\/td>\n<td align=\"center\">0.014<\/td>\n<\/tr>\n<tr>\n<td align=\"center\" height=\"20\">mm.<\/td>\n<td align=\"center\">0.28<\/td>\n<td align=\"center\">0.36<\/td>\n<td align=\"center\">0.23<\/td>\n<td align=\"center\">0.28<\/td>\n<td align=\"center\">0.36<\/td>\n<\/tr>\n<tr>\n<td rowspan=\"2\" align=\"center\">B<\/td>\n<td align=\"center\" height=\"20\">inch.<\/td>\n<td align=\"center\">0.011<\/td>\n<td align=\"center\">0.014<\/td>\n<td align=\"center\">0.020<\/td>\n<td align=\"center\">0.024<\/td>\n<td align=\"center\">0.034<\/td>\n<\/tr>\n<tr>\n<td align=\"center\" height=\"20\">mm.<\/td>\n<td align=\"center\">0.28<\/td>\n<td align=\"center\">0.36<\/td>\n<td align=\"center\">0.51<\/td>\n<td align=\"center\">0.61<\/td>\n<td align=\"center\">0.86<\/td>\n<\/tr>\n<\/tbody>\n<\/table>\n<\/div>\n<\/div>\n<\/div>\n","protected":false},"excerpt":{"rendered":"<p><img loading=\"lazy\" class=\"alignnone size-full wp-image-214352\" src=\"https:\/\/doremimusical.com.br\/2019\/wp-content\/uploads\/2019\/12\/Giannini.png\" alt=\"\" width=\"249\" height=\"48\" srcset=\"https:\/\/doremimusical.com.br\/2019\/wp-content\/uploads\/2019\/12\/Giannini.png 249w, https:\/\/doremimusical.com.br\/2019\/wp-content\/uploads\/2019\/12\/Giannini-150x29.png 150w\" sizes=\"(max-width: 249px) 100vw, 249px\" \/><\/p>\n","protected":false},"featured_media":214430,"template":"","meta":{"_et_pb_use_builder":"","_et_pb_old_content":"","_et_gb_content_width":""},"product_cat":[79,82,332,284,491,497],"product_tag":[],"_links":{"self":[{"href":"https:\/\/doremimusical.com.br\/2019\/wp-json\/wp\/v2\/product\/214429"}],"collection":[{"href":"https:\/\/doremimusical.com.br\/2019\/wp-json\/wp\/v2\/product"}],"about":[{"href":"https:\/\/doremimusical.com.br\/2019\/wp-json\/wp\/v2\/types\/product"}],"wp:featuredmedia":[{"embeddable":true,"href":"https:\/\/doremimusical.com.br\/2019\/wp-json\/wp\/v2\/media\/214430"}],"wp:attachment":[{"href":"https:\/\/doremimusical.com.br\/2019\/wp-json\/wp\/v2\/media?parent=214429"}],"wp:term":[{"taxonomy":"product_cat","embeddable":true,"href":"https:\/\/doremimusical.com.br\/2019\/wp-json\/wp\/v2\/product_cat?post=214429"},{"taxonomy":"product_tag","embeddable":true,"href":"https:\/\/doremimusical.com.br\/2019\/wp-json\/wp\/v2\/product_tag?post=214429"}],"curies":[{"name":"wp","href":"https:\/\/api.w.org\/{rel}","templated":true}]}}