{"id":214416,"date":"2019-12-12T20:18:09","date_gmt":"2019-12-12T20:18:09","guid":{"rendered":"https:\/\/doremimusical.com.br\/2019\/?post_type=product&#038;p=214416"},"modified":"2019-12-12T20:18:09","modified_gmt":"2019-12-12T20:18:09","slug":"encordoamento-giannini-acustica-violao-aco-010","status":"publish","type":"product","link":"https:\/\/doremimusical.com.br\/2019\/produto\/encordoamento-giannini-acustica-violao-aco-010\/","title":{"rendered":"Encordoamento Giannini Ac\u00fastica Viol\u00e3o A\u00e7o 010"},"content":{"rendered":"<p><strong>Fabrica\u00e7\u00e3o:\u00a0<\/strong>Brasil<br \/>\n<strong>Alma:\u00a0<\/strong>A\u00e7o<br \/>\n<strong>Revestimento:\u00a0<\/strong>Bronze 65\/35<br \/>\n<strong>Acabamento:\u00a0<\/strong>Bolinha<br \/>\n<strong>Comprimento de escala:\u00a0<\/strong>648 mm \/ 25 1\/2&#8243;<\/p>\n<div>\n<div id=\"divBit\" class=\"fl di ov\">\n<div class=\"barra\" align=\"center\"><strong class=\"barra\">TABELA DE BITOLAS<\/strong><\/div>\n<div class=\"barras\" align=\"center\">\n<table class=\"txt-institucionals\" style=\"height: 5px;\" border=\"0\" width=\"490\" cellspacing=\"0\" cellpadding=\"0\" align=\"center\">\n<tbody>\n<tr class=\"barra2s\">\n<td align=\"center\" width=\"40\" height=\"20\"><\/td>\n<td align=\"center\">1.E<\/td>\n<td align=\"center\">2.B<\/td>\n<td align=\"center\">3.G<\/td>\n<td align=\"center\">4.D<\/td>\n<td align=\"center\">5.A<\/td>\n<td align=\"center\">6.E<\/td>\n<\/tr>\n<tr>\n<td align=\"center\" height=\"20\">inch.<\/td>\n<td align=\"center\">0.010<\/td>\n<td align=\"center\">0.014<\/td>\n<td align=\"center\">0.022<\/td>\n<td align=\"center\">0.030<\/td>\n<td align=\"center\">0.040<\/td>\n<td align=\"center\">0.050<\/td>\n<\/tr>\n<tr>\n<td align=\"center\" height=\"20\">mm.<\/td>\n<td align=\"center\">0.25<\/td>\n<td align=\"center\">0.36<\/td>\n<td align=\"center\">0.56<\/td>\n<td align=\"center\">0.76<\/td>\n<td align=\"center\">1.02<\/td>\n<td align=\"center\">1.27<\/td>\n<\/tr>\n<\/tbody>\n<\/table>\n<\/div>\n<\/div>\n<\/div>\n","protected":false},"excerpt":{"rendered":"<p><img loading=\"lazy\" class=\"alignnone size-full wp-image-214352\" src=\"https:\/\/doremimusical.com.br\/2019\/wp-content\/uploads\/2019\/12\/Giannini.png\" alt=\"\" width=\"249\" height=\"48\" srcset=\"https:\/\/doremimusical.com.br\/2019\/wp-content\/uploads\/2019\/12\/Giannini.png 249w, https:\/\/doremimusical.com.br\/2019\/wp-content\/uploads\/2019\/12\/Giannini-150x29.png 150w\" sizes=\"(max-width: 249px) 100vw, 249px\" \/><\/p>\n","protected":false},"featured_media":214417,"template":"","meta":{"_et_pb_use_builder":"","_et_pb_old_content":"","_et_gb_content_width":""},"product_cat":[79,82,332,284,491,496],"product_tag":[],"_links":{"self":[{"href":"https:\/\/doremimusical.com.br\/2019\/wp-json\/wp\/v2\/product\/214416"}],"collection":[{"href":"https:\/\/doremimusical.com.br\/2019\/wp-json\/wp\/v2\/product"}],"about":[{"href":"https:\/\/doremimusical.com.br\/2019\/wp-json\/wp\/v2\/types\/product"}],"wp:featuredmedia":[{"embeddable":true,"href":"https:\/\/doremimusical.com.br\/2019\/wp-json\/wp\/v2\/media\/214417"}],"wp:attachment":[{"href":"https:\/\/doremimusical.com.br\/2019\/wp-json\/wp\/v2\/media?parent=214416"}],"wp:term":[{"taxonomy":"product_cat","embeddable":true,"href":"https:\/\/doremimusical.com.br\/2019\/wp-json\/wp\/v2\/product_cat?post=214416"},{"taxonomy":"product_tag","embeddable":true,"href":"https:\/\/doremimusical.com.br\/2019\/wp-json\/wp\/v2\/product_tag?post=214416"}],"curies":[{"name":"wp","href":"https:\/\/api.w.org\/{rel}","templated":true}]}}