{"id":214288,"date":"2019-12-10T18:35:53","date_gmt":"2019-12-10T18:35:53","guid":{"rendered":"https:\/\/doremimusical.com.br\/2019\/?post_type=product&#038;p=214288"},"modified":"2019-12-10T18:36:40","modified_gmt":"2019-12-10T18:36:40","slug":"anti-feedback-dolphin-redutor-de-microfonia-para-violao-nylon","status":"publish","type":"product","link":"https:\/\/doremimusical.com.br\/2019\/produto\/anti-feedback-dolphin-redutor-de-microfonia-para-violao-nylon\/","title":{"rendered":"Anti Feedback Dolphin Redutor de Microfonia para Viol\u00e3o Nylon"},"content":{"rendered":"<p>A marca Dolphin \u00e9 possui uma das maiores linhas de produtos de instrumentos musicais do mercado nacional. O Anti Feedback Dolphin resolve o excesso de realimenta\u00e7\u00e3o sonora nos instrumentos ac\u00fasticos. Teste e surpreenda-se.<\/p>\n<p>\u2022 Modelo: Viol\u00e3o Nylon Redondo<br \/>\n\u2022 Cor: Preto<\/p>\n","protected":false},"excerpt":{"rendered":"<p><img loading=\"lazy\" class=\"alignnone size-full wp-image-212477\" src=\"https:\/\/doremimusical.com.br\/2019\/wp-content\/uploads\/2019\/10\/Dolphin.png\" alt=\"\" width=\"180\" height=\"60\" srcset=\"https:\/\/doremimusical.com.br\/2019\/wp-content\/uploads\/2019\/10\/Dolphin.png 180w, https:\/\/doremimusical.com.br\/2019\/wp-content\/uploads\/2019\/10\/Dolphin-150x50.png 150w\" sizes=\"(max-width: 180px) 100vw, 180px\" \/><\/p>\n","protected":false},"featured_media":212578,"template":"","meta":{"_et_pb_use_builder":"","_et_pb_old_content":"","_et_gb_content_width":""},"product_cat":[79,82,251,253],"product_tag":[],"_links":{"self":[{"href":"https:\/\/doremimusical.com.br\/2019\/wp-json\/wp\/v2\/product\/214288"}],"collection":[{"href":"https:\/\/doremimusical.com.br\/2019\/wp-json\/wp\/v2\/product"}],"about":[{"href":"https:\/\/doremimusical.com.br\/2019\/wp-json\/wp\/v2\/types\/product"}],"wp:featuredmedia":[{"embeddable":true,"href":"https:\/\/doremimusical.com.br\/2019\/wp-json\/wp\/v2\/media\/212578"}],"wp:attachment":[{"href":"https:\/\/doremimusical.com.br\/2019\/wp-json\/wp\/v2\/media?parent=214288"}],"wp:term":[{"taxonomy":"product_cat","embeddable":true,"href":"https:\/\/doremimusical.com.br\/2019\/wp-json\/wp\/v2\/product_cat?post=214288"},{"taxonomy":"product_tag","embeddable":true,"href":"https:\/\/doremimusical.com.br\/2019\/wp-json\/wp\/v2\/product_tag?post=214288"}],"curies":[{"name":"wp","href":"https:\/\/api.w.org\/{rel}","templated":true}]}}