{"id":214263,"date":"2019-12-09T19:17:17","date_gmt":"2019-12-09T19:17:17","guid":{"rendered":"https:\/\/doremimusical.com.br\/2019\/?post_type=product&#038;p=214263"},"modified":"2019-12-09T19:17:18","modified_gmt":"2019-12-09T19:17:18","slug":"placa-de-controle-dolphin-cromada-para-jazz-bass","status":"publish","type":"product","link":"https:\/\/doremimusical.com.br\/2019\/produto\/placa-de-controle-dolphin-cromada-para-jazz-bass\/","title":{"rendered":"Placa de Controle Dolphin Cromada para Jazz Bass"},"content":{"rendered":"<p>A marca Dolphin \u00e9 possui uma das maiores linhas de produtos de instrumentos musicais do mercado nacional. Instrumentos de sopro, cordas, percuss\u00e3o, bateria, acess\u00f3rios e muito mais. Tradicional e reconhecida por sua qualidade, design e \u00f3timos pre\u00e7os. Hoje a Dolphin faz parte da hist\u00f3ria da m\u00fasica no Brasil, pois m\u00fasicos iniciantes e profissionais j\u00e1 tiveram ou ainda ter\u00e3o um instrumento ou acess\u00f3rio Dolphin.<\/p>\n<p>\u2022 Material: Lat\u00e3o<br \/>\n\u2022 Cor: Cromado<\/p>\n","protected":false},"excerpt":{"rendered":"<p><img loading=\"lazy\" class=\"alignnone size-full wp-image-212477\" src=\"https:\/\/doremimusical.com.br\/2019\/wp-content\/uploads\/2019\/10\/Dolphin.png\" alt=\"\" width=\"180\" height=\"60\" srcset=\"https:\/\/doremimusical.com.br\/2019\/wp-content\/uploads\/2019\/10\/Dolphin.png 180w, https:\/\/doremimusical.com.br\/2019\/wp-content\/uploads\/2019\/10\/Dolphin-150x50.png 150w\" sizes=\"(max-width: 180px) 100vw, 180px\" \/><\/p>\n","protected":false},"featured_media":214264,"template":"","meta":{"_et_pb_use_builder":"","_et_pb_old_content":"","_et_gb_content_width":""},"product_cat":[79,82,332,480,479],"product_tag":[],"_links":{"self":[{"href":"https:\/\/doremimusical.com.br\/2019\/wp-json\/wp\/v2\/product\/214263"}],"collection":[{"href":"https:\/\/doremimusical.com.br\/2019\/wp-json\/wp\/v2\/product"}],"about":[{"href":"https:\/\/doremimusical.com.br\/2019\/wp-json\/wp\/v2\/types\/product"}],"wp:featuredmedia":[{"embeddable":true,"href":"https:\/\/doremimusical.com.br\/2019\/wp-json\/wp\/v2\/media\/214264"}],"wp:attachment":[{"href":"https:\/\/doremimusical.com.br\/2019\/wp-json\/wp\/v2\/media?parent=214263"}],"wp:term":[{"taxonomy":"product_cat","embeddable":true,"href":"https:\/\/doremimusical.com.br\/2019\/wp-json\/wp\/v2\/product_cat?post=214263"},{"taxonomy":"product_tag","embeddable":true,"href":"https:\/\/doremimusical.com.br\/2019\/wp-json\/wp\/v2\/product_tag?post=214263"}],"curies":[{"name":"wp","href":"https:\/\/api.w.org\/{rel}","templated":true}]}}