{"id":214261,"date":"2019-12-09T18:59:23","date_gmt":"2019-12-09T18:59:23","guid":{"rendered":"https:\/\/doremimusical.com.br\/2019\/?post_type=product&#038;p=214261"},"modified":"2019-12-09T18:59:24","modified_gmt":"2019-12-09T18:59:24","slug":"diapasao-dolphin-de-sopro-cromatico-em-latao-com-13-notas","status":"publish","type":"product","link":"https:\/\/doremimusical.com.br\/2019\/produto\/diapasao-dolphin-de-sopro-cromatico-em-latao-com-13-notas\/","title":{"rendered":"Diapas\u00e3o Dolphin de Sopro Crom\u00e1tico em Lat\u00e3o com 13 Notas"},"content":{"rendered":"<p>Os acess\u00f3rios Dolphin contam com uma das maiores linhas de produtos para que seu instrumento esteja sempre pronto para ser tocado. Diapas\u00e3o crom\u00e1tico de sopro para todos os instrumentos apresenta treze palhetas em lat\u00e3o frequ\u00eancia L\u00e1=440.<\/p>\n<p>\u2022 Palhetas: Treze<br \/>\n\u2022 Palhetas: Lat\u00e3o<br \/>\n\u2022 Frequ\u00eancia A440<\/p>\n","protected":false},"excerpt":{"rendered":"<p><img loading=\"lazy\" class=\"alignnone size-full wp-image-212477\" src=\"https:\/\/doremimusical.com.br\/2019\/wp-content\/uploads\/2019\/10\/Dolphin.png\" alt=\"\" width=\"180\" height=\"60\" srcset=\"https:\/\/doremimusical.com.br\/2019\/wp-content\/uploads\/2019\/10\/Dolphin.png 180w, https:\/\/doremimusical.com.br\/2019\/wp-content\/uploads\/2019\/10\/Dolphin-150x50.png 150w\" sizes=\"(max-width: 180px) 100vw, 180px\" \/><\/p>\n","protected":false},"featured_media":214262,"template":"","meta":{"_et_pb_use_builder":"","_et_pb_old_content":"","_et_gb_content_width":""},"product_cat":[79,82,83,478],"product_tag":[],"_links":{"self":[{"href":"https:\/\/doremimusical.com.br\/2019\/wp-json\/wp\/v2\/product\/214261"}],"collection":[{"href":"https:\/\/doremimusical.com.br\/2019\/wp-json\/wp\/v2\/product"}],"about":[{"href":"https:\/\/doremimusical.com.br\/2019\/wp-json\/wp\/v2\/types\/product"}],"wp:featuredmedia":[{"embeddable":true,"href":"https:\/\/doremimusical.com.br\/2019\/wp-json\/wp\/v2\/media\/214262"}],"wp:attachment":[{"href":"https:\/\/doremimusical.com.br\/2019\/wp-json\/wp\/v2\/media?parent=214261"}],"wp:term":[{"taxonomy":"product_cat","embeddable":true,"href":"https:\/\/doremimusical.com.br\/2019\/wp-json\/wp\/v2\/product_cat?post=214261"},{"taxonomy":"product_tag","embeddable":true,"href":"https:\/\/doremimusical.com.br\/2019\/wp-json\/wp\/v2\/product_tag?post=214261"}],"curies":[{"name":"wp","href":"https:\/\/api.w.org\/{rel}","templated":true}]}}