{"id":214260,"date":"2019-12-09T18:52:05","date_gmt":"2019-12-09T18:52:05","guid":{"rendered":"https:\/\/doremimusical.com.br\/2019\/?post_type=product&#038;p=214260"},"modified":"2020-08-20T00:41:52","modified_gmt":"2020-08-20T00:41:52","slug":"diapasao-dolphin-de-sopro-em-latao-com-6-notas-para-guitarra","status":"publish","type":"product","link":"https:\/\/doremimusical.com.br\/2019\/produto\/diapasao-dolphin-de-sopro-em-latao-com-6-notas-para-guitarra\/","title":{"rendered":"Diapas\u00e3o Dolphin de Sopro em Lat\u00e3o com 6 Notas para Guitarra"},"content":{"rendered":"<p>Os acess\u00f3rios Dolphin contam com uma das maiores linhas de produtos para que seu instrumento esteja sempre pronto para ser tocado. Diapas\u00e3o de sopro para guitarra apresenta seis sopradores com palhetas em lat\u00e3o afinados na frequ\u00eancia L\u00e1=440.<\/p>\n<p>\u2022 Sopradores: Seis<br \/>\n\u2022 Palhetas: Lat\u00e3o<br \/>\n\u2022 Frequ\u00eancia A440<\/p>\n","protected":false},"excerpt":{"rendered":"<p>Os acess\u00f3rios Dolphin contam com uma das maiores linhas de produtos para que seu instrumento esteja sempre pronto para ser tocado. Diapas\u00e3o de sopro para guitarra apresenta seis sopradores com palhetas em lat\u00e3o afinados na frequ\u00eancia L\u00e1=440. \u2022 Sopradores: Seis \u2022 Palhetas: Lat\u00e3o \u2022 Frequ\u00eancia A440<\/p>\n","protected":false},"featured_media":215490,"template":"","meta":{"_et_pb_use_builder":"","_et_pb_old_content":"","_et_gb_content_width":""},"product_cat":[79,82,83,478],"product_tag":[],"_links":{"self":[{"href":"https:\/\/doremimusical.com.br\/2019\/wp-json\/wp\/v2\/product\/214260"}],"collection":[{"href":"https:\/\/doremimusical.com.br\/2019\/wp-json\/wp\/v2\/product"}],"about":[{"href":"https:\/\/doremimusical.com.br\/2019\/wp-json\/wp\/v2\/types\/product"}],"wp:featuredmedia":[{"embeddable":true,"href":"https:\/\/doremimusical.com.br\/2019\/wp-json\/wp\/v2\/media\/215490"}],"wp:attachment":[{"href":"https:\/\/doremimusical.com.br\/2019\/wp-json\/wp\/v2\/media?parent=214260"}],"wp:term":[{"taxonomy":"product_cat","embeddable":true,"href":"https:\/\/doremimusical.com.br\/2019\/wp-json\/wp\/v2\/product_cat?post=214260"},{"taxonomy":"product_tag","embeddable":true,"href":"https:\/\/doremimusical.com.br\/2019\/wp-json\/wp\/v2\/product_tag?post=214260"}],"curies":[{"name":"wp","href":"https:\/\/api.w.org\/{rel}","templated":true}]}}