{"id":214248,"date":"2019-12-06T17:49:50","date_gmt":"2019-12-06T17:49:50","guid":{"rendered":"https:\/\/doremimusical.com.br\/2019\/?post_type=product&#038;p=214248"},"modified":"2019-12-06T17:49:51","modified_gmt":"2019-12-06T17:49:51","slug":"escudo-dolphin-branco-com-3-camadas-e-parte-eletrica-completa-com-3-captadores-single-coil-para-guitarra-stratocaster","status":"publish","type":"product","link":"https:\/\/doremimusical.com.br\/2019\/produto\/escudo-dolphin-branco-com-3-camadas-e-parte-eletrica-completa-com-3-captadores-single-coil-para-guitarra-stratocaster\/","title":{"rendered":"Escudo Dolphin Branco com 3 Camadas e Parte El\u00e9trica Completa com 3 Captadores Single Coil para Guitarra Stratocaster"},"content":{"rendered":"<p>Os acess\u00f3rios Dolphin contam com uma das maiores linhas de produtos para que seu instrumento esteja sempre pronto para ser tocado. Escudo para guitarra modelo Stratocaster com tr\u00eas captadores single coil cer\u00e2micos, um controle de volume dois de tonalidade e chave de cinco posi\u00e7\u00f5es Acompanha knobs tradicionais pretos.<\/p>\n<p>\u2022 Inclui Parte El\u00e9trica<br \/>\n\u2022 Capitadores: SSS<br \/>\n\u2022 Cor: Branco<br \/>\n\u2022 Camadas: 3<br \/>\n\u2022 Captadores: Tr\u00eas Single Coils Cer\u00e2micos<br \/>\n\u2022 Potenci\u00f4metros de Volume e Dois Tone<br \/>\n\u2022 Chave de Cinco Posi\u00e7\u00f5es<br \/>\n\u2022 Acompanha Knobs<\/p>\n","protected":false},"excerpt":{"rendered":"<p><img loading=\"lazy\" class=\"alignnone size-full wp-image-212477\" src=\"https:\/\/doremimusical.com.br\/2019\/wp-content\/uploads\/2019\/10\/Dolphin.png\" alt=\"\" width=\"180\" height=\"60\" srcset=\"https:\/\/doremimusical.com.br\/2019\/wp-content\/uploads\/2019\/10\/Dolphin.png 180w, https:\/\/doremimusical.com.br\/2019\/wp-content\/uploads\/2019\/10\/Dolphin-150x50.png 150w\" sizes=\"(max-width: 180px) 100vw, 180px\" \/><\/p>\n","protected":false},"featured_media":214249,"template":"","meta":{"_et_pb_use_builder":"","_et_pb_old_content":"","_et_gb_content_width":""},"product_cat":[79,82,332,473,254,259],"product_tag":[],"_links":{"self":[{"href":"https:\/\/doremimusical.com.br\/2019\/wp-json\/wp\/v2\/product\/214248"}],"collection":[{"href":"https:\/\/doremimusical.com.br\/2019\/wp-json\/wp\/v2\/product"}],"about":[{"href":"https:\/\/doremimusical.com.br\/2019\/wp-json\/wp\/v2\/types\/product"}],"wp:featuredmedia":[{"embeddable":true,"href":"https:\/\/doremimusical.com.br\/2019\/wp-json\/wp\/v2\/media\/214249"}],"wp:attachment":[{"href":"https:\/\/doremimusical.com.br\/2019\/wp-json\/wp\/v2\/media?parent=214248"}],"wp:term":[{"taxonomy":"product_cat","embeddable":true,"href":"https:\/\/doremimusical.com.br\/2019\/wp-json\/wp\/v2\/product_cat?post=214248"},{"taxonomy":"product_tag","embeddable":true,"href":"https:\/\/doremimusical.com.br\/2019\/wp-json\/wp\/v2\/product_tag?post=214248"}],"curies":[{"name":"wp","href":"https:\/\/api.w.org\/{rel}","templated":true}]}}