{"id":214240,"date":"2019-12-06T15:11:06","date_gmt":"2019-12-06T15:11:06","guid":{"rendered":"https:\/\/doremimusical.com.br\/2019\/?post_type=product&#038;p=214240"},"modified":"2019-12-06T15:11:07","modified_gmt":"2019-12-06T15:11:07","slug":"knob-dolphin-preto-volume-plastico-para-guitarra-stratocaster","status":"publish","type":"product","link":"https:\/\/doremimusical.com.br\/2019\/produto\/knob-dolphin-preto-volume-plastico-para-guitarra-stratocaster\/","title":{"rendered":"Knob Dolphin Preto Volume Pl\u00e1stico para Guitarra Stratocaster"},"content":{"rendered":"<p>Os acess\u00f3rios Dolphin contam com uma das maiores linhas de produtos para que seu instrumento esteja sempre pronto para ser tocado. Os knobs da Dolphin s\u00e3o confeccionados sob padr\u00f5es internacionais de qualidade e medidas, respeitando o visual do seu instrumento o mais original poss\u00edvel.<\/p>\n<p>\u2022 Para Guitarra Stratocaster<br \/>\n\u2022 Material: Pl\u00e1stico (Volume)<br \/>\n\u2022 Cor: Preto<\/p>\n","protected":false},"excerpt":{"rendered":"<p><img loading=\"lazy\" class=\"alignnone size-full wp-image-212477\" src=\"https:\/\/doremimusical.com.br\/2019\/wp-content\/uploads\/2019\/10\/Dolphin.png\" alt=\"\" width=\"180\" height=\"60\" srcset=\"https:\/\/doremimusical.com.br\/2019\/wp-content\/uploads\/2019\/10\/Dolphin.png 180w, https:\/\/doremimusical.com.br\/2019\/wp-content\/uploads\/2019\/10\/Dolphin-150x50.png 150w\" sizes=\"(max-width: 180px) 100vw, 180px\" \/><\/p>\n","protected":false},"featured_media":214241,"template":"","meta":{"_et_pb_use_builder":"","_et_pb_old_content":"","_et_gb_content_width":""},"product_cat":[79,82,332,472,343],"product_tag":[],"_links":{"self":[{"href":"https:\/\/doremimusical.com.br\/2019\/wp-json\/wp\/v2\/product\/214240"}],"collection":[{"href":"https:\/\/doremimusical.com.br\/2019\/wp-json\/wp\/v2\/product"}],"about":[{"href":"https:\/\/doremimusical.com.br\/2019\/wp-json\/wp\/v2\/types\/product"}],"wp:featuredmedia":[{"embeddable":true,"href":"https:\/\/doremimusical.com.br\/2019\/wp-json\/wp\/v2\/media\/214241"}],"wp:attachment":[{"href":"https:\/\/doremimusical.com.br\/2019\/wp-json\/wp\/v2\/media?parent=214240"}],"wp:term":[{"taxonomy":"product_cat","embeddable":true,"href":"https:\/\/doremimusical.com.br\/2019\/wp-json\/wp\/v2\/product_cat?post=214240"},{"taxonomy":"product_tag","embeddable":true,"href":"https:\/\/doremimusical.com.br\/2019\/wp-json\/wp\/v2\/product_tag?post=214240"}],"curies":[{"name":"wp","href":"https:\/\/api.w.org\/{rel}","templated":true}]}}